{"id":11405,"date":"2025-09-27T16:53:41","date_gmt":"2025-09-27T14:53:41","guid":{"rendered":"https:\/\/grs-chauffailles.com\/?page_id=11405"},"modified":"2026-04-03T19:14:09","modified_gmt":"2026-04-03T17:14:09","slug":"planning-evasions-pedestres","status":"publish","type":"page","link":"https:\/\/grs-chauffailles.com\/index.php\/planning-evasions-pedestres\/","title":{"rendered":"Planning des \u00e9vasions p\u00e9destres"},"content":{"rendered":"\n<figure class=\"wp-block-gallery has-nested-images columns-default is-cropped wp-block-gallery-1 is-layout-flex wp-block-gallery-is-layout-flex\">\n<figure data-wp-context=\"{&quot;imageId&quot;:&quot;69d037fad07ad&quot;}\" data-wp-interactive=\"core\/image\" data-wp-key=\"69d037fad07ad\" class=\"wp-block-image size-full wp-lightbox-container\"><img loading=\"lazy\" decoding=\"async\" width=\"1024\" height=\"576\" data-wp-class--hide=\"state.isContentHidden\" data-wp-class--show=\"state.isContentVisible\" data-wp-init=\"callbacks.setButtonStyles\" data-wp-on--click=\"actions.showLightbox\" data-wp-on--load=\"callbacks.setButtonStyles\" data-wp-on-window--resize=\"callbacks.setButtonStyles\" data-id=\"9856\" src=\"https:\/\/grs-chauffailles.com\/wp-content\/uploads\/2025\/05\/IMG-20250515-WA0000-1.jpg\" alt=\"\" class=\"wp-image-9856\" srcset=\"https:\/\/grs-chauffailles.com\/wp-content\/uploads\/2025\/05\/IMG-20250515-WA0000-1.jpg 1024w, https:\/\/grs-chauffailles.com\/wp-content\/uploads\/2025\/05\/IMG-20250515-WA0000-1-300x169.jpg 300w, https:\/\/grs-chauffailles.com\/wp-content\/uploads\/2025\/05\/IMG-20250515-WA0000-1-768x432.jpg 768w\" sizes=\"auto, (max-width: 1024px) 100vw, 1024px\" \/><button\n\t\t\tclass=\"lightbox-trigger\"\n\t\t\ttype=\"button\"\n\t\t\taria-haspopup=\"dialog\"\n\t\t\taria-label=\"Agrandir\"\n\t\t\tdata-wp-init=\"callbacks.initTriggerButton\"\n\t\t\tdata-wp-on--click=\"actions.showLightbox\"\n\t\t\tdata-wp-style--right=\"state.imageButtonRight\"\n\t\t\tdata-wp-style--top=\"state.imageButtonTop\"\n\t\t>\n\t\t\t<svg xmlns=\"http:\/\/www.w3.org\/2000\/svg\" width=\"12\" height=\"12\" fill=\"none\" viewBox=\"0 0 12 12\">\n\t\t\t\t<path fill=\"#fff\" d=\"M2 0a2 2 0 0 0-2 2v2h1.5V2a.5.5 0 0 1 .5-.5h2V0H2Zm2 10.5H2a.5.5 0 0 1-.5-.5V8H0v2a2 2 0 0 0 2 2h2v-1.5ZM8 12v-1.5h2a.5.5 0 0 0 .5-.5V8H12v2a2 2 0 0 1-2 2H8Zm2-12a2 2 0 0 1 2 2v2h-1.5V2a.5.5 0 0 0-.5-.5H8V0h2Z\" \/>\n\t\t\t<\/svg>\n\t\t<\/button><\/figure>\n\n\n\n<figure data-wp-context=\"{&quot;imageId&quot;:&quot;69d037fad0c2e&quot;}\" data-wp-interactive=\"core\/image\" data-wp-key=\"69d037fad0c2e\" class=\"wp-block-image size-large wp-lightbox-container\"><img loading=\"lazy\" decoding=\"async\" width=\"640\" height=\"482\" data-wp-class--hide=\"state.isContentHidden\" data-wp-class--show=\"state.isContentVisible\" data-wp-init=\"callbacks.setButtonStyles\" data-wp-on--click=\"actions.showLightbox\" data-wp-on--load=\"callbacks.setButtonStyles\" data-wp-on-window--resize=\"callbacks.setButtonStyles\" data-id=\"5493\" src=\"https:\/\/grs-chauffailles.com\/wp-content\/uploads\/2024\/11\/2024_10_29_marche_soutenue_03.jpg\" alt=\"\" class=\"wp-image-5493\" srcset=\"https:\/\/grs-chauffailles.com\/wp-content\/uploads\/2024\/11\/2024_10_29_marche_soutenue_03.jpg 640w, https:\/\/grs-chauffailles.com\/wp-content\/uploads\/2024\/11\/2024_10_29_marche_soutenue_03-300x226.jpg 300w\" sizes=\"auto, (max-width: 640px) 100vw, 640px\" \/><button\n\t\t\tclass=\"lightbox-trigger\"\n\t\t\ttype=\"button\"\n\t\t\taria-haspopup=\"dialog\"\n\t\t\taria-label=\"Agrandir\"\n\t\t\tdata-wp-init=\"callbacks.initTriggerButton\"\n\t\t\tdata-wp-on--click=\"actions.showLightbox\"\n\t\t\tdata-wp-style--right=\"state.imageButtonRight\"\n\t\t\tdata-wp-style--top=\"state.imageButtonTop\"\n\t\t>\n\t\t\t<svg xmlns=\"http:\/\/www.w3.org\/2000\/svg\" width=\"12\" height=\"12\" fill=\"none\" viewBox=\"0 0 12 12\">\n\t\t\t\t<path fill=\"#fff\" d=\"M2 0a2 2 0 0 0-2 2v2h1.5V2a.5.5 0 0 1 .5-.5h2V0H2Zm2 10.5H2a.5.5 0 0 1-.5-.5V8H0v2a2 2 0 0 0 2 2h2v-1.5ZM8 12v-1.5h2a.5.5 0 0 0 .5-.5V8H12v2a2 2 0 0 1-2 2H8Zm2-12a2 2 0 0 1 2 2v2h-1.5V2a.5.5 0 0 0-.5-.5H8V0h2Z\" \/>\n\t\t\t<\/svg>\n\t\t<\/button><\/figure>\n<\/figure>\n\n\n\n<div style=\"height:19px\" aria-hidden=\"true\" class=\"wp-block-spacer\"><\/div>\n\n\n\n<p><br><strong>Coucou les randonneuses et randonneurs !<\/strong><\/p>\n\n\n\n<p><strong>Les \u00c9vasions p\u00e9destres:<br>Du bonheur, des sourires, de belles randos soigneusement concoct\u00e9es par vos animateurs, quelques courbatures bien m\u00e9rit\u00e9es\u2026 et surtout une sant\u00e9 solide, indispensable pour rester sur les sentiers et arriver entier au bout de la saison !<\/strong><\/p>\n\n\n\n<p class=\"has-text-align-center\"><strong><em><mark style=\"background-color:rgba(0, 0, 0, 0)\" class=\"has-inline-color has-luminous-vivid-orange-color\">Parcours des diff\u00e9rentes randos <\/mark><\/em><\/strong><\/p>\n\n\n\n<figure class=\"wp-block-image size-full\"><img loading=\"lazy\" decoding=\"async\" width=\"973\" height=\"661\" src=\"https:\/\/grs-chauffailles.com\/wp-content\/uploads\/2026\/04\/randos-des-7-et-9-Avril.png\" alt=\"\" class=\"wp-image-14094\" srcset=\"https:\/\/grs-chauffailles.com\/wp-content\/uploads\/2026\/04\/randos-des-7-et-9-Avril.png 973w, https:\/\/grs-chauffailles.com\/wp-content\/uploads\/2026\/04\/randos-des-7-et-9-Avril-300x204.png 300w, https:\/\/grs-chauffailles.com\/wp-content\/uploads\/2026\/04\/randos-des-7-et-9-Avril-768x522.png 768w\" sizes=\"auto, (max-width: 973px) 100vw, 973px\" \/><\/figure>\n\n\n\n<div style=\"height:20px\" aria-hidden=\"true\" class=\"wp-block-spacer\"><\/div>\n\n\n\n<p class=\"has-text-align-center\"><strong><mark style=\"background-color:rgba(0, 0, 0, 0)\" class=\"has-inline-color has-luminous-vivid-orange-color\"><em>Parcours de la marche soutenue <\/em><\/mark><\/strong><\/p>\n\n\n<div class=\"wp-block-image\">\n<figure data-wp-context=\"{&quot;imageId&quot;:&quot;69d037fad149d&quot;}\" data-wp-interactive=\"core\/image\" data-wp-key=\"69d037fad149d\" class=\"aligncenter size-full wp-lightbox-container\"><img loading=\"lazy\" decoding=\"async\" width=\"584\" height=\"585\" data-wp-class--hide=\"state.isContentHidden\" data-wp-class--show=\"state.isContentVisible\" data-wp-init=\"callbacks.setButtonStyles\" data-wp-on--click=\"actions.showLightbox\" data-wp-on--load=\"callbacks.setButtonStyles\" data-wp-on-window--resize=\"callbacks.setButtonStyles\" src=\"https:\/\/grs-chauffailles.com\/wp-content\/uploads\/2026\/04\/MS-du-7-Avril.png\" alt=\"\" class=\"wp-image-14087\" srcset=\"https:\/\/grs-chauffailles.com\/wp-content\/uploads\/2026\/04\/MS-du-7-Avril.png 584w, https:\/\/grs-chauffailles.com\/wp-content\/uploads\/2026\/04\/MS-du-7-Avril-300x300.png 300w, https:\/\/grs-chauffailles.com\/wp-content\/uploads\/2026\/04\/MS-du-7-Avril-150x150.png 150w, https:\/\/grs-chauffailles.com\/wp-content\/uploads\/2026\/04\/MS-du-7-Avril-80x80.png 80w, https:\/\/grs-chauffailles.com\/wp-content\/uploads\/2026\/04\/MS-du-7-Avril-320x320.png 320w\" sizes=\"auto, (max-width: 584px) 100vw, 584px\" \/><button\n\t\t\tclass=\"lightbox-trigger\"\n\t\t\ttype=\"button\"\n\t\t\taria-haspopup=\"dialog\"\n\t\t\taria-label=\"Agrandir\"\n\t\t\tdata-wp-init=\"callbacks.initTriggerButton\"\n\t\t\tdata-wp-on--click=\"actions.showLightbox\"\n\t\t\tdata-wp-style--right=\"state.imageButtonRight\"\n\t\t\tdata-wp-style--top=\"state.imageButtonTop\"\n\t\t>\n\t\t\t<svg xmlns=\"http:\/\/www.w3.org\/2000\/svg\" width=\"12\" height=\"12\" fill=\"none\" viewBox=\"0 0 12 12\">\n\t\t\t\t<path fill=\"#fff\" d=\"M2 0a2 2 0 0 0-2 2v2h1.5V2a.5.5 0 0 1 .5-.5h2V0H2Zm2 10.5H2a.5.5 0 0 1-.5-.5V8H0v2a2 2 0 0 0 2 2h2v-1.5ZM8 12v-1.5h2a.5.5 0 0 0 .5-.5V8H12v2a2 2 0 0 1-2 2H8Zm2-12a2 2 0 0 1 2 2v2h-1.5V2a.5.5 0 0 0-.5-.5H8V0h2Z\" \/>\n\t\t\t<\/svg>\n\t\t<\/button><\/figure>\n<\/div>\n\n\n<div style=\"height:22px\" aria-hidden=\"true\" class=\"wp-block-spacer\"><\/div>\n\n\n\n<p><strong>Les infos des \u00e9vasions p\u00e9destres publi\u00e9es sur le site ne sont pas grav\u00e9es dans le granit ! Elles peuvent changer \u00e0 tout moment selon la disponibilit\u00e9 des animateurs\u2026 ou l\u2019humeur du ciel ! \ud83c\udf26\ufe0f<br>En cas de m\u00e9t\u00e9o trop capricieuse, certaines sorties pourront \u00eatre annul\u00e9es, toujours dans un souci de s\u00e9curit\u00e9 pour tous nos valeureux marcheurs. \ud83d\udc63<\/strong><\/p>\n\n\n\n<div style=\"height:26px\" aria-hidden=\"true\" class=\"wp-block-spacer\"><\/div>\n\n\n\n<p><\/p>\n","protected":false},"excerpt":{"rendered":"<p>Coucou les randonneuses et randonneurs ! Les \u00c9vasions p\u00e9destres:Du bonheur, des sourires, de belles randos soigneusement concoct\u00e9es par vos animateurs, quelques courbatures bien m\u00e9rit\u00e9es\u2026 et surtout une sant\u00e9 solide, indispensable pour rester sur les&#46;&#46;&#46;<\/p>\n","protected":false},"author":18,"featured_media":0,"parent":0,"menu_order":0,"comment_status":"closed","ping_status":"closed","template":"","meta":{"footnotes":""},"class_list":["post-11405","page","type-page","status-publish","hentry"],"_links":{"self":[{"href":"https:\/\/grs-chauffailles.com\/index.php\/wp-json\/wp\/v2\/pages\/11405","targetHints":{"allow":["GET"]}}],"collection":[{"href":"https:\/\/grs-chauffailles.com\/index.php\/wp-json\/wp\/v2\/pages"}],"about":[{"href":"https:\/\/grs-chauffailles.com\/index.php\/wp-json\/wp\/v2\/types\/page"}],"author":[{"embeddable":true,"href":"https:\/\/grs-chauffailles.com\/index.php\/wp-json\/wp\/v2\/users\/18"}],"replies":[{"embeddable":true,"href":"https:\/\/grs-chauffailles.com\/index.php\/wp-json\/wp\/v2\/comments?post=11405"}],"version-history":[{"count":35,"href":"https:\/\/grs-chauffailles.com\/index.php\/wp-json\/wp\/v2\/pages\/11405\/revisions"}],"predecessor-version":[{"id":14095,"href":"https:\/\/grs-chauffailles.com\/index.php\/wp-json\/wp\/v2\/pages\/11405\/revisions\/14095"}],"wp:attachment":[{"href":"https:\/\/grs-chauffailles.com\/index.php\/wp-json\/wp\/v2\/media?parent=11405"}],"curies":[{"name":"wp","href":"https:\/\/api.w.org\/{rel}","templated":true}]}}