{"id":1218,"date":"2024-03-21T10:42:39","date_gmt":"2024-03-21T09:42:39","guid":{"rendered":"https:\/\/grs-chauffailles.com\/?page_id=1218"},"modified":"2025-11-13T20:36:52","modified_gmt":"2025-11-13T19:36:52","slug":"apres_sport","status":"publish","type":"page","link":"https:\/\/grs-chauffailles.com\/index.php\/apres_sport\/","title":{"rendered":"Apr\u00e8s le sport !"},"content":{"rendered":"\n<h2 class=\"wp-block-heading has-text-align-left\">Les Festivit\u00e9s<\/h2>\n\n\n<div class=\"wp-block-image\">\n<figure data-wp-context=\"{&quot;imageId&quot;:&quot;69d5e763402b0&quot;}\" data-wp-interactive=\"core\/image\" data-wp-key=\"69d5e763402b0\" class=\"aligncenter size-full is-resized wp-lightbox-container\"><img loading=\"lazy\" decoding=\"async\" width=\"1025\" height=\"612\" data-wp-class--hide=\"state.isContentHidden\" data-wp-class--show=\"state.isContentVisible\" data-wp-init=\"callbacks.setButtonStyles\" data-wp-on--click=\"actions.showLightbox\" data-wp-on--load=\"callbacks.setButtonStyles\" data-wp-on-window--resize=\"callbacks.setButtonStyles\" src=\"https:\/\/grs-chauffailles.com\/wp-content\/uploads\/2025\/11\/2025_11_06_-Commission-festivites.jpg\" alt=\"\" class=\"wp-image-12109\" style=\"width:327px;height:auto\" srcset=\"https:\/\/grs-chauffailles.com\/wp-content\/uploads\/2025\/11\/2025_11_06_-Commission-festivites.jpg 1025w, https:\/\/grs-chauffailles.com\/wp-content\/uploads\/2025\/11\/2025_11_06_-Commission-festivites-300x179.jpg 300w, https:\/\/grs-chauffailles.com\/wp-content\/uploads\/2025\/11\/2025_11_06_-Commission-festivites-768x459.jpg 768w\" sizes=\"auto, (max-width: 1025px) 100vw, 1025px\" \/><button\n\t\t\tclass=\"lightbox-trigger\"\n\t\t\ttype=\"button\"\n\t\t\taria-haspopup=\"dialog\"\n\t\t\taria-label=\"Agrandir\"\n\t\t\tdata-wp-init=\"callbacks.initTriggerButton\"\n\t\t\tdata-wp-on--click=\"actions.showLightbox\"\n\t\t\tdata-wp-style--right=\"state.imageButtonRight\"\n\t\t\tdata-wp-style--top=\"state.imageButtonTop\"\n\t\t>\n\t\t\t<svg xmlns=\"http:\/\/www.w3.org\/2000\/svg\" width=\"12\" height=\"12\" fill=\"none\" viewBox=\"0 0 12 12\">\n\t\t\t\t<path fill=\"#fff\" d=\"M2 0a2 2 0 0 0-2 2v2h1.5V2a.5.5 0 0 1 .5-.5h2V0H2Zm2 10.5H2a.5.5 0 0 1-.5-.5V8H0v2a2 2 0 0 0 2 2h2v-1.5ZM8 12v-1.5h2a.5.5 0 0 0 .5-.5V8H12v2a2 2 0 0 1-2 2H8Zm2-12a2 2 0 0 1 2 2v2h-1.5V2a.5.5 0 0 0-.5-.5H8V0h2Z\" \/>\n\t\t\t<\/svg>\n\t\t<\/button><\/figure>\n<\/div>\n\n\n<div style=\"height:30px\" aria-hidden=\"true\" class=\"wp-block-spacer\"><\/div>\n\n\n\n<p class=\"has-text-align-left\"><mark style=\"background-color:rgba(0, 0, 0, 0)\" class=\"has-inline-color has-luminous-vivid-orange-color\"><strong>La commission \u2018Festivit\u00e9s\u2019<\/strong><\/mark> a pour r\u00f4le l\u2019organisation des manifestations autres que \u00ab sportives \u00bb. Ils sont \u00e9paul\u00e9s par des b\u00e9n\u00e9voles qui aident \u00e0 l\u2019installation des salles, au service et au rangement.<\/p>\n\n\n\n<p class=\"has-text-align-center has-luminous-vivid-orange-color has-text-color has-medium-font-size\"><strong>N&rsquo;h\u00e9sitez pas \u00e0 rejoindre la commission et ses b\u00e9n\u00e9voles<\/strong> !<\/p>\n\n\n\n<p>Contact : <a href=\"https:\/\/grs-chauffailles.com\/index.php\/contacter-le-grs\/?contact=festivites@grs-chauffailles.com\" rel=\"nofollow\">festivites@grs-chauffailles.com<\/a><\/p>\n\n\n\n<figure class=\"wp-block-gallery has-nested-images columns-default is-cropped wp-block-gallery-1 is-layout-flex wp-block-gallery-is-layout-flex\">\n<figure data-wp-context=\"{&quot;imageId&quot;:&quot;69d5e76340789&quot;}\" data-wp-interactive=\"core\/image\" data-wp-key=\"69d5e76340789\" class=\"wp-block-image size-full wp-lightbox-container\"><img loading=\"lazy\" decoding=\"async\" width=\"1024\" height=\"681\" data-wp-class--hide=\"state.isContentHidden\" data-wp-class--show=\"state.isContentVisible\" data-wp-init=\"callbacks.setButtonStyles\" data-wp-on--click=\"actions.showLightbox\" data-wp-on--load=\"callbacks.setButtonStyles\" data-wp-on-window--resize=\"callbacks.setButtonStyles\" data-id=\"2170\" src=\"https:\/\/grs-chauffailles.com\/wp-content\/uploads\/2024\/04\/galette_des_rois_01.jpg\" alt=\"\" class=\"wp-image-2170\" srcset=\"https:\/\/grs-chauffailles.com\/wp-content\/uploads\/2024\/04\/galette_des_rois_01.jpg 1024w, https:\/\/grs-chauffailles.com\/wp-content\/uploads\/2024\/04\/galette_des_rois_01-300x200.jpg 300w, https:\/\/grs-chauffailles.com\/wp-content\/uploads\/2024\/04\/galette_des_rois_01-768x511.jpg 768w\" sizes=\"auto, (max-width: 1024px) 100vw, 1024px\" \/><button\n\t\t\tclass=\"lightbox-trigger\"\n\t\t\ttype=\"button\"\n\t\t\taria-haspopup=\"dialog\"\n\t\t\taria-label=\"Agrandir\"\n\t\t\tdata-wp-init=\"callbacks.initTriggerButton\"\n\t\t\tdata-wp-on--click=\"actions.showLightbox\"\n\t\t\tdata-wp-style--right=\"state.imageButtonRight\"\n\t\t\tdata-wp-style--top=\"state.imageButtonTop\"\n\t\t>\n\t\t\t<svg xmlns=\"http:\/\/www.w3.org\/2000\/svg\" width=\"12\" height=\"12\" fill=\"none\" viewBox=\"0 0 12 12\">\n\t\t\t\t<path fill=\"#fff\" d=\"M2 0a2 2 0 0 0-2 2v2h1.5V2a.5.5 0 0 1 .5-.5h2V0H2Zm2 10.5H2a.5.5 0 0 1-.5-.5V8H0v2a2 2 0 0 0 2 2h2v-1.5ZM8 12v-1.5h2a.5.5 0 0 0 .5-.5V8H12v2a2 2 0 0 1-2 2H8Zm2-12a2 2 0 0 1 2 2v2h-1.5V2a.5.5 0 0 0-.5-.5H8V0h2Z\" \/>\n\t\t\t<\/svg>\n\t\t<\/button><\/figure>\n\n\n\n<figure data-wp-context=\"{&quot;imageId&quot;:&quot;69d5e76340b82&quot;}\" data-wp-interactive=\"core\/image\" data-wp-key=\"69d5e76340b82\" class=\"wp-block-image size-full wp-lightbox-container\"><img loading=\"lazy\" decoding=\"async\" width=\"943\" height=\"600\" data-wp-class--hide=\"state.isContentHidden\" data-wp-class--show=\"state.isContentVisible\" data-wp-init=\"callbacks.setButtonStyles\" data-wp-on--click=\"actions.showLightbox\" data-wp-on--load=\"callbacks.setButtonStyles\" data-wp-on-window--resize=\"callbacks.setButtonStyles\" data-id=\"1366\" src=\"https:\/\/grs-chauffailles.com\/wp-content\/uploads\/2024\/03\/2024-03-23-the-dansant.jpg\" alt=\"\" class=\"wp-image-1366\" srcset=\"https:\/\/grs-chauffailles.com\/wp-content\/uploads\/2024\/03\/2024-03-23-the-dansant.jpg 943w, https:\/\/grs-chauffailles.com\/wp-content\/uploads\/2024\/03\/2024-03-23-the-dansant-300x191.jpg 300w, https:\/\/grs-chauffailles.com\/wp-content\/uploads\/2024\/03\/2024-03-23-the-dansant-768x489.jpg 768w\" sizes=\"auto, (max-width: 943px) 100vw, 943px\" \/><button\n\t\t\tclass=\"lightbox-trigger\"\n\t\t\ttype=\"button\"\n\t\t\taria-haspopup=\"dialog\"\n\t\t\taria-label=\"Agrandir\"\n\t\t\tdata-wp-init=\"callbacks.initTriggerButton\"\n\t\t\tdata-wp-on--click=\"actions.showLightbox\"\n\t\t\tdata-wp-style--right=\"state.imageButtonRight\"\n\t\t\tdata-wp-style--top=\"state.imageButtonTop\"\n\t\t>\n\t\t\t<svg xmlns=\"http:\/\/www.w3.org\/2000\/svg\" width=\"12\" height=\"12\" fill=\"none\" viewBox=\"0 0 12 12\">\n\t\t\t\t<path fill=\"#fff\" d=\"M2 0a2 2 0 0 0-2 2v2h1.5V2a.5.5 0 0 1 .5-.5h2V0H2Zm2 10.5H2a.5.5 0 0 1-.5-.5V8H0v2a2 2 0 0 0 2 2h2v-1.5ZM8 12v-1.5h2a.5.5 0 0 0 .5-.5V8H12v2a2 2 0 0 1-2 2H8Zm2-12a2 2 0 0 1 2 2v2h-1.5V2a.5.5 0 0 0-.5-.5H8V0h2Z\" \/>\n\t\t\t<\/svg>\n\t\t<\/button><\/figure>\n\n\n\n<figure data-wp-context=\"{&quot;imageId&quot;:&quot;69d5e76340f04&quot;}\" data-wp-interactive=\"core\/image\" data-wp-key=\"69d5e76340f04\" class=\"wp-block-image size-full wp-lightbox-container\"><img loading=\"lazy\" decoding=\"async\" width=\"1024\" height=\"680\" data-wp-class--hide=\"state.isContentHidden\" data-wp-class--show=\"state.isContentVisible\" data-wp-init=\"callbacks.setButtonStyles\" data-wp-on--click=\"actions.showLightbox\" data-wp-on--load=\"callbacks.setButtonStyles\" data-wp-on-window--resize=\"callbacks.setButtonStyles\" data-id=\"1365\" src=\"https:\/\/grs-chauffailles.com\/wp-content\/uploads\/2024\/03\/2024-03-23-rando-a-Theme.JPG\" alt=\"\" class=\"wp-image-1365\" srcset=\"https:\/\/grs-chauffailles.com\/wp-content\/uploads\/2024\/03\/2024-03-23-rando-a-Theme.JPG 1024w, https:\/\/grs-chauffailles.com\/wp-content\/uploads\/2024\/03\/2024-03-23-rando-a-Theme-300x199.jpg 300w, https:\/\/grs-chauffailles.com\/wp-content\/uploads\/2024\/03\/2024-03-23-rando-a-Theme-768x510.jpg 768w\" sizes=\"auto, (max-width: 1024px) 100vw, 1024px\" \/><button\n\t\t\tclass=\"lightbox-trigger\"\n\t\t\ttype=\"button\"\n\t\t\taria-haspopup=\"dialog\"\n\t\t\taria-label=\"Agrandir\"\n\t\t\tdata-wp-init=\"callbacks.initTriggerButton\"\n\t\t\tdata-wp-on--click=\"actions.showLightbox\"\n\t\t\tdata-wp-style--right=\"state.imageButtonRight\"\n\t\t\tdata-wp-style--top=\"state.imageButtonTop\"\n\t\t>\n\t\t\t<svg xmlns=\"http:\/\/www.w3.org\/2000\/svg\" width=\"12\" height=\"12\" fill=\"none\" viewBox=\"0 0 12 12\">\n\t\t\t\t<path fill=\"#fff\" d=\"M2 0a2 2 0 0 0-2 2v2h1.5V2a.5.5 0 0 1 .5-.5h2V0H2Zm2 10.5H2a.5.5 0 0 1-.5-.5V8H0v2a2 2 0 0 0 2 2h2v-1.5ZM8 12v-1.5h2a.5.5 0 0 0 .5-.5V8H12v2a2 2 0 0 1-2 2H8Zm2-12a2 2 0 0 1 2 2v2h-1.5V2a.5.5 0 0 0-.5-.5H8V0h2Z\" \/>\n\t\t\t<\/svg>\n\t\t<\/button><\/figure>\n<\/figure>\n\n\n\n<figure class=\"wp-block-table is-style-stripes\"><table class=\"has-fixed-layout\"><tbody><tr><td class=\"has-text-align-center\" data-align=\"center\">Galette des Rois<\/td><td class=\"has-text-align-center\" data-align=\"center\">Th\u00e9 dansant<\/td><td class=\"has-text-align-center\" data-align=\"center\">Rando \u00e0 th\u00e8me<\/td><\/tr><\/tbody><\/table><\/figure>\n\n\n\n<div style=\"height:50px\" aria-hidden=\"true\" class=\"wp-block-spacer\"><\/div>\n\n\n\n<h2 class=\"wp-block-heading\">Les S\u00e9jours<\/h2>\n\n\n<div class=\"wp-block-image\">\n<figure class=\"aligncenter size-full is-resized\"><img loading=\"lazy\" decoding=\"async\" width=\"690\" height=\"361\" src=\"http:\/\/grs-chauffailles.com\/wp-content\/uploads\/2024\/03\/Annie-et-Beatrice.jpg\" alt=\"\" class=\"wp-image-1761\" style=\"width:450px\" srcset=\"https:\/\/grs-chauffailles.com\/wp-content\/uploads\/2024\/03\/Annie-et-Beatrice.jpg 690w, https:\/\/grs-chauffailles.com\/wp-content\/uploads\/2024\/03\/Annie-et-Beatrice-300x157.jpg 300w\" sizes=\"auto, (max-width: 690px) 100vw, 690px\" \/><\/figure>\n<\/div>\n\n\n<div style=\"height:50px\" aria-hidden=\"true\" class=\"wp-block-spacer\"><\/div>\n\n\n\n<p><mark style=\"background-color:rgba(0, 0, 0, 0)\" class=\"has-inline-color has-luminous-vivid-orange-color\"><strong>La commission &lsquo;S\u00e9jours&rsquo;<\/strong><\/mark>, avec Annie et B\u00e9atrice, vous propose des s\u00e9jours randos, vacances et journ\u00e9e d\u00e9couverte. Profiter de ces s\u00e9jours, c&rsquo;est sortir de l&rsquo;isolement, d\u00e9couvrir des lieux nouveaux, faire des randonn\u00e9es adapt\u00e9es et rencontrer de nouvelles personnes. Partir avec le GRS une semaine o\u00f9 une journ\u00e9e, c&rsquo;est faire le plein d&rsquo;amiti\u00e9 et de convivialit\u00e9.<\/p>\n\n\n\n<p class=\"has-text-align-center has-luminous-vivid-orange-color has-text-color has-link-color has-medium-font-size wp-elements-07c6a80cd475cc9f389ad499b38baa5e\"><strong>N&rsquo;h\u00e9sitez pas. Venez avec nous<\/strong> !<\/p>\n\n\n\n<p>Contact : <a href=\"https:\/\/grs-chauffailles.com\/index.php\/contacter-le-grs\/?contact=sejours@grs-chauffailles.com\" rel=\"nofollow\">sejours@grs-chauffailles.com<\/a><\/p>\n\n\n\n<div style=\"height:30px\" aria-hidden=\"true\" class=\"wp-block-spacer\"><\/div>\n\n\n\n<figure class=\"wp-block-gallery has-nested-images columns-default is-cropped wp-block-gallery-2 is-layout-flex wp-block-gallery-is-layout-flex\">\n<figure data-wp-context=\"{&quot;imageId&quot;:&quot;69d5e763419d2&quot;}\" data-wp-interactive=\"core\/image\" data-wp-key=\"69d5e763419d2\" class=\"wp-block-image size-large wp-lightbox-container\"><img loading=\"lazy\" decoding=\"async\" width=\"1024\" height=\"768\" data-wp-class--hide=\"state.isContentHidden\" data-wp-class--show=\"state.isContentVisible\" data-wp-init=\"callbacks.setButtonStyles\" data-wp-on--click=\"actions.showLightbox\" data-wp-on--load=\"callbacks.setButtonStyles\" data-wp-on-window--resize=\"callbacks.setButtonStyles\" data-id=\"2051\" src=\"https:\/\/grs-chauffailles.com\/wp-content\/uploads\/2024\/04\/Sortie-raquettes-2023.jpg\" alt=\"\" class=\"wp-image-2051\" srcset=\"https:\/\/grs-chauffailles.com\/wp-content\/uploads\/2024\/04\/Sortie-raquettes-2023.jpg 1024w, https:\/\/grs-chauffailles.com\/wp-content\/uploads\/2024\/04\/Sortie-raquettes-2023-300x225.jpg 300w, https:\/\/grs-chauffailles.com\/wp-content\/uploads\/2024\/04\/Sortie-raquettes-2023-768x576.jpg 768w\" sizes=\"auto, (max-width: 1024px) 100vw, 1024px\" \/><button\n\t\t\tclass=\"lightbox-trigger\"\n\t\t\ttype=\"button\"\n\t\t\taria-haspopup=\"dialog\"\n\t\t\taria-label=\"Agrandir\"\n\t\t\tdata-wp-init=\"callbacks.initTriggerButton\"\n\t\t\tdata-wp-on--click=\"actions.showLightbox\"\n\t\t\tdata-wp-style--right=\"state.imageButtonRight\"\n\t\t\tdata-wp-style--top=\"state.imageButtonTop\"\n\t\t>\n\t\t\t<svg xmlns=\"http:\/\/www.w3.org\/2000\/svg\" width=\"12\" height=\"12\" fill=\"none\" viewBox=\"0 0 12 12\">\n\t\t\t\t<path fill=\"#fff\" d=\"M2 0a2 2 0 0 0-2 2v2h1.5V2a.5.5 0 0 1 .5-.5h2V0H2Zm2 10.5H2a.5.5 0 0 1-.5-.5V8H0v2a2 2 0 0 0 2 2h2v-1.5ZM8 12v-1.5h2a.5.5 0 0 0 .5-.5V8H12v2a2 2 0 0 1-2 2H8Zm2-12a2 2 0 0 1 2 2v2h-1.5V2a.5.5 0 0 0-.5-.5H8V0h2Z\" \/>\n\t\t\t<\/svg>\n\t\t<\/button><\/figure>\n\n\n\n<figure data-wp-context=\"{&quot;imageId&quot;:&quot;69d5e76341d87&quot;}\" data-wp-interactive=\"core\/image\" data-wp-key=\"69d5e76341d87\" class=\"wp-block-image size-large wp-lightbox-container\"><img loading=\"lazy\" decoding=\"async\" width=\"1024\" height=\"579\" data-wp-class--hide=\"state.isContentHidden\" data-wp-class--show=\"state.isContentVisible\" data-wp-init=\"callbacks.setButtonStyles\" data-wp-on--click=\"actions.showLightbox\" data-wp-on--load=\"callbacks.setButtonStyles\" data-wp-on-window--resize=\"callbacks.setButtonStyles\" data-id=\"2050\" src=\"https:\/\/grs-chauffailles.com\/wp-content\/uploads\/2024\/04\/Madere-2.jpg\" alt=\"\" class=\"wp-image-2050\" srcset=\"https:\/\/grs-chauffailles.com\/wp-content\/uploads\/2024\/04\/Madere-2.jpg 1024w, https:\/\/grs-chauffailles.com\/wp-content\/uploads\/2024\/04\/Madere-2-300x170.jpg 300w, https:\/\/grs-chauffailles.com\/wp-content\/uploads\/2024\/04\/Madere-2-768x434.jpg 768w\" sizes=\"auto, (max-width: 1024px) 100vw, 1024px\" \/><button\n\t\t\tclass=\"lightbox-trigger\"\n\t\t\ttype=\"button\"\n\t\t\taria-haspopup=\"dialog\"\n\t\t\taria-label=\"Agrandir\"\n\t\t\tdata-wp-init=\"callbacks.initTriggerButton\"\n\t\t\tdata-wp-on--click=\"actions.showLightbox\"\n\t\t\tdata-wp-style--right=\"state.imageButtonRight\"\n\t\t\tdata-wp-style--top=\"state.imageButtonTop\"\n\t\t>\n\t\t\t<svg xmlns=\"http:\/\/www.w3.org\/2000\/svg\" width=\"12\" height=\"12\" fill=\"none\" viewBox=\"0 0 12 12\">\n\t\t\t\t<path fill=\"#fff\" d=\"M2 0a2 2 0 0 0-2 2v2h1.5V2a.5.5 0 0 1 .5-.5h2V0H2Zm2 10.5H2a.5.5 0 0 1-.5-.5V8H0v2a2 2 0 0 0 2 2h2v-1.5ZM8 12v-1.5h2a.5.5 0 0 0 .5-.5V8H12v2a2 2 0 0 1-2 2H8Zm2-12a2 2 0 0 1 2 2v2h-1.5V2a.5.5 0 0 0-.5-.5H8V0h2Z\" \/>\n\t\t\t<\/svg>\n\t\t<\/button><\/figure>\n\n\n\n<figure data-wp-context=\"{&quot;imageId&quot;:&quot;69d5e76342101&quot;}\" data-wp-interactive=\"core\/image\" data-wp-key=\"69d5e76342101\" class=\"wp-block-image size-large wp-lightbox-container\"><img loading=\"lazy\" decoding=\"async\" width=\"1024\" height=\"717\" data-wp-class--hide=\"state.isContentHidden\" data-wp-class--show=\"state.isContentVisible\" data-wp-init=\"callbacks.setButtonStyles\" data-wp-on--click=\"actions.showLightbox\" data-wp-on--load=\"callbacks.setButtonStyles\" data-wp-on-window--resize=\"callbacks.setButtonStyles\" data-id=\"2052\" src=\"https:\/\/grs-chauffailles.com\/wp-content\/uploads\/2024\/04\/St-Gilles-Croix-de-Vie.jpg\" alt=\"\" class=\"wp-image-2052\" srcset=\"https:\/\/grs-chauffailles.com\/wp-content\/uploads\/2024\/04\/St-Gilles-Croix-de-Vie.jpg 1024w, https:\/\/grs-chauffailles.com\/wp-content\/uploads\/2024\/04\/St-Gilles-Croix-de-Vie-300x210.jpg 300w, https:\/\/grs-chauffailles.com\/wp-content\/uploads\/2024\/04\/St-Gilles-Croix-de-Vie-768x538.jpg 768w\" sizes=\"auto, (max-width: 1024px) 100vw, 1024px\" \/><button\n\t\t\tclass=\"lightbox-trigger\"\n\t\t\ttype=\"button\"\n\t\t\taria-haspopup=\"dialog\"\n\t\t\taria-label=\"Agrandir\"\n\t\t\tdata-wp-init=\"callbacks.initTriggerButton\"\n\t\t\tdata-wp-on--click=\"actions.showLightbox\"\n\t\t\tdata-wp-style--right=\"state.imageButtonRight\"\n\t\t\tdata-wp-style--top=\"state.imageButtonTop\"\n\t\t>\n\t\t\t<svg xmlns=\"http:\/\/www.w3.org\/2000\/svg\" width=\"12\" height=\"12\" fill=\"none\" viewBox=\"0 0 12 12\">\n\t\t\t\t<path fill=\"#fff\" d=\"M2 0a2 2 0 0 0-2 2v2h1.5V2a.5.5 0 0 1 .5-.5h2V0H2Zm2 10.5H2a.5.5 0 0 1-.5-.5V8H0v2a2 2 0 0 0 2 2h2v-1.5ZM8 12v-1.5h2a.5.5 0 0 0 .5-.5V8H12v2a2 2 0 0 1-2 2H8Zm2-12a2 2 0 0 1 2 2v2h-1.5V2a.5.5 0 0 0-.5-.5H8V0h2Z\" \/>\n\t\t\t<\/svg>\n\t\t<\/button><\/figure>\n<\/figure>\n\n\n\n<figure class=\"wp-block-table is-style-stripes\"><table class=\"has-fixed-layout\"><tbody><tr><td class=\"has-text-align-center\" data-align=\"center\">Sortie Raquettes<\/td><td class=\"has-text-align-center\" data-align=\"center\">S\u00e9jour \u00e0 Mad\u00e8re<\/td><td class=\"has-text-align-center\" data-align=\"center\">S\u00e9jour \u00e0 <br>Saint-Gilles-Croix-de-Vie<\/td><\/tr><\/tbody><\/table><\/figure>\n\n\n\n<p><\/p>\n","protected":false},"excerpt":{"rendered":"<p>Les Festivit\u00e9s La commission \u2018Festivit\u00e9s\u2019 a pour r\u00f4le l\u2019organisation des manifestations autres que \u00ab sportives \u00bb. Ils sont \u00e9paul\u00e9s par des b\u00e9n\u00e9voles qui aident \u00e0 l\u2019installation des salles, au service et au rangement. N&rsquo;h\u00e9sitez&#46;&#46;&#46;<\/p>\n","protected":false},"author":3,"featured_media":0,"parent":0,"menu_order":0,"comment_status":"closed","ping_status":"closed","template":"","meta":{"footnotes":""},"class_list":["post-1218","page","type-page","status-publish","hentry"],"_links":{"self":[{"href":"https:\/\/grs-chauffailles.com\/index.php\/wp-json\/wp\/v2\/pages\/1218","targetHints":{"allow":["GET"]}}],"collection":[{"href":"https:\/\/grs-chauffailles.com\/index.php\/wp-json\/wp\/v2\/pages"}],"about":[{"href":"https:\/\/grs-chauffailles.com\/index.php\/wp-json\/wp\/v2\/types\/page"}],"author":[{"embeddable":true,"href":"https:\/\/grs-chauffailles.com\/index.php\/wp-json\/wp\/v2\/users\/3"}],"replies":[{"embeddable":true,"href":"https:\/\/grs-chauffailles.com\/index.php\/wp-json\/wp\/v2\/comments?post=1218"}],"version-history":[{"count":0,"href":"https:\/\/grs-chauffailles.com\/index.php\/wp-json\/wp\/v2\/pages\/1218\/revisions"}],"wp:attachment":[{"href":"https:\/\/grs-chauffailles.com\/index.php\/wp-json\/wp\/v2\/media?parent=1218"}],"curies":[{"name":"wp","href":"https:\/\/api.w.org\/{rel}","templated":true}]}}