{"id":12436,"date":"2025-12-08T16:27:33","date_gmt":"2025-12-08T15:27:33","guid":{"rendered":"https:\/\/grs-chauffailles.com\/?page_id=12436"},"modified":"2025-12-08T17:12:41","modified_gmt":"2025-12-08T16:12:41","slug":"le-grs-cherche-ses-nouveaux-benevoles","status":"publish","type":"page","link":"https:\/\/grs-chauffailles.com\/index.php\/le-grs-cherche-ses-nouveaux-benevoles\/","title":{"rendered":"Le GRS cherche ses nouveaux b\u00e9n\u00e9voles !"},"content":{"rendered":"\n<p class=\"has-text-align-right\"><a href=\"https:\/\/grs-chauffailles.com\/\" rel=\"nofollow\">Retour &lsquo;Le GRS de Chauffailles&rsquo;<\/a><\/p>\n\n\n\n<p><strong><mark style=\"background-color:rgba(0, 0, 0, 0)\" class=\"has-inline-color has-luminous-vivid-orange-color\">Le 05 f\u00e9vrier aura lieu l\u2019Assembl\u00e9e G\u00e9n\u00e9rale de notre GRS.<\/mark><\/strong><br>Comme chaque ann\u00e9e, c\u2019est aussi le moment de rappeler que notre Comit\u00e9 Directeur a besoin de renforts.<\/p>\n\n\n<div class=\"wp-block-image\">\n<figure data-wp-context=\"{&quot;imageId&quot;:&quot;69d4dd6b47b31&quot;}\" data-wp-interactive=\"core\/image\" data-wp-key=\"69d4dd6b47b31\" class=\"aligncenter size-full is-resized wp-lightbox-container\"><img decoding=\"async\" data-wp-class--hide=\"state.isContentHidden\" data-wp-class--show=\"state.isContentVisible\" data-wp-init=\"callbacks.setButtonStyles\" data-wp-on--click=\"actions.showLightbox\" data-wp-on--load=\"callbacks.setButtonStyles\" data-wp-on-window--resize=\"callbacks.setButtonStyles\" src=\"https:\/\/grs-chauffailles.com\/wp-content\/uploads\/2025\/12\/pourquoi.png\" alt=\"\" class=\"wp-image-12447\" style=\"width:533px;height:auto\"\/><button\n\t\t\tclass=\"lightbox-trigger\"\n\t\t\ttype=\"button\"\n\t\t\taria-haspopup=\"dialog\"\n\t\t\taria-label=\"Agrandir\"\n\t\t\tdata-wp-init=\"callbacks.initTriggerButton\"\n\t\t\tdata-wp-on--click=\"actions.showLightbox\"\n\t\t\tdata-wp-style--right=\"state.imageButtonRight\"\n\t\t\tdata-wp-style--top=\"state.imageButtonTop\"\n\t\t>\n\t\t\t<svg xmlns=\"http:\/\/www.w3.org\/2000\/svg\" width=\"12\" height=\"12\" fill=\"none\" viewBox=\"0 0 12 12\">\n\t\t\t\t<path fill=\"#fff\" d=\"M2 0a2 2 0 0 0-2 2v2h1.5V2a.5.5 0 0 1 .5-.5h2V0H2Zm2 10.5H2a.5.5 0 0 1-.5-.5V8H0v2a2 2 0 0 0 2 2h2v-1.5ZM8 12v-1.5h2a.5.5 0 0 0 .5-.5V8H12v2a2 2 0 0 1-2 2H8Zm2-12a2 2 0 0 1 2 2v2h-1.5V2a.5.5 0 0 0-.5-.5H8V0h2Z\" \/>\n\t\t\t<\/svg>\n\t\t<\/button><\/figure>\n<\/div>\n\n\n<p>Le dessin publi\u00e9 par notre pr\u00e9sident sur le site ? Un chef-d\u2019\u0153uvre ! Il r\u00e9sume parfaitement la situation : beaucoup pour commenter, peu pour proposer, et encore moins pour mettre la main \u00e0 la p\u00e2te\u2026 Bref, un classique de toutes les assoc !<br>Heureusement, au GRS, nous avons des membres du Comit\u00e9 Directeur, des coordinateurs et des animateurs qui ne comptent pas leurs heures (ni leurs courbatures). Des b\u00e9n\u00e9voles en or, sans qui notre association tournerait comme un v\u00e9lo sans p\u00e9dales : pas tr\u00e8s loin.<br>Mais voil\u00e0\u2026 Certains de nos h\u00e9ros du quotidien vont prendre une retraite bien m\u00e9rit\u00e9e. (Ils disent qu\u2019ils ne partent pas aux Bahamas\u2026 Personnellement, j\u2019ai des doutes. On reverra peut-\u00eatre leurs traces dans le sable.)<br>R\u00e9sultat : on a besoin de renforts ! Des adh\u00e9rents motiv\u00e9s, souriants, pr\u00eats \u00e0 rejoindre une commission, \u00e0 prendre la rel\u00e8ve\u2026 et pourquoi pas \u00e0 devenir animateurs ! Oui, on cherche aussi des volontaires pour encadrer nos activit\u00e9s et maintenir la dynamique du GRS.<br><strong>Pas besoin d\u2019avoir un doctorat en organisation : <mark style=\"background-color:rgba(0, 0, 0, 0)\" class=\"has-inline-color has-luminous-vivid-orange-color\">juste l\u2019envie d\u2019aider et de faire vivre notre GRS<\/mark>.<\/strong><br>Et puis, entre nous, il y a de quoi s\u2019amuser : pr\u00e9parer les s\u00e9jours, organiser nos \u00e9v\u00e9nements (galette des rois, th\u00e9 dansant, sorties\u2026), encadr\u00e9 nos adh\u00e9rents sur les diff\u00e9rentes activit\u00e9s bref, de quoi \u00e9viter l\u2019ennuie, et accessoirement, de quoi justifier une sieste bien m\u00e9rit\u00e9e le dimanche.<br>Et comme diraient les jeunes :<br><strong>\u201cSi t\u2019as la patate, viens booster le Comit\u00e9 Directeur ! Et si t\u2019as encore un peu d\u2019\u00e9nergie en stock, tu peux m\u00eame devenir animateur au GRS !\u201d<\/strong><\/p>\n\n\n\n<p>On t\u2019accueille m\u00eame si tu ne parles pas couramment le dialecte informatique<\/p>\n\n\n\n<p><strong>L&rsquo;ensemble du CD, les coordinateurs, les animateurs, et moi-m\u00eame sommes \u00e0 votre \u00e9coute pour r\u00e9pondre \u00e0 toutes vos questions, ou interrogations pour venir nous rejoindre.<\/strong><\/p>\n\n\n\n<p><br><\/p>\n\n\n\n<p class=\"has-text-align-right\"><strong>Jean-Marc COLLET<\/strong><\/p>\n\n\n\n<p class=\"has-text-align-right\"><a href=\"https:\/\/grs-chauffailles.com\/\" rel=\"nofollow\">Retour &lsquo;Le GRS de Chauffailles&rsquo;<\/a><\/p>\n","protected":false},"excerpt":{"rendered":"<p>Retour &lsquo;Le GRS de Chauffailles&rsquo; Le 05 f\u00e9vrier aura lieu l\u2019Assembl\u00e9e G\u00e9n\u00e9rale de notre GRS.Comme chaque ann\u00e9e, c\u2019est aussi le moment de rappeler que notre Comit\u00e9 Directeur a besoin de renforts. Le dessin publi\u00e9&#46;&#46;&#46;<\/p>\n","protected":false},"author":1,"featured_media":0,"parent":0,"menu_order":0,"comment_status":"closed","ping_status":"closed","template":"","meta":{"footnotes":""},"class_list":["post-12436","page","type-page","status-publish","hentry"],"_links":{"self":[{"href":"https:\/\/grs-chauffailles.com\/index.php\/wp-json\/wp\/v2\/pages\/12436","targetHints":{"allow":["GET"]}}],"collection":[{"href":"https:\/\/grs-chauffailles.com\/index.php\/wp-json\/wp\/v2\/pages"}],"about":[{"href":"https:\/\/grs-chauffailles.com\/index.php\/wp-json\/wp\/v2\/types\/page"}],"author":[{"embeddable":true,"href":"https:\/\/grs-chauffailles.com\/index.php\/wp-json\/wp\/v2\/users\/1"}],"replies":[{"embeddable":true,"href":"https:\/\/grs-chauffailles.com\/index.php\/wp-json\/wp\/v2\/comments?post=12436"}],"version-history":[{"count":0,"href":"https:\/\/grs-chauffailles.com\/index.php\/wp-json\/wp\/v2\/pages\/12436\/revisions"}],"wp:attachment":[{"href":"https:\/\/grs-chauffailles.com\/index.php\/wp-json\/wp\/v2\/media?parent=12436"}],"curies":[{"name":"wp","href":"https:\/\/api.w.org\/{rel}","templated":true}]}}