{"id":13173,"date":"2026-01-30T17:03:39","date_gmt":"2026-01-30T16:03:39","guid":{"rendered":"https:\/\/grs-chauffailles.com\/?page_id=13173"},"modified":"2026-04-09T18:32:44","modified_gmt":"2026-04-09T16:32:44","slug":"planning","status":"publish","type":"page","link":"https:\/\/grs-chauffailles.com\/index.php\/planning\/","title":{"rendered":"Le planning des activit\u00e9s"},"content":{"rendered":"\n<p style=\"font-size:24px\"><strong><mark style=\"background-color:rgba(0, 0, 0, 0)\" class=\"has-inline-color has-luminous-vivid-orange-color\">Une semaine sportive bien remplie !<\/mark><\/strong><\/p>\n\n\n\n<p class=\"has-text-align-right has-small-font-size\"><a href=\"https:\/\/grs-chauffailles.com\/wp-content\/uploads\/2026\/04\/GRS_semaine_activites.pdf\" target=\"_blank\" rel=\"noreferrer noopener nofollow\">T\u00e9l\u00e9chargement<\/a><\/p>\n\n\n\n<figure data-wp-context=\"{&quot;imageId&quot;:&quot;69eb7a803ebaa&quot;}\" data-wp-interactive=\"core\/image\" data-wp-key=\"69eb7a803ebaa\" class=\"wp-block-image size-large is-resized wp-lightbox-container\"><img loading=\"lazy\" decoding=\"async\" width=\"1024\" height=\"724\" data-wp-class--hide=\"state.isContentHidden\" data-wp-class--show=\"state.isContentVisible\" data-wp-init=\"callbacks.setButtonStyles\" data-wp-on--click=\"actions.showLightbox\" data-wp-on--load=\"callbacks.setButtonStyles\" data-wp-on-window--resize=\"callbacks.setButtonStyles\" src=\"https:\/\/grs-chauffailles.com\/wp-content\/uploads\/2026\/04\/GRS_semaine_activites-1024x724.jpg\" alt=\"\" class=\"wp-image-14117\" style=\"width:840px;height:auto\" srcset=\"https:\/\/grs-chauffailles.com\/wp-content\/uploads\/2026\/04\/GRS_semaine_activites-1024x724.jpg 1024w, https:\/\/grs-chauffailles.com\/wp-content\/uploads\/2026\/04\/GRS_semaine_activites-300x212.jpg 300w, https:\/\/grs-chauffailles.com\/wp-content\/uploads\/2026\/04\/GRS_semaine_activites-768x543.jpg 768w, https:\/\/grs-chauffailles.com\/wp-content\/uploads\/2026\/04\/GRS_semaine_activites-1536x1086.jpg 1536w, https:\/\/grs-chauffailles.com\/wp-content\/uploads\/2026\/04\/GRS_semaine_activites-1320x933.jpg 1320w, https:\/\/grs-chauffailles.com\/wp-content\/uploads\/2026\/04\/GRS_semaine_activites.jpg 1754w\" sizes=\"auto, (max-width: 1024px) 100vw, 1024px\" \/><button\n\t\t\tclass=\"lightbox-trigger\"\n\t\t\ttype=\"button\"\n\t\t\taria-haspopup=\"dialog\"\n\t\t\taria-label=\"Agrandir\"\n\t\t\tdata-wp-init=\"callbacks.initTriggerButton\"\n\t\t\tdata-wp-on--click=\"actions.showLightbox\"\n\t\t\tdata-wp-style--right=\"state.imageButtonRight\"\n\t\t\tdata-wp-style--top=\"state.imageButtonTop\"\n\t\t>\n\t\t\t<svg xmlns=\"http:\/\/www.w3.org\/2000\/svg\" width=\"12\" height=\"12\" fill=\"none\" viewBox=\"0 0 12 12\">\n\t\t\t\t<path fill=\"#fff\" d=\"M2 0a2 2 0 0 0-2 2v2h1.5V2a.5.5 0 0 1 .5-.5h2V0H2Zm2 10.5H2a.5.5 0 0 1-.5-.5V8H0v2a2 2 0 0 0 2 2h2v-1.5ZM8 12v-1.5h2a.5.5 0 0 0 .5-.5V8H12v2a2 2 0 0 1-2 2H8Zm2-12a2 2 0 0 1 2 2v2h-1.5V2a.5.5 0 0 0-.5-.5H8V0h2Z\" \/>\n\t\t\t<\/svg>\n\t\t<\/button><\/figure>\n\n\n\n<div style=\"height:50px\" aria-hidden=\"true\" class=\"wp-block-spacer\"><\/div>\n\n\n\n<p id=\"planning\" style=\"font-size:24px\"><strong><mark style=\"background-color:rgba(0, 0, 0, 0)\" class=\"has-inline-color has-luminous-vivid-orange-color\">Le planning 2025 &#8211; 2026 avec lieux et horaires des activit\u00e9s propos\u00e9es :<\/mark><\/strong><\/p>\n\n\n\n<p class=\"has-text-align-right has-small-font-size\"><a href=\"https:\/\/grs-chauffailles.com\/wp-content\/uploads\/2026\/04\/GRS_planning_activites.pdf\" target=\"_blank\" rel=\"noreferrer noopener nofollow\">T\u00e9l\u00e9chargement<\/a><\/p>\n\n\n<a href=\"https:\/\/grs-chauffailles.com\/wp-content\/uploads\/2026\/04\/GRS_planning_activites.pdf\" class=\"pdfemb-viewer\" style=\"\" data-width=\"max\" data-height=\"max\" data-toolbar=\"bottom\" data-toolbar-fixed=\"off\">GRS_planning_activites<\/a>","protected":false},"excerpt":{"rendered":"<p>Une semaine sportive bien remplie ! T\u00e9l\u00e9chargement Le planning 2025 &#8211; 2026 avec lieux et horaires des activit\u00e9s propos\u00e9es : T\u00e9l\u00e9chargement<\/p>\n","protected":false},"author":1,"featured_media":0,"parent":0,"menu_order":0,"comment_status":"closed","ping_status":"closed","template":"","meta":{"footnotes":""},"class_list":["post-13173","page","type-page","status-publish","hentry"],"_links":{"self":[{"href":"https:\/\/grs-chauffailles.com\/index.php\/wp-json\/wp\/v2\/pages\/13173","targetHints":{"allow":["GET"]}}],"collection":[{"href":"https:\/\/grs-chauffailles.com\/index.php\/wp-json\/wp\/v2\/pages"}],"about":[{"href":"https:\/\/grs-chauffailles.com\/index.php\/wp-json\/wp\/v2\/types\/page"}],"author":[{"embeddable":true,"href":"https:\/\/grs-chauffailles.com\/index.php\/wp-json\/wp\/v2\/users\/1"}],"replies":[{"embeddable":true,"href":"https:\/\/grs-chauffailles.com\/index.php\/wp-json\/wp\/v2\/comments?post=13173"}],"version-history":[{"count":7,"href":"https:\/\/grs-chauffailles.com\/index.php\/wp-json\/wp\/v2\/pages\/13173\/revisions"}],"predecessor-version":[{"id":14120,"href":"https:\/\/grs-chauffailles.com\/index.php\/wp-json\/wp\/v2\/pages\/13173\/revisions\/14120"}],"wp:attachment":[{"href":"https:\/\/grs-chauffailles.com\/index.php\/wp-json\/wp\/v2\/media?parent=13173"}],"curies":[{"name":"wp","href":"https:\/\/api.w.org\/{rel}","templated":true}]}}