{"id":13178,"date":"2026-01-30T17:10:16","date_gmt":"2026-01-30T16:10:16","guid":{"rendered":"https:\/\/grs-chauffailles.com\/?page_id=13178"},"modified":"2026-01-30T17:14:18","modified_gmt":"2026-01-30T16:14:18","slug":"adherent","status":"publish","type":"page","link":"https:\/\/grs-chauffailles.com\/index.php\/adherent\/","title":{"rendered":"Je suis adh\u00e9rent"},"content":{"rendered":"\n<div class=\"wp-block-media-text is-vertically-aligned-center\" style=\"grid-template-columns:25% auto\" id=\"passeport_sante\"><figure class=\"wp-block-media-text__media\"><a href=\"https:\/\/grs-chauffailles.com\/wp-content\/uploads\/2025\/10\/passeport_ssante.pdf\" target=\"_blank\" rel=\"noreferrer noopener\"><img loading=\"lazy\" decoding=\"async\" width=\"852\" height=\"621\" src=\"https:\/\/grs-chauffailles.com\/wp-content\/uploads\/2025\/10\/passeport_ssante.jpg\" alt=\"\" class=\"wp-image-11700 size-full\" srcset=\"https:\/\/grs-chauffailles.com\/wp-content\/uploads\/2025\/10\/passeport_ssante.jpg 852w, https:\/\/grs-chauffailles.com\/wp-content\/uploads\/2025\/10\/passeport_ssante-300x219.jpg 300w, https:\/\/grs-chauffailles.com\/wp-content\/uploads\/2025\/10\/passeport_ssante-768x560.jpg 768w\" sizes=\"auto, (max-width: 852px) 100vw, 852px\" \/><\/a><\/figure><div class=\"wp-block-media-text__content\">\n<p style=\"font-size:20px\">Je t\u00e9l\u00e9charge mon <strong><mark style=\"background-color:rgba(0, 0, 0, 0)\" class=\"has-inline-color has-luminous-vivid-orange-color\">PASSEPORT SANT\u00c9<\/mark><\/strong> \u00e0 avoir sur moi <strong><mark style=\"background-color:rgba(0, 0, 0, 0)\" class=\"has-inline-color has-luminous-vivid-orange-color\">AVEC MA LICENCE<\/mark><\/strong> lors de la pratique de mon\/mes activit\u00e9(s) :<br><a href=\"https:\/\/grs-chauffailles.com\/wp-content\/uploads\/2025\/10\/passeport_ssante.pdf\" target=\"_blank\" rel=\"noreferrer noopener nofollow\">Mon PASSEPORT SANT\u00c9<\/a><br><\/p>\n<\/div><\/div>\n\n\n\n<hr class=\"wp-block-separator has-alpha-channel-opacity\"\/>\n\n\n\n<div class=\"wp-block-media-text is-vertically-aligned-center\" style=\"grid-template-columns:25% auto\"><figure class=\"wp-block-media-text__media\"><a href=\"https:\/\/ffrs360-crm.my.site.com\/licencie\/s\/login\/\" target=\"_blank\" rel=\"noreferrer noopener\"><img loading=\"lazy\" decoding=\"async\" width=\"600\" height=\"450\" src=\"http:\/\/grs-chauffailles.com\/wp-content\/uploads\/2024\/02\/logo_ffrs_600.png\" alt=\"\" class=\"wp-image-960 size-full\" srcset=\"https:\/\/grs-chauffailles.com\/wp-content\/uploads\/2024\/02\/logo_ffrs_600.png 600w, https:\/\/grs-chauffailles.com\/wp-content\/uploads\/2024\/02\/logo_ffrs_600-300x225.png 300w\" sizes=\"auto, (max-width: 600px) 100vw, 600px\" \/><\/a><\/figure><div class=\"wp-block-media-text__content\">\n<p style=\"font-size:20px\">Je retrouve ma licence sur mon Espace Personnel sur :<br><a href=\"https:\/\/ffrs360-crm.my.site.com\/licencie\/s\/login\/\" target=\"_blank\" rel=\"noreferrer noopener nofollow\">Espace FFRS360<\/a><br><em>Rappel : votre Nom d&rsquo;utilisateur est sous la forme :<\/em><br><strong><mark style=\"background-color:rgba(0, 0, 0, 0)\" class=\"has-inline-color has-luminous-vivid-orange-color\">NUMERO_DE_LICENCE@ffrs360.espaceadherent.fr<\/mark><\/strong><br><\/p>\n<\/div><\/div>\n","protected":false},"excerpt":{"rendered":"<p>Je t\u00e9l\u00e9charge mon PASSEPORT SANT\u00c9 \u00e0 avoir sur moi AVEC MA LICENCE lors de la pratique de mon\/mes activit\u00e9(s) :Mon PASSEPORT SANT\u00c9 Je retrouve ma licence sur mon Espace Personnel sur :Espace FFRS360Rappel :&#46;&#46;&#46;<\/p>\n","protected":false},"author":1,"featured_media":0,"parent":0,"menu_order":0,"comment_status":"closed","ping_status":"closed","template":"","meta":{"footnotes":""},"class_list":["post-13178","page","type-page","status-publish","hentry"],"_links":{"self":[{"href":"https:\/\/grs-chauffailles.com\/index.php\/wp-json\/wp\/v2\/pages\/13178","targetHints":{"allow":["GET"]}}],"collection":[{"href":"https:\/\/grs-chauffailles.com\/index.php\/wp-json\/wp\/v2\/pages"}],"about":[{"href":"https:\/\/grs-chauffailles.com\/index.php\/wp-json\/wp\/v2\/types\/page"}],"author":[{"embeddable":true,"href":"https:\/\/grs-chauffailles.com\/index.php\/wp-json\/wp\/v2\/users\/1"}],"replies":[{"embeddable":true,"href":"https:\/\/grs-chauffailles.com\/index.php\/wp-json\/wp\/v2\/comments?post=13178"}],"version-history":[{"count":3,"href":"https:\/\/grs-chauffailles.com\/index.php\/wp-json\/wp\/v2\/pages\/13178\/revisions"}],"predecessor-version":[{"id":13183,"href":"https:\/\/grs-chauffailles.com\/index.php\/wp-json\/wp\/v2\/pages\/13178\/revisions\/13183"}],"wp:attachment":[{"href":"https:\/\/grs-chauffailles.com\/index.php\/wp-json\/wp\/v2\/media?parent=13178"}],"curies":[{"name":"wp","href":"https:\/\/api.w.org\/{rel}","templated":true}]}}