{"id":1319,"date":"2024-03-23T11:22:44","date_gmt":"2024-03-23T10:22:44","guid":{"rendered":"https:\/\/grs-chauffailles.com\/?page_id=1319"},"modified":"2026-01-30T17:17:18","modified_gmt":"2026-01-30T16:17:18","slug":"comment-adherer","status":"publish","type":"page","link":"https:\/\/grs-chauffailles.com\/index.php\/comment-adherer\/","title":{"rendered":"Adh\u00e9rer au GRS"},"content":{"rendered":"\n<p class=\"has-vivid-cyan-blue-color has-text-color has-link-color has-medium-font-size wp-elements-38dbf6ad07f87a6e3dc2d8b108c2d9ca\"><mark style=\"background-color:rgba(0, 0, 0, 0)\" class=\"has-inline-color has-luminous-vivid-orange-color\"><strong>Conditions<\/strong> :<\/mark><\/p>\n\n\n\n<ul class=\"wp-block-list\">\n<li>Avoir <strong><mark style=\"background-color:rgba(0, 0, 0, 0)\" class=\"has-inline-color has-luminous-vivid-orange-color\">50 <\/mark><\/strong>ans minimum,<\/li>\n\n\n\n<li>\u00catre retrait\u00e9 ou disponible au moment des activit\u00e9s,<\/li>\n\n\n\n<li>Accepter le <a href=\"https:\/\/grs-chauffailles.com\/wp-content\/uploads\/2025\/11\/2025_11_03_grs_reglement_interieur.pdf\" target=\"_blank\" rel=\"noreferrer noopener nofollow\">r\u00e8glement int\u00e9rieur<\/a> <em>(mis \u00e0 jour le 03\/11\/2025)<\/em>.<\/li>\n<\/ul>\n\n\n\n<p class=\"has-text-color has-link-color has-medium-font-size wp-elements-6a085eed9448fe3fcbec278dd4c41154\" style=\"color:#0590e0\"><strong><mark style=\"background-color:rgba(0, 0, 0, 0)\" class=\"has-inline-color has-luminous-vivid-orange-color\">Comment proc\u00e9der ?<\/mark><\/strong><\/p>\n\n\n\n<p>Il est possible de vous inscrire sur le site de la <mark style=\"background-color:rgba(0, 0, 0, 0)\" class=\"has-inline-color has-luminous-vivid-orange-color\"> <\/mark><a href=\"https:\/\/ffrs360-crm.my.site.com\/licencie\/s\/login\/?ec=302&amp;startURL=%2Flicencie%2Fs%2F\" target=\"_blank\" rel=\"noreferrer noopener\">F\u00e9d\u00e9ration Fran\u00e7aise de la Retraite Sportive<\/a>, mais <strong><mark style=\"background-color:rgba(0, 0, 0, 0)\" class=\"has-inline-color has-luminous-vivid-orange-color\">vous devrez venir pendant nos permanences au bureau<\/mark><\/strong> du :<\/p>\n\n\n\n<div class=\"wp-block-columns is-not-stacked-on-mobile is-layout-flex wp-container-core-columns-is-layout-9d6595d7 wp-block-columns-is-layout-flex\">\n<div class=\"wp-block-column is-vertically-aligned-center is-layout-flow wp-block-column-is-layout-flow\">\n<p class=\"has-text-align-right\"><mark style=\"background-color:rgba(0, 0, 0, 0)\" class=\"has-inline-color has-luminous-vivid-orange-color\"><mark style=\"background-color:rgba(0, 0, 0, 0)\" class=\"has-inline-color has-luminous-vivid-orange-color\"><strong><mark style=\"background-color:rgba(0, 0, 0, 0)\" class=\"has-inline-color has-luminous-vivid-orange-color\">G.R.S. DE CHAUFFAILLES<br>8, rue des \u00c9coles<br>71170 CHAUFFAILLES<\/mark><\/strong><\/mark><\/mark><\/p>\n<\/div>\n\n\n\n<div class=\"wp-block-column is-layout-flow wp-block-column-is-layout-flow\">\n<figure data-wp-context=\"{&quot;imageId&quot;:&quot;69d46d45574ba&quot;}\" data-wp-interactive=\"core\/image\" data-wp-key=\"69d46d45574ba\" class=\"wp-block-image size-full wp-lightbox-container\"><img loading=\"lazy\" decoding=\"async\" width=\"800\" height=\"600\" data-wp-class--hide=\"state.isContentHidden\" data-wp-class--show=\"state.isContentVisible\" data-wp-init=\"callbacks.setButtonStyles\" data-wp-on--click=\"actions.showLightbox\" data-wp-on--load=\"callbacks.setButtonStyles\" data-wp-on-window--resize=\"callbacks.setButtonStyles\" src=\"https:\/\/grs-chauffailles.com\/wp-content\/uploads\/2024\/04\/Bureau-GRS-1.jpg\" alt=\"\" class=\"wp-image-3030\" srcset=\"https:\/\/grs-chauffailles.com\/wp-content\/uploads\/2024\/04\/Bureau-GRS-1.jpg 800w, https:\/\/grs-chauffailles.com\/wp-content\/uploads\/2024\/04\/Bureau-GRS-1-300x225.jpg 300w, https:\/\/grs-chauffailles.com\/wp-content\/uploads\/2024\/04\/Bureau-GRS-1-768x576.jpg 768w\" sizes=\"auto, (max-width: 800px) 100vw, 800px\" \/><button\n\t\t\tclass=\"lightbox-trigger\"\n\t\t\ttype=\"button\"\n\t\t\taria-haspopup=\"dialog\"\n\t\t\taria-label=\"Agrandir\"\n\t\t\tdata-wp-init=\"callbacks.initTriggerButton\"\n\t\t\tdata-wp-on--click=\"actions.showLightbox\"\n\t\t\tdata-wp-style--right=\"state.imageButtonRight\"\n\t\t\tdata-wp-style--top=\"state.imageButtonTop\"\n\t\t>\n\t\t\t<svg xmlns=\"http:\/\/www.w3.org\/2000\/svg\" width=\"12\" height=\"12\" fill=\"none\" viewBox=\"0 0 12 12\">\n\t\t\t\t<path fill=\"#fff\" d=\"M2 0a2 2 0 0 0-2 2v2h1.5V2a.5.5 0 0 1 .5-.5h2V0H2Zm2 10.5H2a.5.5 0 0 1-.5-.5V8H0v2a2 2 0 0 0 2 2h2v-1.5ZM8 12v-1.5h2a.5.5 0 0 0 .5-.5V8H12v2a2 2 0 0 1-2 2H8Zm2-12a2 2 0 0 1 2 2v2h-1.5V2a.5.5 0 0 0-.5-.5H8V0h2Z\" \/>\n\t\t\t<\/svg>\n\t\t<\/button><\/figure>\n<\/div>\n\n\n\n<div class=\"wp-block-column is-vertically-aligned-center is-layout-flow wp-block-column-is-layout-flow\">\n<iframe src=\"https:\/\/www.google.com\/maps\/embed?pb=!1m14!1m8!1m3!1d1380.559642863787!2d4.3363176!3d46.208082!3m2!1i1024!2i768!4f13.1!3m3!1m2!1s0x47f38c03fdce77d9%3A0xc5f81c593961cad0!2s8%20Rue%20des%20%C3%89coles%2C%2071170%20Chauffailles!5e0!3m2!1sfr!2sfr!4v1714109274213!5m2!1sfr!2sfr\" width=\"100%\" height=\"auto\" style=\"border:0;\" allowfullscreen=\"\" loading=\"lazy\" referrerpolicy=\"no-referrer-when-downgrade\"><\/iframe>\n<\/div>\n<\/div>\n\n\n\n<div style=\"height:22px\" aria-hidden=\"true\" class=\"wp-block-spacer\"><\/div>\n\n\n\n<p>o\u00f9 une \u00e9quipe de b\u00e9n\u00e9voles vous donnera toutes les informations que vous souhaitez, vous inscrira si vous le d\u00e9sirez et vous remettra un document \u00e0 compl\u00e9ter, concernant notamment la protection des donn\u00e9es. <\/p>\n\n\n\n<p class=\"has-text-align-center has-medium-font-size\"><a href=\"https:\/\/grs-chauffailles.com\/index.php\/demande-de-contact-telephonique\/\" rel=\"nofollow\">Vous pouvez aussi demander \u00e0 \u00eatre contact\u00e9(e) par t\u00e9l\u00e9phone<\/a><br><\/p>\n\n\n\n<p class=\"has-vivid-cyan-blue-color has-text-color has-link-color has-medium-font-size wp-elements-d3b3793aad085411ade184ed279af00d\"><mark style=\"background-color:rgba(0, 0, 0, 0)\" class=\"has-inline-color has-luminous-vivid-orange-color\"><strong>Prix de la licence<\/strong><\/mark> <strong><mark style=\"background-color:rgba(0, 0, 0, 0)\" class=\"has-inline-color has-luminous-vivid-orange-color\">:<\/mark><\/strong><\/p>\n\n\n\n<p>Le montant de la licence est de<strong> <mark style=\"background-color:rgba(0, 0, 0, 0)\" class=\"has-inline-color has-luminous-vivid-orange-color\">54 \u20ac<\/mark> <\/strong>pour la saison <mark style=\"background-color:rgba(0, 0, 0, 0)\" class=\"has-inline-color has-luminous-vivid-orange-color\"><strong>2025 \/ 2026<\/strong><\/mark><strong><mark style=\"background-color:rgba(0, 0, 0, 0)\" class=\"has-inline-color has-luminous-vivid-orange-color\">.<\/mark><\/strong><br><em>(r\u00e8glement par ch\u00e8que ou esp\u00e8ces<\/em>, <em>suppl\u00e9ment en cas<\/em> <em>d\u2019assurances d\u2019effet personnel)<\/em>.<\/p>\n\n\n\n<p>Cette licence vous permet de pratiquer plusieurs activit\u00e9s.<\/p>\n\n\n\n<p class=\"has-medium-font-size\"><mark style=\"background-color:rgba(0, 0, 0, 0)\" class=\"has-inline-color has-luminous-vivid-orange-color\"><strong>Carte d\u00e9couverte : <\/strong><\/mark><\/p>\n\n\n\n<p>Cette carte <strong>valable 3 mois<\/strong> \u00e0 compter de la date d&rsquo;adh\u00e9sion, est <strong><mark style=\"background-color:rgba(0, 0, 0, 0)\" class=\"has-inline-color has-luminous-vivid-orange-color\">non renouvelable et r\u00e9serv\u00e9e aux nouveaux adh\u00e9rents<\/mark><\/strong>. Son montant est de <mark style=\"background-color:rgba(0, 0, 0, 0)\" class=\"has-inline-color has-luminous-vivid-orange-color\"><strong>10 \u20ac.<\/strong><\/mark><\/p>\n\n\n","protected":false},"excerpt":{"rendered":"","protected":false},"author":1,"featured_media":0,"parent":0,"menu_order":0,"comment_status":"closed","ping_status":"closed","template":"","meta":{"footnotes":""},"class_list":["post-1319","page","type-page","status-publish","hentry"],"_links":{"self":[{"href":"https:\/\/grs-chauffailles.com\/index.php\/wp-json\/wp\/v2\/pages\/1319","targetHints":{"allow":["GET"]}}],"collection":[{"href":"https:\/\/grs-chauffailles.com\/index.php\/wp-json\/wp\/v2\/pages"}],"about":[{"href":"https:\/\/grs-chauffailles.com\/index.php\/wp-json\/wp\/v2\/types\/page"}],"author":[{"embeddable":true,"href":"https:\/\/grs-chauffailles.com\/index.php\/wp-json\/wp\/v2\/users\/1"}],"replies":[{"embeddable":true,"href":"https:\/\/grs-chauffailles.com\/index.php\/wp-json\/wp\/v2\/comments?post=1319"}],"version-history":[{"count":3,"href":"https:\/\/grs-chauffailles.com\/index.php\/wp-json\/wp\/v2\/pages\/1319\/revisions"}],"predecessor-version":[{"id":13186,"href":"https:\/\/grs-chauffailles.com\/index.php\/wp-json\/wp\/v2\/pages\/1319\/revisions\/13186"}],"wp:attachment":[{"href":"https:\/\/grs-chauffailles.com\/index.php\/wp-json\/wp\/v2\/media?parent=1319"}],"curies":[{"name":"wp","href":"https:\/\/api.w.org\/{rel}","templated":true}]}}