{"id":13741,"date":"2026-03-11T15:22:20","date_gmt":"2026-03-11T14:22:20","guid":{"rendered":"https:\/\/grs-chauffailles.com\/?page_id=13741"},"modified":"2026-04-09T18:57:02","modified_gmt":"2026-04-09T16:57:02","slug":"gym_zen","status":"publish","type":"page","link":"https:\/\/grs-chauffailles.com\/index.php\/gym_zen\/","title":{"rendered":"Gym zen"},"content":{"rendered":"\n<div class=\"wp-block-media-text\" style=\"grid-template-columns:25% auto\"><figure class=\"wp-block-media-text__media\"><img loading=\"lazy\" decoding=\"async\" width=\"300\" height=\"300\" src=\"https:\/\/grs-chauffailles.com\/wp-content\/uploads\/2026\/02\/a_magand.jpg\" alt=\"\" class=\"wp-image-13408 size-full\" srcset=\"https:\/\/grs-chauffailles.com\/wp-content\/uploads\/2026\/02\/a_magand.jpg 300w, https:\/\/grs-chauffailles.com\/wp-content\/uploads\/2026\/02\/a_magand-150x150.jpg 150w, https:\/\/grs-chauffailles.com\/wp-content\/uploads\/2026\/02\/a_magand-80x80.jpg 80w\" sizes=\"auto, (max-width: 300px) 100vw, 300px\" \/><\/figure><div class=\"wp-block-media-text__content\">\n<p>Annick MAGAND<br><strong><mark style=\"background-color:rgba(0, 0, 0, 0)\" class=\"has-inline-color has-luminous-vivid-orange-color\">Coordinatrice Gym zen<\/mark><\/strong><\/p>\n\n\n\n<p><a href=\"https:\/\/grs-chauffailles.com\/index.php\/contacter-le-grs\/?contact=gym-zen@grs-chauffailles.com\" rel=\"nofollow\">Envoyer un message<\/a><\/p>\n<\/div><\/div>\n\n\n\n<hr class=\"wp-block-separator has-alpha-channel-opacity\"\/>\n\n\n\n<p>La <strong><mark style=\"background-color:rgba(0, 0, 0, 0)\" class=\"has-inline-color has-luminous-vivid-orange-color\">Gym zen <\/mark><\/strong>est une activit\u00e9 physique permettant un <mark style=\"background-color:rgba(0, 0, 0, 0)\" class=\"has-inline-color has-luminous-vivid-orange-color\"><strong>renforcement des muscles profonds<\/strong><\/mark>, responsables de la posture. Ces muscles appel\u00e9s aussi muscles du centre se situent entre les c\u00f4tes et le bassin, et tout autour de la colonne vert\u00e9brale (abdominaux, plancher pelvien, muscles du dos&#8230;).<\/p>\n\n\n\n<p><strong><mark style=\"background-color:rgba(0, 0, 0, 0)\" class=\"has-inline-color has-luminous-vivid-orange-color\">Les mouvements sont fluides<\/mark><\/strong>, associ\u00e9s \u00e0 la respiration, ex\u00e9cut\u00e9s lentement, toujours dans une recherche de qualit\u00e9 d&rsquo;ex\u00e9cution.<\/p>\n\n\n\n<p><strong><mark style=\"background-color:rgba(0, 0, 0, 0)\" class=\"has-inline-color has-luminous-vivid-orange-color\">Cette activit\u00e9 s&rsquo;adresse \u00e0 tout le monde<\/mark><\/strong>, car les exercices ne sont ni violents, ni traumatisants pour le corps.<\/p>\n\n\n\n<hr class=\"wp-block-separator has-alpha-channel-opacity\"\/>\n\n\n\n<p><mark style=\"background-color:rgba(0, 0, 0, 0)\" class=\"has-inline-color has-luminous-vivid-orange-color\"><strong>LES HORAIRES :<\/strong><\/mark> <strong><mark style=\"background-color:rgba(0, 0, 0, 0)\" class=\"has-inline-color has-vivid-cyan-blue-color\">A PARTIR DU MERCREDI 1er AVRIL 2026<\/mark><\/strong><\/p>\n\n\n\n<ul class=\"wp-block-list\">\n<li><mark style=\"background-color:rgba(0, 0, 0, 0)\" class=\"has-inline-color has-luminous-vivid-orange-color\"><strong>le mercredi de 9 h \u00e0 10 h 15 et de 10 h 30 \u00e0 11 h 45.<\/strong><\/mark><\/li>\n<\/ul>\n\n\n\n<div class=\"wp-block-columns is-not-stacked-on-mobile is-layout-flex wp-container-core-columns-is-layout-9d6595d7 wp-block-columns-is-layout-flex\">\n<div class=\"wp-block-column is-vertically-aligned-center is-layout-flow wp-block-column-is-layout-flow\">\n<p class=\"has-luminous-vivid-orange-color has-text-color has-link-color wp-elements-12061903135dc59208764ab0ca2a4f58\"><strong><mark style=\"background-color:rgba(0, 0, 0, 0)\" class=\"has-inline-color has-luminous-vivid-orange-color\"><mark style=\"background-color:rgba(0, 0, 0, 0)\" class=\"has-inline-color has-luminous-vivid-orange-color\">LE LIEU : salles Jean Fricaud<\/mark><\/mark>,<br><mark style=\"background-color:rgba(0, 0, 0, 0)\" class=\"has-inline-color has-luminous-vivid-orange-color\"><mark style=\"background-color:rgba(0, 0, 0, 0)\" class=\"has-inline-color has-luminous-vivid-orange-color\">33 B rue du 8 mai \u00e0 CHAUFFAILLES.<\/mark><\/mark><\/strong><\/p>\n<\/div>\n\n\n\n<div class=\"wp-block-column is-vertically-aligned-center is-layout-flow wp-block-column-is-layout-flow\">\n<figure data-wp-context=\"{&quot;imageId&quot;:&quot;69f32b27513c5&quot;}\" data-wp-interactive=\"core\/image\" data-wp-key=\"69f32b27513c5\" class=\"wp-block-image size-full wp-lightbox-container\"><img loading=\"lazy\" decoding=\"async\" width=\"800\" height=\"600\" data-wp-class--hide=\"state.isContentHidden\" data-wp-class--show=\"state.isContentVisible\" data-wp-init=\"callbacks.setButtonStyles\" data-wp-on--click=\"actions.showLightbox\" data-wp-on--load=\"callbacks.setButtonStyles\" data-wp-on-window--resize=\"callbacks.setButtonStyles\" src=\"https:\/\/grs-chauffailles.com\/wp-content\/uploads\/2024\/04\/salle-jean-Fricaud.jpg\" alt=\"\" class=\"wp-image-2908\" srcset=\"https:\/\/grs-chauffailles.com\/wp-content\/uploads\/2024\/04\/salle-jean-Fricaud.jpg 800w, https:\/\/grs-chauffailles.com\/wp-content\/uploads\/2024\/04\/salle-jean-Fricaud-300x225.jpg 300w, https:\/\/grs-chauffailles.com\/wp-content\/uploads\/2024\/04\/salle-jean-Fricaud-768x576.jpg 768w\" sizes=\"auto, (max-width: 800px) 100vw, 800px\" \/><button\n\t\t\tclass=\"lightbox-trigger\"\n\t\t\ttype=\"button\"\n\t\t\taria-haspopup=\"dialog\"\n\t\t\taria-label=\"Agrandir\"\n\t\t\tdata-wp-init=\"callbacks.initTriggerButton\"\n\t\t\tdata-wp-on--click=\"actions.showLightbox\"\n\t\t\tdata-wp-style--right=\"state.imageButtonRight\"\n\t\t\tdata-wp-style--top=\"state.imageButtonTop\"\n\t\t>\n\t\t\t<svg xmlns=\"http:\/\/www.w3.org\/2000\/svg\" width=\"12\" height=\"12\" fill=\"none\" viewBox=\"0 0 12 12\">\n\t\t\t\t<path fill=\"#fff\" d=\"M2 0a2 2 0 0 0-2 2v2h1.5V2a.5.5 0 0 1 .5-.5h2V0H2Zm2 10.5H2a.5.5 0 0 1-.5-.5V8H0v2a2 2 0 0 0 2 2h2v-1.5ZM8 12v-1.5h2a.5.5 0 0 0 .5-.5V8H12v2a2 2 0 0 1-2 2H8Zm2-12a2 2 0 0 1 2 2v2h-1.5V2a.5.5 0 0 0-.5-.5H8V0h2Z\" \/>\n\t\t\t<\/svg>\n\t\t<\/button><\/figure>\n<\/div>\n\n\n\n<div class=\"wp-block-column is-vertically-aligned-center is-layout-flow wp-block-column-is-layout-flow\">\n<iframe src=\"https:\/\/www.google.com\/maps\/embed?pb=!1m18!1m12!1m3!1d2925.349673658923!2d4.33274215581772!3d46.20722895389128!2m3!1f0!2f0!3f0!3m2!1i1024!2i768!4f13.1!3m3!1m2!1s0x47f38d005e414c53%3A0x56fd732fc7e573e4!2ssalle%20JEAN%20FRICAUD!5e0!3m2!1sfr!2sfr!4v1714106684508!5m2!1sfr!2sfr\" width=\"100%\" height=\"auto\" style=\"border:0;\" allowfullscreen=\"\" loading=\"lazy\" referrerpolicy=\"no-referrer-when-downgrade\"><\/iframe>\n<\/div>\n<\/div>\n\n\n\n<hr class=\"wp-block-separator has-alpha-channel-opacity\"\/>\n\n\n\n<figure class=\"wp-block-gallery has-nested-images columns-default is-cropped wp-block-gallery-1 is-layout-flex wp-block-gallery-is-layout-flex\">\n<figure data-wp-context=\"{&quot;imageId&quot;:&quot;69f32b2751b83&quot;}\" data-wp-interactive=\"core\/image\" data-wp-key=\"69f32b2751b83\" class=\"wp-block-image size-full wp-lightbox-container\"><img loading=\"lazy\" decoding=\"async\" width=\"1131\" height=\"636\" data-wp-class--hide=\"state.isContentHidden\" data-wp-class--show=\"state.isContentVisible\" data-wp-init=\"callbacks.setButtonStyles\" data-wp-on--click=\"actions.showLightbox\" data-wp-on--load=\"callbacks.setButtonStyles\" data-wp-on-window--resize=\"callbacks.setButtonStyles\" data-id=\"14006\" src=\"https:\/\/grs-chauffailles.com\/wp-content\/uploads\/2026\/04\/pilates_01.jpg\" alt=\"\" class=\"wp-image-14006\" srcset=\"https:\/\/grs-chauffailles.com\/wp-content\/uploads\/2026\/04\/pilates_01.jpg 1131w, https:\/\/grs-chauffailles.com\/wp-content\/uploads\/2026\/04\/pilates_01-300x169.jpg 300w, https:\/\/grs-chauffailles.com\/wp-content\/uploads\/2026\/04\/pilates_01-1024x576.jpg 1024w, https:\/\/grs-chauffailles.com\/wp-content\/uploads\/2026\/04\/pilates_01-768x432.jpg 768w\" sizes=\"auto, (max-width: 1131px) 100vw, 1131px\" \/><button\n\t\t\tclass=\"lightbox-trigger\"\n\t\t\ttype=\"button\"\n\t\t\taria-haspopup=\"dialog\"\n\t\t\taria-label=\"Agrandir\"\n\t\t\tdata-wp-init=\"callbacks.initTriggerButton\"\n\t\t\tdata-wp-on--click=\"actions.showLightbox\"\n\t\t\tdata-wp-style--right=\"state.imageButtonRight\"\n\t\t\tdata-wp-style--top=\"state.imageButtonTop\"\n\t\t>\n\t\t\t<svg xmlns=\"http:\/\/www.w3.org\/2000\/svg\" width=\"12\" height=\"12\" fill=\"none\" viewBox=\"0 0 12 12\">\n\t\t\t\t<path fill=\"#fff\" d=\"M2 0a2 2 0 0 0-2 2v2h1.5V2a.5.5 0 0 1 .5-.5h2V0H2Zm2 10.5H2a.5.5 0 0 1-.5-.5V8H0v2a2 2 0 0 0 2 2h2v-1.5ZM8 12v-1.5h2a.5.5 0 0 0 .5-.5V8H12v2a2 2 0 0 1-2 2H8Zm2-12a2 2 0 0 1 2 2v2h-1.5V2a.5.5 0 0 0-.5-.5H8V0h2Z\" \/>\n\t\t\t<\/svg>\n\t\t<\/button><\/figure>\n\n\n\n<figure data-wp-context=\"{&quot;imageId&quot;:&quot;69f32b27520f2&quot;}\" data-wp-interactive=\"core\/image\" data-wp-key=\"69f32b27520f2\" class=\"wp-block-image size-full wp-lightbox-container\"><img loading=\"lazy\" decoding=\"async\" width=\"1131\" height=\"636\" data-wp-class--hide=\"state.isContentHidden\" data-wp-class--show=\"state.isContentVisible\" data-wp-init=\"callbacks.setButtonStyles\" data-wp-on--click=\"actions.showLightbox\" data-wp-on--load=\"callbacks.setButtonStyles\" data-wp-on-window--resize=\"callbacks.setButtonStyles\" data-id=\"14007\" src=\"https:\/\/grs-chauffailles.com\/wp-content\/uploads\/2026\/04\/pilates_02.jpg\" alt=\"\" class=\"wp-image-14007\" srcset=\"https:\/\/grs-chauffailles.com\/wp-content\/uploads\/2026\/04\/pilates_02.jpg 1131w, https:\/\/grs-chauffailles.com\/wp-content\/uploads\/2026\/04\/pilates_02-300x169.jpg 300w, https:\/\/grs-chauffailles.com\/wp-content\/uploads\/2026\/04\/pilates_02-1024x576.jpg 1024w, https:\/\/grs-chauffailles.com\/wp-content\/uploads\/2026\/04\/pilates_02-768x432.jpg 768w\" sizes=\"auto, (max-width: 1131px) 100vw, 1131px\" \/><button\n\t\t\tclass=\"lightbox-trigger\"\n\t\t\ttype=\"button\"\n\t\t\taria-haspopup=\"dialog\"\n\t\t\taria-label=\"Agrandir\"\n\t\t\tdata-wp-init=\"callbacks.initTriggerButton\"\n\t\t\tdata-wp-on--click=\"actions.showLightbox\"\n\t\t\tdata-wp-style--right=\"state.imageButtonRight\"\n\t\t\tdata-wp-style--top=\"state.imageButtonTop\"\n\t\t>\n\t\t\t<svg xmlns=\"http:\/\/www.w3.org\/2000\/svg\" width=\"12\" height=\"12\" fill=\"none\" viewBox=\"0 0 12 12\">\n\t\t\t\t<path fill=\"#fff\" d=\"M2 0a2 2 0 0 0-2 2v2h1.5V2a.5.5 0 0 1 .5-.5h2V0H2Zm2 10.5H2a.5.5 0 0 1-.5-.5V8H0v2a2 2 0 0 0 2 2h2v-1.5ZM8 12v-1.5h2a.5.5 0 0 0 .5-.5V8H12v2a2 2 0 0 1-2 2H8Zm2-12a2 2 0 0 1 2 2v2h-1.5V2a.5.5 0 0 0-.5-.5H8V0h2Z\" \/>\n\t\t\t<\/svg>\n\t\t<\/button><\/figure>\n\n\n\n<figure data-wp-context=\"{&quot;imageId&quot;:&quot;69f32b27525c7&quot;}\" data-wp-interactive=\"core\/image\" data-wp-key=\"69f32b27525c7\" class=\"wp-block-image size-full wp-lightbox-container\"><img loading=\"lazy\" decoding=\"async\" width=\"1131\" height=\"636\" data-wp-class--hide=\"state.isContentHidden\" data-wp-class--show=\"state.isContentVisible\" data-wp-init=\"callbacks.setButtonStyles\" data-wp-on--click=\"actions.showLightbox\" data-wp-on--load=\"callbacks.setButtonStyles\" data-wp-on-window--resize=\"callbacks.setButtonStyles\" data-id=\"14008\" src=\"https:\/\/grs-chauffailles.com\/wp-content\/uploads\/2026\/04\/pilates_03.jpg\" alt=\"\" class=\"wp-image-14008\" srcset=\"https:\/\/grs-chauffailles.com\/wp-content\/uploads\/2026\/04\/pilates_03.jpg 1131w, https:\/\/grs-chauffailles.com\/wp-content\/uploads\/2026\/04\/pilates_03-300x169.jpg 300w, https:\/\/grs-chauffailles.com\/wp-content\/uploads\/2026\/04\/pilates_03-1024x576.jpg 1024w, https:\/\/grs-chauffailles.com\/wp-content\/uploads\/2026\/04\/pilates_03-768x432.jpg 768w\" sizes=\"auto, (max-width: 1131px) 100vw, 1131px\" \/><button\n\t\t\tclass=\"lightbox-trigger\"\n\t\t\ttype=\"button\"\n\t\t\taria-haspopup=\"dialog\"\n\t\t\taria-label=\"Agrandir\"\n\t\t\tdata-wp-init=\"callbacks.initTriggerButton\"\n\t\t\tdata-wp-on--click=\"actions.showLightbox\"\n\t\t\tdata-wp-style--right=\"state.imageButtonRight\"\n\t\t\tdata-wp-style--top=\"state.imageButtonTop\"\n\t\t>\n\t\t\t<svg xmlns=\"http:\/\/www.w3.org\/2000\/svg\" width=\"12\" height=\"12\" fill=\"none\" viewBox=\"0 0 12 12\">\n\t\t\t\t<path fill=\"#fff\" d=\"M2 0a2 2 0 0 0-2 2v2h1.5V2a.5.5 0 0 1 .5-.5h2V0H2Zm2 10.5H2a.5.5 0 0 1-.5-.5V8H0v2a2 2 0 0 0 2 2h2v-1.5ZM8 12v-1.5h2a.5.5 0 0 0 .5-.5V8H12v2a2 2 0 0 1-2 2H8Zm2-12a2 2 0 0 1 2 2v2h-1.5V2a.5.5 0 0 0-.5-.5H8V0h2Z\" \/>\n\t\t\t<\/svg>\n\t\t<\/button><\/figure>\n<\/figure>\n","protected":false},"excerpt":{"rendered":"<p>Annick MAGANDCoordinatrice Gym zen Envoyer un message La Gym zen est une activit\u00e9 physique permettant un renforcement des muscles profonds, responsables de la posture. Ces muscles appel\u00e9s aussi muscles du centre se situent entre&#46;&#46;&#46;<\/p>\n","protected":false},"author":1,"featured_media":0,"parent":0,"menu_order":0,"comment_status":"closed","ping_status":"closed","template":"","meta":{"footnotes":""},"class_list":["post-13741","page","type-page","status-publish","hentry"],"_links":{"self":[{"href":"https:\/\/grs-chauffailles.com\/index.php\/wp-json\/wp\/v2\/pages\/13741","targetHints":{"allow":["GET"]}}],"collection":[{"href":"https:\/\/grs-chauffailles.com\/index.php\/wp-json\/wp\/v2\/pages"}],"about":[{"href":"https:\/\/grs-chauffailles.com\/index.php\/wp-json\/wp\/v2\/types\/page"}],"author":[{"embeddable":true,"href":"https:\/\/grs-chauffailles.com\/index.php\/wp-json\/wp\/v2\/users\/1"}],"replies":[{"embeddable":true,"href":"https:\/\/grs-chauffailles.com\/index.php\/wp-json\/wp\/v2\/comments?post=13741"}],"version-history":[{"count":9,"href":"https:\/\/grs-chauffailles.com\/index.php\/wp-json\/wp\/v2\/pages\/13741\/revisions"}],"predecessor-version":[{"id":14112,"href":"https:\/\/grs-chauffailles.com\/index.php\/wp-json\/wp\/v2\/pages\/13741\/revisions\/14112"}],"wp:attachment":[{"href":"https:\/\/grs-chauffailles.com\/index.php\/wp-json\/wp\/v2\/media?parent=13741"}],"curies":[{"name":"wp","href":"https:\/\/api.w.org\/{rel}","templated":true}]}}