{"id":14389,"date":"2026-05-05T09:25:21","date_gmt":"2026-05-05T07:25:21","guid":{"rendered":"https:\/\/grs-chauffailles.com\/?page_id=14389"},"modified":"2026-05-05T10:26:46","modified_gmt":"2026-05-05T08:26:46","slug":"on-recherche","status":"publish","type":"page","link":"https:\/\/grs-chauffailles.com\/index.php\/on-recherche\/","title":{"rendered":"On recherche&#8230;"},"content":{"rendered":"\n<div class=\"wp-block-group\"><div class=\"wp-block-group__inner-container is-layout-constrained wp-block-group-is-layout-constrained\"><div class=\"wp-block-image\">\n<figure class=\"aligncenter size-full\"><img decoding=\"async\" src=\"https:\/\/grs-chauffailles.com\/wp-content\/uploads\/2026\/05\/offre_emploi.jpg\" alt=\"\" class=\"wp-image-14406\"\/><\/figure>\n<\/div>\n\n\n<p><\/p>\n\n\n\n<p>Il n&rsquo;est jamais souhaitable pour une association que des fonctions soient confi\u00e9es \u00e0 1 seule personne !<\/p>\n\n\n\n<p>Or je suis le seul \u00e0 m&rsquo;occuper <strong><mark style=\"background-color:rgba(0, 0, 0, 0)\" class=\"has-inline-color has-luminous-vivid-orange-color\">de l&rsquo;aspect technique<\/mark><\/strong> :<\/p>\n\n\n\n<ul class=\"wp-block-list\">\n<li>du <strong><mark style=\"background-color:rgba(0, 0, 0, 0)\" class=\"has-inline-color has-luminous-vivid-orange-color\">site <\/mark><\/strong>du GRS,<\/li>\n\n\n\n<li>de l&rsquo;<strong><mark style=\"background-color:rgba(0, 0, 0, 0)\" class=\"has-inline-color has-luminous-vivid-orange-color\">Espace GRS<\/mark><\/strong> destin\u00e9 au Comit\u00e9 Directeur et aux coordinateurs,<\/li>\n\n\n\n<li>de <strong><mark style=\"background-color:rgba(0, 0, 0, 0)\" class=\"has-inline-color has-luminous-vivid-orange-color\">GRS Inscriptions<\/mark><\/strong>, application permettant de g\u00e9rer les adh\u00e9rents au niveau local.<\/li>\n<\/ul>\n<\/div><\/div>\n\n\n\n<p><strong><mark style=\"background-color:rgba(0, 0, 0, 0)\" class=\"has-inline-color has-luminous-vivid-orange-color\">Je souhaiterais \u00eatre \u00e9paul\u00e9 dans cette t\u00e2che !<\/mark><\/strong><\/p>\n\n\n\n<p>C&rsquo;est pourquoi, <strong><mark style=\"background-color:rgba(0, 0, 0, 0)\" class=\"has-inline-color has-luminous-vivid-orange-color\">je recherche 2 profils &lsquo;informatiques&rsquo;<\/mark><\/strong>, qui peuvent \u00eatre 2 personnes diff\u00e9rentes, ou 1 seule !<\/p>\n\n\n\n<p>Pour information, <strong><mark style=\"background-color:rgba(0, 0, 0, 0)\" class=\"has-inline-color has-luminous-vivid-orange-color\">je n&rsquo;ai jamais \u00e9t\u00e9 informaticien ou d\u00e9veloppeur !<\/mark><\/strong><br>C&rsquo;est juste un passe-temps d&rsquo;<strong><mark style=\"background-color:rgba(0, 0, 0, 0)\" class=\"has-inline-color has-luminous-vivid-orange-color\">Amateur<\/mark><\/strong>. (Amateur dans le sens &lsquo;noble&rsquo; du terme, c&rsquo;est-\u00e0-dire &lsquo;celui\/celle qui aime&rsquo; !)<\/p>\n\n\n\n<p><strong><mark style=\"background-color:rgba(0, 0, 0, 0)\" class=\"has-inline-color has-luminous-vivid-orange-color\">Sont recherch\u00e9es<\/mark><\/strong> :<\/p>\n\n\n\n<ul class=\"wp-block-list\">\n<li><strong><mark style=\"background-color:rgba(0, 0, 0, 0)\" class=\"has-inline-color has-luminous-vivid-orange-color\">1er profil<\/mark><\/strong> : des comp\u00e9tences, <strong><mark style=\"background-color:rgba(0, 0, 0, 0)\" class=\"has-inline-color has-luminous-vivid-orange-color\">m\u00eame amateurs<\/mark><\/strong>, &lsquo;<strong><mark style=\"background-color:rgba(0, 0, 0, 0)\" class=\"has-inline-color has-vivid-cyan-blue-color\">WordPress<\/mark><\/strong>&lsquo;, notamment dans la <strong><mark style=\"background-color:rgba(0, 0, 0, 0)\" class=\"has-inline-color has-vivid-cyan-blue-color\">gestion des plugins<\/mark><\/strong>, des droits d&rsquo;administration, etc.<\/li>\n<\/ul>\n\n\n\n<ul class=\"wp-block-list\">\n<li><strong><mark style=\"background-color:rgba(0, 0, 0, 0)\" class=\"has-inline-color has-luminous-vivid-orange-color\">2\u00e8me profil<\/mark><\/strong> : des comp\u00e9tences, <strong><mark style=\"background-color:rgba(0, 0, 0, 0)\" class=\"has-inline-color has-luminous-vivid-orange-color\">m\u00eame amateurs<\/mark><\/strong>, dans les langages suivants :\n<ul class=\"wp-block-list\">\n<li><strong><mark style=\"background-color:rgba(0, 0, 0, 0)\" class=\"has-inline-color has-vivid-cyan-blue-color\">HTML<\/mark><\/strong>,<\/li>\n\n\n\n<li><strong><mark style=\"background-color:rgba(0, 0, 0, 0)\" class=\"has-inline-color has-vivid-cyan-blue-color\">PHP \/ MySQL<\/mark><\/strong>,<\/li>\n\n\n\n<li><strong><mark style=\"background-color:rgba(0, 0, 0, 0)\" class=\"has-inline-color has-vivid-cyan-blue-color\">Javascript<\/mark><\/strong>,<\/li>\n\n\n\n<li><strong><mark style=\"background-color:rgba(0, 0, 0, 0)\" class=\"has-inline-color has-vivid-cyan-blue-color\">CSS<\/mark><\/strong>.<\/li>\n<\/ul>\n<\/li>\n<\/ul>\n\n\n\n<div class=\"wp-block-media-text has-media-on-the-right is-vertically-aligned-center\" style=\"grid-template-columns:auto 15%\"><div class=\"wp-block-media-text__content\">\n<p class=\"has-text-align-right has-medium-font-size\">N&rsquo;h\u00e9sitez pas \u00e0 <a href=\"https:\/\/grs-chauffailles.com\/index.php\/contacter-le-grs\/?contact=webmaster@grs-chauffailles.com\" rel=\"nofollow\">me contacter<\/a> pour plus d&rsquo;informations !<\/p>\n\n\n\n<p class=\"has-text-align-right has-medium-font-size\"><strong><mark style=\"background-color:rgba(0, 0, 0, 0)\" class=\"has-inline-color has-luminous-vivid-orange-color\">Herv\u00e9 VALLIN<\/mark><\/strong>, webmaster<br><\/p>\n<\/div><figure class=\"wp-block-media-text__media\"><img decoding=\"async\" src=\"https:\/\/grs-chauffailles.com\/wp-content\/uploads\/2026\/02\/h_vallin.jpg\" alt=\"\" class=\"wp-image-13405 size-full\"\/><\/figure><\/div>\n","protected":false},"excerpt":{"rendered":"<p>Il n&rsquo;est jamais souhaitable pour une association que des fonctions soient confi\u00e9es \u00e0 1 seule personne ! Or je suis le seul \u00e0 m&rsquo;occuper de l&rsquo;aspect technique : Je souhaiterais \u00eatre \u00e9paul\u00e9 dans cette&#46;&#46;&#46;<\/p>\n","protected":false},"author":1,"featured_media":0,"parent":0,"menu_order":0,"comment_status":"closed","ping_status":"closed","template":"","meta":{"footnotes":""},"class_list":["post-14389","page","type-page","status-publish","hentry"],"_links":{"self":[{"href":"https:\/\/grs-chauffailles.com\/index.php\/wp-json\/wp\/v2\/pages\/14389","targetHints":{"allow":["GET"]}}],"collection":[{"href":"https:\/\/grs-chauffailles.com\/index.php\/wp-json\/wp\/v2\/pages"}],"about":[{"href":"https:\/\/grs-chauffailles.com\/index.php\/wp-json\/wp\/v2\/types\/page"}],"author":[{"embeddable":true,"href":"https:\/\/grs-chauffailles.com\/index.php\/wp-json\/wp\/v2\/users\/1"}],"replies":[{"embeddable":true,"href":"https:\/\/grs-chauffailles.com\/index.php\/wp-json\/wp\/v2\/comments?post=14389"}],"version-history":[{"count":13,"href":"https:\/\/grs-chauffailles.com\/index.php\/wp-json\/wp\/v2\/pages\/14389\/revisions"}],"predecessor-version":[{"id":14409,"href":"https:\/\/grs-chauffailles.com\/index.php\/wp-json\/wp\/v2\/pages\/14389\/revisions\/14409"}],"wp:attachment":[{"href":"https:\/\/grs-chauffailles.com\/index.php\/wp-json\/wp\/v2\/media?parent=14389"}],"curies":[{"name":"wp","href":"https:\/\/api.w.org\/{rel}","templated":true}]}}