{"id":1441,"date":"2024-03-25T06:25:32","date_gmt":"2024-03-25T05:25:32","guid":{"rendered":"https:\/\/grs-chauffailles.com\/?page_id=1441"},"modified":"2025-06-24T17:28:38","modified_gmt":"2025-06-24T15:28:38","slug":"mentions-legales","status":"publish","type":"page","link":"https:\/\/grs-chauffailles.com\/index.php\/mentions-legales\/","title":{"rendered":"Mentions l\u00e9gales"},"content":{"rendered":"\n<h2 class=\"wp-block-heading\">Qui sommes-nous&nbsp;?<\/h2>\n\n\n\n<p>Le GRS de Chauffailles (Groupement de la Retraite Sportive de Chauffailles) est une association sportive relevant de la loi du 1 juillet 1901 et d\u00e9finie par le chapitre II du titre 1er de la loi n\u00b084 610 du 16 juillet 1984 modifi\u00e9e et par le d\u00e9cret d&rsquo;application n\u00b02004 -2 du 7 janvier 2004.<br>Elle adh\u00e8re \u00e0 la FFRS (F\u00e9d\u00e9ration Fran\u00e7aise de Retraite Sportive) par son appartenance au CODERS 71 (COmit\u00e9 D\u00c9partemental de la Retraite Sportive de Sa\u00f4ne-et-Loire) , dont elle constitue un des clubs affili\u00e9s.<\/p>\n\n\n\n<p>L&rsquo;association a pour objet de :<\/p>\n\n\n\n<ul class=\"wp-block-list\">\n<li>Favoriser le d\u00e9veloppement de la pratique des activit\u00e9s physiques et sportives adapt\u00e9es au temps de la retraite ou au temps assimil\u00e9, sans id\u00e9e de comp\u00e9tition, dans le respect des r\u00e8glements techniques des disciplines sportives, le cas \u00e9ch\u00e9ant, adapt\u00e9es aux caract\u00e9ristiques des adh\u00e9rents, et des r\u00e8gles g\u00e9n\u00e9rales et particuli\u00e8res de s\u00e9curit\u00e9,<\/li>\n\n\n\n<li>Valoriser la pr\u00e9servation du capital sant\u00e9 des pratiquants sportifs avan\u00e7ant en \u00e2ge,<\/li>\n\n\n\n<li>Promouvoir la convivialit\u00e9 par la pratique en groupe des activit\u00e9s physiques et sportives dont la liste est mise \u00e0 jour annuellement par la FFRS et accessoirement par des activit\u00e9s cr\u00e9atives et artistiques.<\/li>\n<\/ul>\n\n\n\n<h2 class=\"wp-block-heading\">Si\u00e8ge social :<\/h2>\n\n\n\n<p><strong><mark style=\"background-color:rgba(0, 0, 0, 0)\" class=\"has-inline-color has-luminous-vivid-orange-color\">GRS Chauffailles<br>8 rue des \u00c9coles<br>71170 CHAUFFAILLES<\/mark><\/strong><\/p>\n\n\n\n<h2 class=\"wp-block-heading\">Site Internet :<\/h2>\n\n\n\n<p>L\u2019adresse de notre site Web est&nbsp;: https:\/\/grs-chauffailles.com.<\/p>\n\n\n\n<h2 class=\"wp-block-heading\">Responsables de la r\u00e9daction :<\/h2>\n\n\n\n<ul class=\"wp-block-list\">\n<li>Responsable de la r\u00e9daction : M. Marcel BRETTON, Pr\u00e9sident de l&rsquo;association,<\/li>\n\n\n\n<li>R\u00e9dacteurs des pages du site : Paulette LEROY, Fran\u00e7ois SORIANO et Jean-Marc COLLET. (\u00c9l\u00e9ments des pages &lsquo;Activit\u00e9s&rsquo; fournis par chaque coordinateur),<\/li>\n\n\n\n<li>R\u00e9dacteurs des articles du site concernant la vie du GRS : Paulette LEROY, Fran\u00e7ois SORIANO et Jean-Marc COLLET,<\/li>\n\n\n\n<li>R\u00e9dacteurs des articles du site concernant les activit\u00e9s sportives : les coordinateurs des activit\u00e9s concern\u00e9es.<\/li>\n<\/ul>\n\n\n\n<h2 class=\"wp-block-heading\">Webmaster :<\/h2>\n\n\n\n<ul class=\"wp-block-list\">\n<li>Maintenance technique : Herv\u00e9 VALLIN.<\/li>\n<\/ul>\n\n\n\n<h2 class=\"wp-block-heading\">\u00c9l\u00e9ments graphiques du site :<\/h2>\n\n\n\n<ul class=\"wp-block-list\">\n<li>DPO : Jean-Marc CL\u00c9MENT.<\/li>\n<\/ul>\n\n\n\n<p>Conform\u00e9ment au RGPD (R\u00e8glement G\u00e9n\u00e9ral sur la Protection des Donn\u00e9es), les photos des adh\u00e9rents sont publi\u00e9es avec leur accord sign\u00e9 \u00e0 l&rsquo;inscription de ceux-ci :<\/p>\n\n\n\n<figure class=\"wp-block-table is-style-stripes\"><table><tbody><tr><td class=\"has-text-align-left\" data-align=\"left\"><em>J&rsquo;autorise le G.R.S. \u00e0 me photographier et me filmer dans le cadre de mes activit\u00e9s au sein de l&rsquo;association :<br>&#8211; Lors des s\u00e9ances de pratique de mon \/ mes activit\u00e9(s),<br>&#8211; Lors des diff\u00e9rents \u00e9v\u00e8nements que le G.R.S. organise (manifestations, expositions, etc.)<\/em><br><em><br>J\u2019accepte l\u2019utilisation et l\u2019exploitation non commerciale de mon image :<br>&#8211; sur le site internet de l\u2019association (grs-chauffailles.com),<\/em><\/td><\/tr><\/tbody><\/table><\/figure>\n\n\n\n<h2 class=\"wp-block-heading\">H\u00e9bergement :<\/h2>\n\n\n\n<p>Le site grs-chauffailles.com est h\u00e9berg\u00e9 chez OVH.<br>2 rue Kellermann<br>59 100 Roubaix<br>France<\/p>\n","protected":false},"excerpt":{"rendered":"<p>Qui sommes-nous&nbsp;? Le GRS de Chauffailles (Groupement de la Retraite Sportive de Chauffailles) est une association sportive relevant de la loi du 1 juillet 1901 et d\u00e9finie par le chapitre II du titre 1er&#46;&#46;&#46;<\/p>\n","protected":false},"author":1,"featured_media":0,"parent":0,"menu_order":0,"comment_status":"closed","ping_status":"closed","template":"","meta":{"footnotes":""},"class_list":["post-1441","page","type-page","status-publish","hentry"],"_links":{"self":[{"href":"https:\/\/grs-chauffailles.com\/index.php\/wp-json\/wp\/v2\/pages\/1441","targetHints":{"allow":["GET"]}}],"collection":[{"href":"https:\/\/grs-chauffailles.com\/index.php\/wp-json\/wp\/v2\/pages"}],"about":[{"href":"https:\/\/grs-chauffailles.com\/index.php\/wp-json\/wp\/v2\/types\/page"}],"author":[{"embeddable":true,"href":"https:\/\/grs-chauffailles.com\/index.php\/wp-json\/wp\/v2\/users\/1"}],"replies":[{"embeddable":true,"href":"https:\/\/grs-chauffailles.com\/index.php\/wp-json\/wp\/v2\/comments?post=1441"}],"version-history":[{"count":0,"href":"https:\/\/grs-chauffailles.com\/index.php\/wp-json\/wp\/v2\/pages\/1441\/revisions"}],"wp:attachment":[{"href":"https:\/\/grs-chauffailles.com\/index.php\/wp-json\/wp\/v2\/media?parent=1441"}],"curies":[{"name":"wp","href":"https:\/\/api.w.org\/{rel}","templated":true}]}}