{"id":223,"date":"2024-02-08T09:41:14","date_gmt":"2024-02-08T08:41:14","guid":{"rendered":"https:\/\/grs-chauffailles.com\/?page_id=223"},"modified":"2026-03-11T15:24:18","modified_gmt":"2026-03-11T14:24:18","slug":"gymnastique","status":"publish","type":"page","link":"https:\/\/grs-chauffailles.com\/index.php\/gymnastique\/","title":{"rendered":"Gymnastique"},"content":{"rendered":"\n<div class=\"wp-block-columns is-layout-flex wp-container-core-columns-is-layout-9d6595d7 wp-block-columns-is-layout-flex\">\n<div class=\"wp-block-column is-layout-flow wp-block-column-is-layout-flow\" style=\"flex-basis:20%\">\n<figure class=\"wp-block-image size-full\"><img loading=\"lazy\" decoding=\"async\" width=\"300\" height=\"300\" src=\"https:\/\/grs-chauffailles.com\/wp-content\/uploads\/2025\/11\/coord_gym.jpg\" alt=\"\" class=\"wp-image-12137\" srcset=\"https:\/\/grs-chauffailles.com\/wp-content\/uploads\/2025\/11\/coord_gym.jpg 300w, https:\/\/grs-chauffailles.com\/wp-content\/uploads\/2025\/11\/coord_gym-150x150.jpg 150w, https:\/\/grs-chauffailles.com\/wp-content\/uploads\/2025\/11\/coord_gym-80x80.jpg 80w\" sizes=\"auto, (max-width: 300px) 100vw, 300px\" \/><\/figure>\n<\/div>\n\n\n\n<div class=\"wp-block-column is-layout-flow wp-block-column-is-layout-flow\" style=\"flex-basis:30%\">\n<p>Chantal VINCENT<br><strong><mark style=\"background-color:rgba(0, 0, 0, 0)\" class=\"has-inline-color has-luminous-vivid-orange-color\">Coordinatrice Gymnastique Chauffailles &amp; Anglure<\/mark><\/strong><\/p>\n\n\n\n<p><a href=\"https:\/\/grs-chauffailles.com\/index.php\/contacter-le-grs\/?contact=gym@grs-chauffailles.com\" rel=\"nofollow\">Envoyer un message<\/a><\/p>\n<\/div>\n\n\n\n<div class=\"wp-block-column is-layout-flow wp-block-column-is-layout-flow\" style=\"flex-basis:30%\">\n<p class=\"has-text-align-right\">V\u00e9ronique THEVENET<br><strong><mark style=\"background-color:rgba(0, 0, 0, 0)\" class=\"has-inline-color has-luminous-vivid-orange-color\">Coordinatrice Gymnastique<\/mark><\/strong><br><strong><mark style=\"background-color:rgba(0, 0, 0, 0)\" class=\"has-inline-color has-luminous-vivid-orange-color\">St-Maurice-l\u00e8s-Ch.<\/mark><\/strong><\/p>\n\n\n\n<p class=\"has-text-align-right\"><a href=\"https:\/\/grs-chauffailles.com\/index.php\/contacter-le-grs\/?contact=gym-stmaurice@grs-chauffailles.com\" rel=\"nofollow\">Envoyer un message<\/a><\/p>\n<\/div>\n\n\n\n<div class=\"wp-block-column is-layout-flow wp-block-column-is-layout-flow\" style=\"flex-basis:20%\">\n<figure class=\"wp-block-image size-full\"><img loading=\"lazy\" decoding=\"async\" width=\"300\" height=\"300\" src=\"https:\/\/grs-chauffailles.com\/wp-content\/uploads\/2025\/11\/coord_gym_st_maurice.jpg\" alt=\"\" class=\"wp-image-12134\" srcset=\"https:\/\/grs-chauffailles.com\/wp-content\/uploads\/2025\/11\/coord_gym_st_maurice.jpg 300w, https:\/\/grs-chauffailles.com\/wp-content\/uploads\/2025\/11\/coord_gym_st_maurice-150x150.jpg 150w, https:\/\/grs-chauffailles.com\/wp-content\/uploads\/2025\/11\/coord_gym_st_maurice-80x80.jpg 80w\" sizes=\"auto, (max-width: 300px) 100vw, 300px\" \/><\/figure>\n<\/div>\n<\/div>\n\n\n\n<hr class=\"wp-block-separator has-alpha-channel-opacity\"\/>\n\n\n\n<p><mark style=\"background-color:rgba(0, 0, 0, 0)\" class=\"has-inline-color has-luminous-vivid-orange-color\"><strong>POURQUOI PRATIQUER ?<\/strong><\/mark><\/p>\n\n\n\n<p>La gym que nous pratiquons est une activit\u00e9 physique pens\u00e9e pour respecter notre corps et notre rythme.<br>Elle privil\u00e9gie des mouvements contr\u00f4l\u00e9s, sans choc ni pression sur nos articulations, elle renforce les muscles profonds et am\u00e9liore notre souplesse et notre \u00e9quilibre tout en offrant un moment de d\u00e9tente et de convivialit\u00e9,<br>Elle n&rsquo;exige ni performance ni comp\u00e9tition, simplement l&rsquo;envie de prendre soin de soi.<br>Nous pouvons la pratiquer avec des accessoires (ballon, b\u00e2ton, chaise, halt\u00e8res et autres step etc) ou sans.<br>C&rsquo;est une mani\u00e8re accessible et s\u00e9curis\u00e9e afin de pr\u00e9server autonomie et \u00e9nergie au quotidien.<\/p>\n\n\n\n<p><strong><mark style=\"background-color:rgba(0, 0, 0, 0)\" class=\"has-inline-color has-luminous-vivid-orange-color\">B\u00c9N\u00c9FICES PHYSIQUES :<\/mark><\/strong><\/p>\n\n\n\n<p>Maintien de la souplesse articulaire, maintien et am\u00e9lioration de la masse et de la force musculaire, maintien des capacit\u00e9s cardio-respiratoires.<\/p>\n\n\n\n<p>Entretien de l\u2019\u00e9quilibre, de la coordination et de la capacit\u00e9 \u00e0 se mouvoir dans le temps et l\u2019espace.<\/p>\n\n\n\n<p><strong><mark style=\"background-color:rgba(0, 0, 0, 0)\" class=\"has-inline-color has-luminous-vivid-orange-color\">EFFETS PSYCHIQUES&nbsp;:<\/mark><\/strong><\/p>\n\n\n\n<p>Bien-\u00eatre psychologique ressenti apr\u00e8s une s\u00e9ance de gym, effet antid\u00e9presseur, augmente la confiance en soi.<\/p>\n\n\n\n<p><strong><mark style=\"background-color:rgba(0, 0, 0, 0)\" class=\"has-inline-color has-luminous-vivid-orange-color\">D\u00c9ROULEMENT D\u2019UNE S\u00c9ANCE :<\/mark><\/strong><\/p>\n\n\n\n<ul class=\"wp-block-list\">\n<li>\u00e9chauffements des muscles et des articulations,<\/li>\n\n\n\n<li>activation cardio-vasculaire et cardio-respiratoires<\/li>\n\n\n\n<li>renforcement musculaire (avec ou sans accessoire)<\/li>\n\n\n\n<li>retour au calme : \u00e9tirements &#8211; relaxation<\/li>\n<\/ul>\n\n\n\n<p><strong><mark style=\"background-color:rgba(0, 0, 0, 0)\" class=\"has-inline-color has-luminous-vivid-orange-color\">QUELQUES CONSIGNES&nbsp;:<\/mark><\/strong><\/p>\n\n\n\n<p>V\u00eatements souples, chaussures de gym propres r\u00e9serv\u00e9es \u00e0 l\u2019int\u00e9rieur, tapis de gym et bouteille d\u2019eau.<\/p>\n\n\n\n<p class=\"has-text-align-center\"><strong><mark style=\"background-color:rgba(0, 0, 0, 0)\" class=\"has-inline-color has-luminous-vivid-orange-color\">Pour CHAUFFAILLES, 5 animatrices et 1 animateur :<\/mark><\/strong><\/p>\n\n\n\n<p>Dominique ANDREVON, Nicole BOUSSAND, Liliane DUVERNAY, Colette LAMURE, Pascal MORTZ et Chantal VINCENT.<\/p>\n\n\n\n<p class=\"has-text-align-center\"><strong><mark style=\"background-color:rgba(0, 0, 0, 0)\" class=\"has-inline-color has-luminous-vivid-orange-color\">Pour ANGLURE-SOUS-DUN&nbsp;:<\/mark><\/strong><\/p>\n\n\n\n<p>Christiane BRIDAY.<\/p>\n\n\n\n<p class=\"has-text-align-center\"><strong><mark style=\"background-color:rgba(0, 0, 0, 0)\" class=\"has-inline-color has-luminous-vivid-orange-color\">Pour <strong>SAINT-MAURICE-L\u00c8S-CH\u00c2TEAUNEUF<\/strong> :<\/mark><\/strong><\/p>\n\n\n\n<p>Bernadette BESSON, Murielle RACINE, Brigitte SABOT, V\u00e9ronique TH\u00c9VENET et Marie H\u00e9l\u00e8ne VERMOREL.<\/p>\n\n\n\n<hr class=\"wp-block-separator has-alpha-channel-opacity\"\/>\n\n\n\n<p><mark style=\"background-color:rgba(0, 0, 0, 0)\" class=\"has-inline-color has-luminous-vivid-orange-color\"><strong>LES HORAIRES :<\/strong><\/mark><\/p>\n\n\n\n<ul class=\"wp-block-list\">\n<li><mark style=\"background-color:rgba(0, 0, 0, 0)\" class=\"has-inline-color has-luminous-vivid-orange-color\"><strong>le jeudi de 9 h \u00e0 10 h, de 10 h 15 \u00e0 11 h 15 et  de 15 h \u00e0 16 h.<\/strong><\/mark><\/li>\n<\/ul>\n\n\n\n<div class=\"wp-block-columns is-not-stacked-on-mobile is-layout-flex wp-container-core-columns-is-layout-9d6595d7 wp-block-columns-is-layout-flex\">\n<div class=\"wp-block-column is-vertically-aligned-center is-layout-flow wp-block-column-is-layout-flow\">\n<p class=\"has-luminous-vivid-orange-color has-text-color has-link-color wp-elements-6b4dc8763c75f57a7841d6b7c0e908e4\"><strong><mark style=\"background-color:rgba(0, 0, 0, 0)\" class=\"has-inline-color has-luminous-vivid-orange-color\"><mark style=\"background-color:rgba(0, 0, 0, 0)\" class=\"has-inline-color has-luminous-vivid-orange-color\">LE LIEU : salle Jean Fricaud<\/mark><\/mark>,<br><mark style=\"background-color:rgba(0, 0, 0, 0)\" class=\"has-inline-color has-luminous-vivid-orange-color\"><mark style=\"background-color:rgba(0, 0, 0, 0)\" class=\"has-inline-color has-luminous-vivid-orange-color\">33 B rue du 8 mai \u00e0 CHAUFFAILLES.<\/mark><\/mark><\/strong><\/p>\n<\/div>\n\n\n\n<div class=\"wp-block-column is-vertically-aligned-center is-layout-flow wp-block-column-is-layout-flow\">\n<figure data-wp-context=\"{&quot;imageId&quot;:&quot;69da42333251d&quot;}\" data-wp-interactive=\"core\/image\" data-wp-key=\"69da42333251d\" class=\"wp-block-image size-full wp-lightbox-container\"><img loading=\"lazy\" decoding=\"async\" width=\"800\" height=\"600\" data-wp-class--hide=\"state.isContentHidden\" data-wp-class--show=\"state.isContentVisible\" data-wp-init=\"callbacks.setButtonStyles\" data-wp-on--click=\"actions.showLightbox\" data-wp-on--load=\"callbacks.setButtonStyles\" data-wp-on-window--resize=\"callbacks.setButtonStyles\" src=\"https:\/\/grs-chauffailles.com\/wp-content\/uploads\/2024\/04\/salle-jean-Fricaud.jpg\" alt=\"\" class=\"wp-image-2908\" srcset=\"https:\/\/grs-chauffailles.com\/wp-content\/uploads\/2024\/04\/salle-jean-Fricaud.jpg 800w, https:\/\/grs-chauffailles.com\/wp-content\/uploads\/2024\/04\/salle-jean-Fricaud-300x225.jpg 300w, https:\/\/grs-chauffailles.com\/wp-content\/uploads\/2024\/04\/salle-jean-Fricaud-768x576.jpg 768w\" sizes=\"auto, (max-width: 800px) 100vw, 800px\" \/><button\n\t\t\tclass=\"lightbox-trigger\"\n\t\t\ttype=\"button\"\n\t\t\taria-haspopup=\"dialog\"\n\t\t\taria-label=\"Agrandir\"\n\t\t\tdata-wp-init=\"callbacks.initTriggerButton\"\n\t\t\tdata-wp-on--click=\"actions.showLightbox\"\n\t\t\tdata-wp-style--right=\"state.imageButtonRight\"\n\t\t\tdata-wp-style--top=\"state.imageButtonTop\"\n\t\t>\n\t\t\t<svg xmlns=\"http:\/\/www.w3.org\/2000\/svg\" width=\"12\" height=\"12\" fill=\"none\" viewBox=\"0 0 12 12\">\n\t\t\t\t<path fill=\"#fff\" d=\"M2 0a2 2 0 0 0-2 2v2h1.5V2a.5.5 0 0 1 .5-.5h2V0H2Zm2 10.5H2a.5.5 0 0 1-.5-.5V8H0v2a2 2 0 0 0 2 2h2v-1.5ZM8 12v-1.5h2a.5.5 0 0 0 .5-.5V8H12v2a2 2 0 0 1-2 2H8Zm2-12a2 2 0 0 1 2 2v2h-1.5V2a.5.5 0 0 0-.5-.5H8V0h2Z\" \/>\n\t\t\t<\/svg>\n\t\t<\/button><\/figure>\n<\/div>\n\n\n\n<div class=\"wp-block-column is-vertically-aligned-center is-layout-flow wp-block-column-is-layout-flow\">\n<iframe src=\"https:\/\/www.google.com\/maps\/embed?pb=!1m18!1m12!1m3!1d2925.349673658923!2d4.33274215581772!3d46.20722895389128!2m3!1f0!2f0!3f0!3m2!1i1024!2i768!4f13.1!3m3!1m2!1s0x47f38d005e414c53%3A0x56fd732fc7e573e4!2ssalle%20JEAN%20FRICAUD!5e0!3m2!1sfr!2sfr!4v1714106684508!5m2!1sfr!2sfr\" width=\"100%\" height=\"auto\" style=\"border:0;\" allowfullscreen=\"\" loading=\"lazy\" referrerpolicy=\"no-referrer-when-downgrade\"><\/iframe>\n<\/div>\n<\/div>\n\n\n\n<hr class=\"wp-block-separator has-alpha-channel-opacity\"\/>\n\n\n\n<p><mark style=\"background-color:rgba(0, 0, 0, 0)\" class=\"has-inline-color has-luminous-vivid-orange-color\"><strong>LES HORAIRES :<\/strong><\/mark><\/p>\n\n\n\n<ul class=\"wp-block-list\">\n<li><mark style=\"background-color:rgba(0, 0, 0, 0)\" class=\"has-inline-color has-luminous-vivid-orange-color\"><strong>le jeudi de 10 h \u00e0 11 h.<\/strong><\/mark><\/li>\n<\/ul>\n\n\n\n<div class=\"wp-block-columns is-not-stacked-on-mobile is-layout-flex wp-container-core-columns-is-layout-9d6595d7 wp-block-columns-is-layout-flex\">\n<div class=\"wp-block-column is-vertically-aligned-center is-layout-flow wp-block-column-is-layout-flow\">\n<p><mark style=\"background-color:rgba(0, 0, 0, 0)\" class=\"has-inline-color has-luminous-vivid-orange-color\"><strong>LE LIEU : salle du Foyer Rural , SAINT-MAURICE-LES-CHATEAUNEUF.<\/strong><\/mark><\/p>\n<\/div>\n\n\n\n<div class=\"wp-block-column is-vertically-aligned-center is-layout-flow wp-block-column-is-layout-flow\">\n<figure data-wp-context=\"{&quot;imageId&quot;:&quot;69da423332c13&quot;}\" data-wp-interactive=\"core\/image\" data-wp-key=\"69da423332c13\" class=\"wp-block-image size-full wp-lightbox-container\"><img loading=\"lazy\" decoding=\"async\" width=\"800\" height=\"600\" data-wp-class--hide=\"state.isContentHidden\" data-wp-class--show=\"state.isContentVisible\" data-wp-init=\"callbacks.setButtonStyles\" data-wp-on--click=\"actions.showLightbox\" data-wp-on--load=\"callbacks.setButtonStyles\" data-wp-on-window--resize=\"callbacks.setButtonStyles\" src=\"https:\/\/grs-chauffailles.com\/wp-content\/uploads\/2024\/04\/foyer-rural-St-Maurice.jpg\" alt=\"\" class=\"wp-image-2909\" srcset=\"https:\/\/grs-chauffailles.com\/wp-content\/uploads\/2024\/04\/foyer-rural-St-Maurice.jpg 800w, https:\/\/grs-chauffailles.com\/wp-content\/uploads\/2024\/04\/foyer-rural-St-Maurice-300x225.jpg 300w, https:\/\/grs-chauffailles.com\/wp-content\/uploads\/2024\/04\/foyer-rural-St-Maurice-768x576.jpg 768w\" sizes=\"auto, (max-width: 800px) 100vw, 800px\" \/><button\n\t\t\tclass=\"lightbox-trigger\"\n\t\t\ttype=\"button\"\n\t\t\taria-haspopup=\"dialog\"\n\t\t\taria-label=\"Agrandir\"\n\t\t\tdata-wp-init=\"callbacks.initTriggerButton\"\n\t\t\tdata-wp-on--click=\"actions.showLightbox\"\n\t\t\tdata-wp-style--right=\"state.imageButtonRight\"\n\t\t\tdata-wp-style--top=\"state.imageButtonTop\"\n\t\t>\n\t\t\t<svg xmlns=\"http:\/\/www.w3.org\/2000\/svg\" width=\"12\" height=\"12\" fill=\"none\" viewBox=\"0 0 12 12\">\n\t\t\t\t<path fill=\"#fff\" d=\"M2 0a2 2 0 0 0-2 2v2h1.5V2a.5.5 0 0 1 .5-.5h2V0H2Zm2 10.5H2a.5.5 0 0 1-.5-.5V8H0v2a2 2 0 0 0 2 2h2v-1.5ZM8 12v-1.5h2a.5.5 0 0 0 .5-.5V8H12v2a2 2 0 0 1-2 2H8Zm2-12a2 2 0 0 1 2 2v2h-1.5V2a.5.5 0 0 0-.5-.5H8V0h2Z\" \/>\n\t\t\t<\/svg>\n\t\t<\/button><\/figure>\n<\/div>\n\n\n\n<div class=\"wp-block-column is-vertically-aligned-center is-layout-flow wp-block-column-is-layout-flow\">\n<iframe src=\"https:\/\/www.google.com\/maps\/embed?pb=!1m18!1m12!1m3!1d9286.588477604715!2d4.250564417989581!3d46.212060883122405!2m3!1f0!2f0!3f0!3m2!1i1024!2i768!4f13.1!3m3!1m2!1s0x47f3f3fd41ee18ab%3A0x46f5e0cc788fcf39!2sSalle%20du%20Foyer%20Rural!5e0!3m2!1sfr!2sfr!4v1714111795544!5m2!1sfr!2sfr\" width=\"100%\" height=\"auto\" style=\"border:0;\" allowfullscreen=\"\" loading=\"lazy\" referrerpolicy=\"no-referrer-when-downgrade\"><\/iframe>\n<\/div>\n<\/div>\n\n\n\n<hr class=\"wp-block-separator has-alpha-channel-opacity\"\/>\n\n\n\n<p><mark style=\"background-color:rgba(0, 0, 0, 0)\" class=\"has-inline-color has-luminous-vivid-orange-color\"><strong>LES HORAIRES :<\/strong><\/mark><\/p>\n\n\n\n<ul class=\"wp-block-list\">\n<li><mark style=\"background-color:rgba(0, 0, 0, 0)\" class=\"has-inline-color has-luminous-vivid-orange-color\"><strong>le jeudi de 15 h \u00e0 16 h.<\/strong><\/mark><\/li>\n<\/ul>\n\n\n\n<div class=\"wp-block-columns is-not-stacked-on-mobile is-layout-flex wp-container-core-columns-is-layout-9d6595d7 wp-block-columns-is-layout-flex\">\n<div class=\"wp-block-column is-vertically-aligned-center is-layout-flow wp-block-column-is-layout-flow\">\n<p><mark style=\"background-color:rgba(0, 0, 0, 0)\" class=\"has-inline-color has-luminous-vivid-orange-color\"><strong>LE LIEU : salle des f\u00eates , ANGLURE-SOUS-DUN.<\/strong><\/mark><\/p>\n<\/div>\n\n\n\n<div class=\"wp-block-column is-vertically-aligned-center is-layout-flow wp-block-column-is-layout-flow\">\n<figure data-wp-context=\"{&quot;imageId&quot;:&quot;69da423333433&quot;}\" data-wp-interactive=\"core\/image\" data-wp-key=\"69da423333433\" class=\"wp-block-image size-full wp-lightbox-container\"><img loading=\"lazy\" decoding=\"async\" width=\"800\" height=\"600\" data-wp-class--hide=\"state.isContentHidden\" data-wp-class--show=\"state.isContentVisible\" data-wp-init=\"callbacks.setButtonStyles\" data-wp-on--click=\"actions.showLightbox\" data-wp-on--load=\"callbacks.setButtonStyles\" data-wp-on-window--resize=\"callbacks.setButtonStyles\" src=\"https:\/\/grs-chauffailles.com\/wp-content\/uploads\/2024\/04\/anglure-sous-dun-2.jpg\" alt=\"\" class=\"wp-image-2910\" srcset=\"https:\/\/grs-chauffailles.com\/wp-content\/uploads\/2024\/04\/anglure-sous-dun-2.jpg 800w, https:\/\/grs-chauffailles.com\/wp-content\/uploads\/2024\/04\/anglure-sous-dun-2-300x225.jpg 300w, https:\/\/grs-chauffailles.com\/wp-content\/uploads\/2024\/04\/anglure-sous-dun-2-768x576.jpg 768w\" sizes=\"auto, (max-width: 800px) 100vw, 800px\" \/><button\n\t\t\tclass=\"lightbox-trigger\"\n\t\t\ttype=\"button\"\n\t\t\taria-haspopup=\"dialog\"\n\t\t\taria-label=\"Agrandir\"\n\t\t\tdata-wp-init=\"callbacks.initTriggerButton\"\n\t\t\tdata-wp-on--click=\"actions.showLightbox\"\n\t\t\tdata-wp-style--right=\"state.imageButtonRight\"\n\t\t\tdata-wp-style--top=\"state.imageButtonTop\"\n\t\t>\n\t\t\t<svg xmlns=\"http:\/\/www.w3.org\/2000\/svg\" width=\"12\" height=\"12\" fill=\"none\" viewBox=\"0 0 12 12\">\n\t\t\t\t<path fill=\"#fff\" d=\"M2 0a2 2 0 0 0-2 2v2h1.5V2a.5.5 0 0 1 .5-.5h2V0H2Zm2 10.5H2a.5.5 0 0 1-.5-.5V8H0v2a2 2 0 0 0 2 2h2v-1.5ZM8 12v-1.5h2a.5.5 0 0 0 .5-.5V8H12v2a2 2 0 0 1-2 2H8Zm2-12a2 2 0 0 1 2 2v2h-1.5V2a.5.5 0 0 0-.5-.5H8V0h2Z\" \/>\n\t\t\t<\/svg>\n\t\t<\/button><\/figure>\n<\/div>\n\n\n\n<div class=\"wp-block-column is-vertically-aligned-center is-layout-flow wp-block-column-is-layout-flow\">\n<iframe src=\"https:\/\/www.google.com\/maps\/embed?pb=!1m18!1m12!1m3!1d820.5180767343417!2d4.361026318225215!3d46.23267459901762!2m3!1f0!2f0!3f0!3m2!1i1024!2i768!4f13.1!3m3!1m2!1s0x47f38e8e052e920d%3A0xf25b662fdac2d8ea!2sMairie!5e0!3m2!1sfr!2sfr!4v1714111728552!5m2!1sfr!2sfr\" width=\"100%\" height=\"auto\" style=\"border:0;\" allowfullscreen=\"\" loading=\"lazy\" referrerpolicy=\"no-referrer-when-downgrade\"><\/iframe>\n<\/div>\n<\/div>\n\n\n\n<hr class=\"wp-block-separator has-alpha-channel-opacity\"\/>\n\n\n\n<figure class=\"wp-block-gallery has-nested-images columns-default is-cropped wp-block-gallery-1 is-layout-flex wp-block-gallery-is-layout-flex\">\n<figure data-wp-context=\"{&quot;imageId&quot;:&quot;69da423333b0b&quot;}\" data-wp-interactive=\"core\/image\" data-wp-key=\"69da423333b0b\" class=\"wp-block-image size-full wp-lightbox-container\"><img loading=\"lazy\" decoding=\"async\" width=\"1599\" height=\"738\" data-wp-class--hide=\"state.isContentHidden\" data-wp-class--show=\"state.isContentVisible\" data-wp-init=\"callbacks.setButtonStyles\" data-wp-on--click=\"actions.showLightbox\" data-wp-on--load=\"callbacks.setButtonStyles\" data-wp-on-window--resize=\"callbacks.setButtonStyles\" data-id=\"13125\" src=\"https:\/\/grs-chauffailles.com\/wp-content\/uploads\/2026\/01\/gym_01.jpg\" alt=\"\" class=\"wp-image-13125\" srcset=\"https:\/\/grs-chauffailles.com\/wp-content\/uploads\/2026\/01\/gym_01.jpg 1599w, https:\/\/grs-chauffailles.com\/wp-content\/uploads\/2026\/01\/gym_01-300x138.jpg 300w, https:\/\/grs-chauffailles.com\/wp-content\/uploads\/2026\/01\/gym_01-1024x473.jpg 1024w, https:\/\/grs-chauffailles.com\/wp-content\/uploads\/2026\/01\/gym_01-768x354.jpg 768w, https:\/\/grs-chauffailles.com\/wp-content\/uploads\/2026\/01\/gym_01-1536x709.jpg 1536w, https:\/\/grs-chauffailles.com\/wp-content\/uploads\/2026\/01\/gym_01-1320x609.jpg 1320w\" sizes=\"auto, (max-width: 1599px) 100vw, 1599px\" \/><button\n\t\t\tclass=\"lightbox-trigger\"\n\t\t\ttype=\"button\"\n\t\t\taria-haspopup=\"dialog\"\n\t\t\taria-label=\"Agrandir\"\n\t\t\tdata-wp-init=\"callbacks.initTriggerButton\"\n\t\t\tdata-wp-on--click=\"actions.showLightbox\"\n\t\t\tdata-wp-style--right=\"state.imageButtonRight\"\n\t\t\tdata-wp-style--top=\"state.imageButtonTop\"\n\t\t>\n\t\t\t<svg xmlns=\"http:\/\/www.w3.org\/2000\/svg\" width=\"12\" height=\"12\" fill=\"none\" viewBox=\"0 0 12 12\">\n\t\t\t\t<path fill=\"#fff\" d=\"M2 0a2 2 0 0 0-2 2v2h1.5V2a.5.5 0 0 1 .5-.5h2V0H2Zm2 10.5H2a.5.5 0 0 1-.5-.5V8H0v2a2 2 0 0 0 2 2h2v-1.5ZM8 12v-1.5h2a.5.5 0 0 0 .5-.5V8H12v2a2 2 0 0 1-2 2H8Zm2-12a2 2 0 0 1 2 2v2h-1.5V2a.5.5 0 0 0-.5-.5H8V0h2Z\" \/>\n\t\t\t<\/svg>\n\t\t<\/button><\/figure>\n\n\n\n<figure data-wp-context=\"{&quot;imageId&quot;:&quot;69da42333425c&quot;}\" data-wp-interactive=\"core\/image\" data-wp-key=\"69da42333425c\" class=\"wp-block-image size-full wp-lightbox-container\"><img loading=\"lazy\" decoding=\"async\" width=\"799\" height=\"368\" data-wp-class--hide=\"state.isContentHidden\" data-wp-class--show=\"state.isContentVisible\" data-wp-init=\"callbacks.setButtonStyles\" data-wp-on--click=\"actions.showLightbox\" data-wp-on--load=\"callbacks.setButtonStyles\" data-wp-on-window--resize=\"callbacks.setButtonStyles\" data-id=\"13123\" src=\"https:\/\/grs-chauffailles.com\/wp-content\/uploads\/2026\/01\/gym_02.jpg\" alt=\"\" class=\"wp-image-13123\" srcset=\"https:\/\/grs-chauffailles.com\/wp-content\/uploads\/2026\/01\/gym_02.jpg 799w, https:\/\/grs-chauffailles.com\/wp-content\/uploads\/2026\/01\/gym_02-300x138.jpg 300w, https:\/\/grs-chauffailles.com\/wp-content\/uploads\/2026\/01\/gym_02-768x354.jpg 768w\" sizes=\"auto, (max-width: 799px) 100vw, 799px\" \/><button\n\t\t\tclass=\"lightbox-trigger\"\n\t\t\ttype=\"button\"\n\t\t\taria-haspopup=\"dialog\"\n\t\t\taria-label=\"Agrandir\"\n\t\t\tdata-wp-init=\"callbacks.initTriggerButton\"\n\t\t\tdata-wp-on--click=\"actions.showLightbox\"\n\t\t\tdata-wp-style--right=\"state.imageButtonRight\"\n\t\t\tdata-wp-style--top=\"state.imageButtonTop\"\n\t\t>\n\t\t\t<svg xmlns=\"http:\/\/www.w3.org\/2000\/svg\" width=\"12\" height=\"12\" fill=\"none\" viewBox=\"0 0 12 12\">\n\t\t\t\t<path fill=\"#fff\" d=\"M2 0a2 2 0 0 0-2 2v2h1.5V2a.5.5 0 0 1 .5-.5h2V0H2Zm2 10.5H2a.5.5 0 0 1-.5-.5V8H0v2a2 2 0 0 0 2 2h2v-1.5ZM8 12v-1.5h2a.5.5 0 0 0 .5-.5V8H12v2a2 2 0 0 1-2 2H8Zm2-12a2 2 0 0 1 2 2v2h-1.5V2a.5.5 0 0 0-.5-.5H8V0h2Z\" \/>\n\t\t\t<\/svg>\n\t\t<\/button><\/figure>\n\n\n\n<figure data-wp-context=\"{&quot;imageId&quot;:&quot;69da423334708&quot;}\" data-wp-interactive=\"core\/image\" data-wp-key=\"69da423334708\" class=\"wp-block-image size-full wp-lightbox-container\"><img loading=\"lazy\" decoding=\"async\" width=\"1599\" height=\"738\" data-wp-class--hide=\"state.isContentHidden\" data-wp-class--show=\"state.isContentVisible\" data-wp-init=\"callbacks.setButtonStyles\" data-wp-on--click=\"actions.showLightbox\" data-wp-on--load=\"callbacks.setButtonStyles\" data-wp-on-window--resize=\"callbacks.setButtonStyles\" data-id=\"13124\" src=\"https:\/\/grs-chauffailles.com\/wp-content\/uploads\/2026\/01\/gym_03.jpg\" alt=\"\" class=\"wp-image-13124\" srcset=\"https:\/\/grs-chauffailles.com\/wp-content\/uploads\/2026\/01\/gym_03.jpg 1599w, https:\/\/grs-chauffailles.com\/wp-content\/uploads\/2026\/01\/gym_03-300x138.jpg 300w, https:\/\/grs-chauffailles.com\/wp-content\/uploads\/2026\/01\/gym_03-1024x473.jpg 1024w, https:\/\/grs-chauffailles.com\/wp-content\/uploads\/2026\/01\/gym_03-768x354.jpg 768w, https:\/\/grs-chauffailles.com\/wp-content\/uploads\/2026\/01\/gym_03-1536x709.jpg 1536w, https:\/\/grs-chauffailles.com\/wp-content\/uploads\/2026\/01\/gym_03-1320x609.jpg 1320w\" sizes=\"auto, (max-width: 1599px) 100vw, 1599px\" \/><button\n\t\t\tclass=\"lightbox-trigger\"\n\t\t\ttype=\"button\"\n\t\t\taria-haspopup=\"dialog\"\n\t\t\taria-label=\"Agrandir\"\n\t\t\tdata-wp-init=\"callbacks.initTriggerButton\"\n\t\t\tdata-wp-on--click=\"actions.showLightbox\"\n\t\t\tdata-wp-style--right=\"state.imageButtonRight\"\n\t\t\tdata-wp-style--top=\"state.imageButtonTop\"\n\t\t>\n\t\t\t<svg xmlns=\"http:\/\/www.w3.org\/2000\/svg\" width=\"12\" height=\"12\" fill=\"none\" viewBox=\"0 0 12 12\">\n\t\t\t\t<path fill=\"#fff\" d=\"M2 0a2 2 0 0 0-2 2v2h1.5V2a.5.5 0 0 1 .5-.5h2V0H2Zm2 10.5H2a.5.5 0 0 1-.5-.5V8H0v2a2 2 0 0 0 2 2h2v-1.5ZM8 12v-1.5h2a.5.5 0 0 0 .5-.5V8H12v2a2 2 0 0 1-2 2H8Zm2-12a2 2 0 0 1 2 2v2h-1.5V2a.5.5 0 0 0-.5-.5H8V0h2Z\" \/>\n\t\t\t<\/svg>\n\t\t<\/button><\/figure>\n<\/figure>\n\n\n\n<figure class=\"wp-block-table is-style-stripes\"><table class=\"has-fixed-layout\"><tbody><tr><td class=\"has-text-align-center\" data-align=\"center\">Gym \u00e0 Chauffailles<\/td><td class=\"has-text-align-center\" data-align=\"center\">Gym \u00e0 Chauffailles<\/td><td class=\"has-text-align-center\" data-align=\"center\">Gym \u00e0 Anglure<\/td><\/tr><\/tbody><\/table><\/figure>\n\n\n\n<div style=\"height:30px\" aria-hidden=\"true\" class=\"wp-block-spacer\"><\/div>\n\n\n\n<figure class=\"wp-block-video\"><video height=\"1080\" style=\"aspect-ratio: 1920 \/ 1080;\" width=\"1920\" controls src=\"https:\/\/grs-chauffailles.com\/wp-content\/uploads\/2026\/01\/gym.mp4\"><\/video><\/figure>\n\n\n\n<p class=\"has-text-align-center\">Gym \u00e0 Saint-Maurice<\/p>\n","protected":false},"excerpt":{"rendered":"<p>Chantal VINCENTCoordinatrice Gymnastique Chauffailles &amp; Anglure Envoyer un message V\u00e9ronique THEVENETCoordinatrice GymnastiqueSt-Maurice-l\u00e8s-Ch. Envoyer un message POURQUOI PRATIQUER ? La gym que nous pratiquons est une activit\u00e9 physique pens\u00e9e pour respecter notre corps et notre&#46;&#46;&#46;<\/p>\n","protected":false},"author":1,"featured_media":0,"parent":0,"menu_order":0,"comment_status":"closed","ping_status":"closed","template":"","meta":{"footnotes":""},"class_list":["post-223","page","type-page","status-publish","hentry"],"_links":{"self":[{"href":"https:\/\/grs-chauffailles.com\/index.php\/wp-json\/wp\/v2\/pages\/223","targetHints":{"allow":["GET"]}}],"collection":[{"href":"https:\/\/grs-chauffailles.com\/index.php\/wp-json\/wp\/v2\/pages"}],"about":[{"href":"https:\/\/grs-chauffailles.com\/index.php\/wp-json\/wp\/v2\/types\/page"}],"author":[{"embeddable":true,"href":"https:\/\/grs-chauffailles.com\/index.php\/wp-json\/wp\/v2\/users\/1"}],"replies":[{"embeddable":true,"href":"https:\/\/grs-chauffailles.com\/index.php\/wp-json\/wp\/v2\/comments?post=223"}],"version-history":[{"count":7,"href":"https:\/\/grs-chauffailles.com\/index.php\/wp-json\/wp\/v2\/pages\/223\/revisions"}],"predecessor-version":[{"id":13749,"href":"https:\/\/grs-chauffailles.com\/index.php\/wp-json\/wp\/v2\/pages\/223\/revisions\/13749"}],"wp:attachment":[{"href":"https:\/\/grs-chauffailles.com\/index.php\/wp-json\/wp\/v2\/media?parent=223"}],"curies":[{"name":"wp","href":"https:\/\/api.w.org\/{rel}","templated":true}]}}