{"id":30,"date":"2024-02-06T22:18:30","date_gmt":"2024-02-06T21:18:30","guid":{"rendered":"http:\/\/grs-chauffailles.com\/?page_id=30"},"modified":"2025-09-05T06:46:48","modified_gmt":"2025-09-05T04:46:48","slug":"tir-a-larc","status":"publish","type":"page","link":"https:\/\/grs-chauffailles.com\/index.php\/tir-a-larc\/","title":{"rendered":"Tir \u00e0 l&rsquo;arc"},"content":{"rendered":"\n<div class=\"wp-block-media-text\" style=\"grid-template-columns:25% auto\"><figure class=\"wp-block-media-text__media\"><img loading=\"lazy\" decoding=\"async\" width=\"300\" height=\"300\" src=\"http:\/\/grs-chauffailles.com\/wp-content\/uploads\/2024\/03\/jean_claude_lacote_01.jpg\" alt=\"\" class=\"wp-image-1122 size-full\" srcset=\"https:\/\/grs-chauffailles.com\/wp-content\/uploads\/2024\/03\/jean_claude_lacote_01.jpg 300w, https:\/\/grs-chauffailles.com\/wp-content\/uploads\/2024\/03\/jean_claude_lacote_01-150x150.jpg 150w, https:\/\/grs-chauffailles.com\/wp-content\/uploads\/2024\/03\/jean_claude_lacote_01-80x80.jpg 80w\" sizes=\"auto, (max-width: 300px) 100vw, 300px\" \/><\/figure><div class=\"wp-block-media-text__content\">\n<p>Jean-Claude LACOTE<br><strong><mark style=\"background-color:rgba(0, 0, 0, 0)\" class=\"has-inline-color has-luminous-vivid-orange-color\">Coordinateur Tir \u00e0 l&rsquo;arc<\/mark><\/strong><\/p>\n\n\n\n<p><a href=\"https:\/\/grs-chauffailles.com\/index.php\/contacter-le-grs\/?contact=arc@grs-chauffailles.com\" rel=\"nofollow\">Envoyer un message<\/a><\/p>\n<\/div><\/div>\n\n\n\n<hr class=\"wp-block-separator has-alpha-channel-opacity\"\/>\n\n\n\n<p>Le tir \u00e0 l\u2019arc est accessible \u00e0 toutes et tous.<\/p>\n\n\n\n<p>Ce sport permet de travailler la maitrise du corps, l\u2019\u00e9quilibre et la concentration et, apr\u00e8s une p\u00e9riode d\u2019adaptation, le d\u00e9veloppement musculaire.<\/p>\n\n\n\n<p>Sport de pr\u00e9cision, le tir \u00e0 l\u2019arc offre le plaisir de la progression. Ce sport n\u00e9cessite de la discipline mais il se pratique au GRS dans une ambiance tr\u00e8s conviviale.<\/p>\n\n\n\n<p><strong><mark style=\"background-color:rgba(0, 0, 0, 0)\" class=\"has-inline-color has-luminous-vivid-orange-color\">Les d\u00e9butants sont accueillis \u00e0 part, par une \u00e9quipe d&rsquo;animateurs, d&rsquo;octobre \u00e0 d\u00e9cembre. Il leur est demand\u00e9 une pr\u00e9sence r\u00e9guli\u00e8re pendant ces 3 mois afin de pouvoir rejoindre le groupe d&rsquo;archers en janvier.<\/mark><\/strong><\/p>\n\n\n\n<p><strong><mark style=\"background-color:rgba(0, 0, 0, 0)\" class=\"has-inline-color has-luminous-vivid-orange-color\">Le mat\u00e9riel n\u00e9cessaire est pr\u00eat\u00e9 la premi\u00e8re ann\u00e9e.<\/mark><\/strong><\/p>\n\n\n\n<p>Des rencontres interclubs sont organis\u00e9es tout au long de l&rsquo;ann\u00e9e.<\/p>\n\n\n\n<hr class=\"wp-block-separator has-alpha-channel-opacity\"\/>\n\n\n\n<p><strong><mark style=\"background-color:rgba(0, 0, 0, 0)\" class=\"has-inline-color has-luminous-vivid-orange-color\">LES HORAIRES <\/mark><mark style=\"background-color:rgba(0, 0, 0, 0)\" class=\"has-inline-color has-vivid-cyan-blue-color\">pour les archers d\u00e9butants<\/mark><mark style=\"background-color:rgba(0, 0, 0, 0)\" class=\"has-inline-color has-luminous-vivid-orange-color\">  :<\/mark><\/strong><\/p>\n\n\n\n<ul class=\"wp-block-list\">\n<li><strong><mark style=\"background-color:rgba(0, 0, 0, 0)\" class=\"has-inline-color has-luminous-vivid-orange-color\">le samedi de 10 h \u00e0 12 h (du samedi 4 octobre au samedi 20 d\u00e9cembre 2025).<\/mark><\/strong><\/li>\n<\/ul>\n\n\n\n<p><mark style=\"background-color:rgba(0, 0, 0, 0)\" class=\"has-inline-color has-luminous-vivid-orange-color\"><strong>LES HORAIRES <\/strong><\/mark><strong><mark style=\"background-color:rgba(0, 0, 0, 0)\" class=\"has-inline-color has-vivid-cyan-blue-color\">pour les archers non-d\u00e9butants<\/mark><\/strong><mark style=\"background-color:rgba(0, 0, 0, 0)\" class=\"has-inline-color has-luminous-vivid-orange-color\"><strong> :<\/strong><\/mark><\/p>\n\n\n\n<ul class=\"wp-block-list\">\n<li><mark style=\"background-color:rgba(0, 0, 0, 0)\" class=\"has-inline-color has-luminous-vivid-orange-color\"><strong>le mercredi de 8 h 30 \u00e0 10 h 30,<\/strong><\/mark><\/li>\n\n\n\n<li><strong><mark style=\"background-color:rgba(0, 0, 0, 0)\" class=\"has-inline-color has-luminous-vivid-orange-color\">le samedi de 9 h \u00e0 11 h (de 8 h \u00e0 10 h du samedi 4 octobre au samedi 20 d\u00e9cembre 2025),<\/mark><\/strong><\/li>\n\n\n\n<li><mark style=\"background-color:rgba(0, 0, 0, 0)\" class=\"has-inline-color has-luminous-vivid-orange-color\"><strong>le dimanche de 9 h \u00e0 11 h.<\/strong><\/mark><\/li>\n<\/ul>\n\n\n\n<div class=\"wp-block-columns is-not-stacked-on-mobile is-layout-flex wp-container-core-columns-is-layout-9d6595d7 wp-block-columns-is-layout-flex\">\n<div class=\"wp-block-column is-vertically-aligned-center is-layout-flow wp-block-column-is-layout-flow\">\n<p><mark style=\"background-color:rgba(0, 0, 0, 0)\" class=\"has-inline-color has-luminous-vivid-orange-color\"><mark style=\"background-color:rgba(0, 0, 0, 0)\" class=\"has-inline-color has-luminous-vivid-orange-color\"><strong>LE LIEU : salle de la Caille \u00e0 CHAUFFAILLES.<\/strong><\/mark><\/mark><\/p>\n<\/div>\n\n\n\n<div class=\"wp-block-column is-vertically-aligned-center is-layout-flow wp-block-column-is-layout-flow\">\n<figure data-wp-context=\"{&quot;imageId&quot;:&quot;69da3d98b4707&quot;}\" data-wp-interactive=\"core\/image\" data-wp-key=\"69da3d98b4707\" class=\"wp-block-image size-full wp-lightbox-container\"><img loading=\"lazy\" decoding=\"async\" width=\"800\" height=\"600\" data-wp-class--hide=\"state.isContentHidden\" data-wp-class--show=\"state.isContentVisible\" data-wp-init=\"callbacks.setButtonStyles\" data-wp-on--click=\"actions.showLightbox\" data-wp-on--load=\"callbacks.setButtonStyles\" data-wp-on-window--resize=\"callbacks.setButtonStyles\" src=\"https:\/\/grs-chauffailles.com\/wp-content\/uploads\/2024\/04\/salle-de-la-caille.jpg\" alt=\"\" class=\"wp-image-3039\" srcset=\"https:\/\/grs-chauffailles.com\/wp-content\/uploads\/2024\/04\/salle-de-la-caille.jpg 800w, https:\/\/grs-chauffailles.com\/wp-content\/uploads\/2024\/04\/salle-de-la-caille-300x225.jpg 300w, https:\/\/grs-chauffailles.com\/wp-content\/uploads\/2024\/04\/salle-de-la-caille-768x576.jpg 768w\" sizes=\"auto, (max-width: 800px) 100vw, 800px\" \/><button\n\t\t\tclass=\"lightbox-trigger\"\n\t\t\ttype=\"button\"\n\t\t\taria-haspopup=\"dialog\"\n\t\t\taria-label=\"Agrandir\"\n\t\t\tdata-wp-init=\"callbacks.initTriggerButton\"\n\t\t\tdata-wp-on--click=\"actions.showLightbox\"\n\t\t\tdata-wp-style--right=\"state.imageButtonRight\"\n\t\t\tdata-wp-style--top=\"state.imageButtonTop\"\n\t\t>\n\t\t\t<svg xmlns=\"http:\/\/www.w3.org\/2000\/svg\" width=\"12\" height=\"12\" fill=\"none\" viewBox=\"0 0 12 12\">\n\t\t\t\t<path fill=\"#fff\" d=\"M2 0a2 2 0 0 0-2 2v2h1.5V2a.5.5 0 0 1 .5-.5h2V0H2Zm2 10.5H2a.5.5 0 0 1-.5-.5V8H0v2a2 2 0 0 0 2 2h2v-1.5ZM8 12v-1.5h2a.5.5 0 0 0 .5-.5V8H12v2a2 2 0 0 1-2 2H8Zm2-12a2 2 0 0 1 2 2v2h-1.5V2a.5.5 0 0 0-.5-.5H8V0h2Z\" \/>\n\t\t\t<\/svg>\n\t\t<\/button><\/figure>\n<\/div>\n\n\n\n<div class=\"wp-block-column is-vertically-aligned-center is-layout-flow wp-block-column-is-layout-flow\">\n<iframe src=\"https:\/\/www.google.com\/maps\/embed?pb=!1m14!1m8!1m3!1d1790.3377885281946!2d4.336958869255137!3d46.20890039031655!3m2!1i1024!2i768!4f13.1!3m3!1m2!1s0x47f38c03e5406eeb%3A0x5c0f02918898cfb5!2s2%20Rue%20de%20la%20Caille%2C%2071170%20Chauffailles!5e0!3m2!1sfr!2sfr!4v1714108631055!5m2!1sfr!2sfr\" width=\"100%\" height=\"auto\" style=\"border:0;\" allowfullscreen=\"\" loading=\"lazy\" referrerpolicy=\"no-referrer-when-downgrade\"><\/iframe>\n<\/div>\n<\/div>\n\n\n\n<hr class=\"wp-block-separator has-alpha-channel-opacity\"\/>\n\n\n\n<figure class=\"wp-block-gallery has-nested-images columns-default is-cropped wp-block-gallery-1 is-layout-flex wp-block-gallery-is-layout-flex\">\n<figure data-wp-context=\"{&quot;imageId&quot;:&quot;69da3d98b4c5e&quot;}\" data-wp-interactive=\"core\/image\" data-wp-key=\"69da3d98b4c5e\" class=\"wp-block-image size-full wp-lightbox-container\"><img loading=\"lazy\" decoding=\"async\" width=\"1024\" height=\"576\" data-wp-class--hide=\"state.isContentHidden\" data-wp-class--show=\"state.isContentVisible\" data-wp-init=\"callbacks.setButtonStyles\" data-wp-on--click=\"actions.showLightbox\" data-wp-on--load=\"callbacks.setButtonStyles\" data-wp-on-window--resize=\"callbacks.setButtonStyles\" data-id=\"1119\" src=\"http:\/\/grs-chauffailles.com\/wp-content\/uploads\/2024\/03\/tal_01.jpg\" alt=\"\" class=\"wp-image-1119\" srcset=\"https:\/\/grs-chauffailles.com\/wp-content\/uploads\/2024\/03\/tal_01.jpg 1024w, https:\/\/grs-chauffailles.com\/wp-content\/uploads\/2024\/03\/tal_01-300x169.jpg 300w, https:\/\/grs-chauffailles.com\/wp-content\/uploads\/2024\/03\/tal_01-768x432.jpg 768w\" sizes=\"auto, (max-width: 1024px) 100vw, 1024px\" \/><button\n\t\t\tclass=\"lightbox-trigger\"\n\t\t\ttype=\"button\"\n\t\t\taria-haspopup=\"dialog\"\n\t\t\taria-label=\"Agrandir\"\n\t\t\tdata-wp-init=\"callbacks.initTriggerButton\"\n\t\t\tdata-wp-on--click=\"actions.showLightbox\"\n\t\t\tdata-wp-style--right=\"state.imageButtonRight\"\n\t\t\tdata-wp-style--top=\"state.imageButtonTop\"\n\t\t>\n\t\t\t<svg xmlns=\"http:\/\/www.w3.org\/2000\/svg\" width=\"12\" height=\"12\" fill=\"none\" viewBox=\"0 0 12 12\">\n\t\t\t\t<path fill=\"#fff\" d=\"M2 0a2 2 0 0 0-2 2v2h1.5V2a.5.5 0 0 1 .5-.5h2V0H2Zm2 10.5H2a.5.5 0 0 1-.5-.5V8H0v2a2 2 0 0 0 2 2h2v-1.5ZM8 12v-1.5h2a.5.5 0 0 0 .5-.5V8H12v2a2 2 0 0 1-2 2H8Zm2-12a2 2 0 0 1 2 2v2h-1.5V2a.5.5 0 0 0-.5-.5H8V0h2Z\" \/>\n\t\t\t<\/svg>\n\t\t<\/button><\/figure>\n\n\n\n<figure data-wp-context=\"{&quot;imageId&quot;:&quot;69da3d98b4fef&quot;}\" data-wp-interactive=\"core\/image\" data-wp-key=\"69da3d98b4fef\" class=\"wp-block-image size-full wp-lightbox-container\"><img loading=\"lazy\" decoding=\"async\" width=\"1024\" height=\"576\" data-wp-class--hide=\"state.isContentHidden\" data-wp-class--show=\"state.isContentVisible\" data-wp-init=\"callbacks.setButtonStyles\" data-wp-on--click=\"actions.showLightbox\" data-wp-on--load=\"callbacks.setButtonStyles\" data-wp-on-window--resize=\"callbacks.setButtonStyles\" data-id=\"1120\" src=\"http:\/\/grs-chauffailles.com\/wp-content\/uploads\/2024\/03\/tal_02.jpg\" alt=\"\" class=\"wp-image-1120\" srcset=\"https:\/\/grs-chauffailles.com\/wp-content\/uploads\/2024\/03\/tal_02.jpg 1024w, https:\/\/grs-chauffailles.com\/wp-content\/uploads\/2024\/03\/tal_02-300x169.jpg 300w, https:\/\/grs-chauffailles.com\/wp-content\/uploads\/2024\/03\/tal_02-768x432.jpg 768w\" sizes=\"auto, (max-width: 1024px) 100vw, 1024px\" \/><button\n\t\t\tclass=\"lightbox-trigger\"\n\t\t\ttype=\"button\"\n\t\t\taria-haspopup=\"dialog\"\n\t\t\taria-label=\"Agrandir\"\n\t\t\tdata-wp-init=\"callbacks.initTriggerButton\"\n\t\t\tdata-wp-on--click=\"actions.showLightbox\"\n\t\t\tdata-wp-style--right=\"state.imageButtonRight\"\n\t\t\tdata-wp-style--top=\"state.imageButtonTop\"\n\t\t>\n\t\t\t<svg xmlns=\"http:\/\/www.w3.org\/2000\/svg\" width=\"12\" height=\"12\" fill=\"none\" viewBox=\"0 0 12 12\">\n\t\t\t\t<path fill=\"#fff\" d=\"M2 0a2 2 0 0 0-2 2v2h1.5V2a.5.5 0 0 1 .5-.5h2V0H2Zm2 10.5H2a.5.5 0 0 1-.5-.5V8H0v2a2 2 0 0 0 2 2h2v-1.5ZM8 12v-1.5h2a.5.5 0 0 0 .5-.5V8H12v2a2 2 0 0 1-2 2H8Zm2-12a2 2 0 0 1 2 2v2h-1.5V2a.5.5 0 0 0-.5-.5H8V0h2Z\" \/>\n\t\t\t<\/svg>\n\t\t<\/button><\/figure>\n\n\n\n<figure data-wp-context=\"{&quot;imageId&quot;:&quot;69da3d98b5361&quot;}\" data-wp-interactive=\"core\/image\" data-wp-key=\"69da3d98b5361\" class=\"wp-block-image size-full wp-lightbox-container\"><img loading=\"lazy\" decoding=\"async\" width=\"1024\" height=\"576\" data-wp-class--hide=\"state.isContentHidden\" data-wp-class--show=\"state.isContentVisible\" data-wp-init=\"callbacks.setButtonStyles\" data-wp-on--click=\"actions.showLightbox\" data-wp-on--load=\"callbacks.setButtonStyles\" data-wp-on-window--resize=\"callbacks.setButtonStyles\" data-id=\"1121\" src=\"http:\/\/grs-chauffailles.com\/wp-content\/uploads\/2024\/03\/tal_03.jpg\" alt=\"\" class=\"wp-image-1121\" srcset=\"https:\/\/grs-chauffailles.com\/wp-content\/uploads\/2024\/03\/tal_03.jpg 1024w, https:\/\/grs-chauffailles.com\/wp-content\/uploads\/2024\/03\/tal_03-300x169.jpg 300w, https:\/\/grs-chauffailles.com\/wp-content\/uploads\/2024\/03\/tal_03-768x432.jpg 768w\" sizes=\"auto, (max-width: 1024px) 100vw, 1024px\" \/><button\n\t\t\tclass=\"lightbox-trigger\"\n\t\t\ttype=\"button\"\n\t\t\taria-haspopup=\"dialog\"\n\t\t\taria-label=\"Agrandir\"\n\t\t\tdata-wp-init=\"callbacks.initTriggerButton\"\n\t\t\tdata-wp-on--click=\"actions.showLightbox\"\n\t\t\tdata-wp-style--right=\"state.imageButtonRight\"\n\t\t\tdata-wp-style--top=\"state.imageButtonTop\"\n\t\t>\n\t\t\t<svg xmlns=\"http:\/\/www.w3.org\/2000\/svg\" width=\"12\" height=\"12\" fill=\"none\" viewBox=\"0 0 12 12\">\n\t\t\t\t<path fill=\"#fff\" d=\"M2 0a2 2 0 0 0-2 2v2h1.5V2a.5.5 0 0 1 .5-.5h2V0H2Zm2 10.5H2a.5.5 0 0 1-.5-.5V8H0v2a2 2 0 0 0 2 2h2v-1.5ZM8 12v-1.5h2a.5.5 0 0 0 .5-.5V8H12v2a2 2 0 0 1-2 2H8Zm2-12a2 2 0 0 1 2 2v2h-1.5V2a.5.5 0 0 0-.5-.5H8V0h2Z\" \/>\n\t\t\t<\/svg>\n\t\t<\/button><\/figure>\n<\/figure>\n\n\n\n<div style=\"height:30px\" aria-hidden=\"true\" class=\"wp-block-spacer\"><\/div>\n\n\n\n<figure class=\"wp-block-video\"><video height=\"720\" style=\"aspect-ratio: 1280 \/ 720;\" width=\"1280\" controls poster=\"https:\/\/grs-chauffailles.com\/wp-content\/uploads\/2025\/09\/poster_pour-video.png\" src=\"https:\/\/grs-chauffailles.com\/wp-content\/uploads\/2025\/09\/GRS_TA_pour_site.mp4\"><\/video><\/figure>\n\n\n\n<p><\/p>\n","protected":false},"excerpt":{"rendered":"<p>Jean-Claude LACOTECoordinateur Tir \u00e0 l&rsquo;arc Envoyer un message Le tir \u00e0 l\u2019arc est accessible \u00e0 toutes et tous. Ce sport permet de travailler la maitrise du corps, l\u2019\u00e9quilibre et la concentration et, apr\u00e8s une&#46;&#46;&#46;<\/p>\n","protected":false},"author":1,"featured_media":0,"parent":0,"menu_order":0,"comment_status":"closed","ping_status":"closed","template":"","meta":{"footnotes":""},"class_list":["post-30","page","type-page","status-publish","hentry"],"_links":{"self":[{"href":"https:\/\/grs-chauffailles.com\/index.php\/wp-json\/wp\/v2\/pages\/30","targetHints":{"allow":["GET"]}}],"collection":[{"href":"https:\/\/grs-chauffailles.com\/index.php\/wp-json\/wp\/v2\/pages"}],"about":[{"href":"https:\/\/grs-chauffailles.com\/index.php\/wp-json\/wp\/v2\/types\/page"}],"author":[{"embeddable":true,"href":"https:\/\/grs-chauffailles.com\/index.php\/wp-json\/wp\/v2\/users\/1"}],"replies":[{"embeddable":true,"href":"https:\/\/grs-chauffailles.com\/index.php\/wp-json\/wp\/v2\/comments?post=30"}],"version-history":[{"count":0,"href":"https:\/\/grs-chauffailles.com\/index.php\/wp-json\/wp\/v2\/pages\/30\/revisions"}],"wp:attachment":[{"href":"https:\/\/grs-chauffailles.com\/index.php\/wp-json\/wp\/v2\/media?parent=30"}],"curies":[{"name":"wp","href":"https:\/\/api.w.org\/{rel}","templated":true}]}}