{"id":358,"date":"2024-02-10T15:19:04","date_gmt":"2024-02-10T14:19:04","guid":{"rendered":"https:\/\/grs-chauffailles.com\/?page_id=358"},"modified":"2025-07-06T06:56:45","modified_gmt":"2025-07-06T04:56:45","slug":"pickleball","status":"publish","type":"page","link":"https:\/\/grs-chauffailles.com\/index.php\/pickleball\/","title":{"rendered":"Pickleball"},"content":{"rendered":"\n<div class=\"wp-block-media-text\" style=\"grid-template-columns:25% auto\"><figure class=\"wp-block-media-text__media\"><img loading=\"lazy\" decoding=\"async\" width=\"300\" height=\"300\" src=\"http:\/\/grs-chauffailles.com\/wp-content\/uploads\/2024\/03\/coord_marche_nordique.jpg\" alt=\"\" class=\"wp-image-1535 size-full\" srcset=\"https:\/\/grs-chauffailles.com\/wp-content\/uploads\/2024\/03\/coord_marche_nordique.jpg 300w, https:\/\/grs-chauffailles.com\/wp-content\/uploads\/2024\/03\/coord_marche_nordique-150x150.jpg 150w, https:\/\/grs-chauffailles.com\/wp-content\/uploads\/2024\/03\/coord_marche_nordique-80x80.jpg 80w\" sizes=\"auto, (max-width: 300px) 100vw, 300px\" \/><\/figure><div class=\"wp-block-media-text__content\">\n<p>Colette JACQUET<br><em><kbd><mark style=\"background-color:rgba(0, 0, 0, 0)\" class=\"has-inline-color has-luminous-vivid-orange-color\">Coordinatrice Marche nordique<\/mark><\/kbd><\/em><br><strong><mark style=\"background-color:rgba(0, 0, 0, 0)\" class=\"has-inline-color has-luminous-vivid-orange-color\"><strong><mark style=\"background-color:rgba(0, 0, 0, 0)\" class=\"has-inline-color has-luminous-vivid-orange-color\">Coordinatrice Pickleball<\/mark><\/strong><\/mark><\/strong><\/p>\n\n\n\n<p><a href=\"https:\/\/grs-chauffailles.com\/index.php\/contacter-le-grs\/?contact=marche-nordique@grs-chauffailles.com\" rel=\"nofollow\">Envoyer un message<\/a><\/p>\n<\/div><\/div>\n\n\n\n<hr class=\"wp-block-separator has-alpha-channel-opacity\"\/>\n\n\n\n<p><strong><mark style=\"background-color:rgba(0, 0, 0, 0)\" class=\"has-inline-color has-luminous-vivid-orange-color\">PR\u00c9SENTATION :<\/mark><\/strong><\/p>\n\n\n\n<p>Cr\u00e9ation de ce sport en 1965 aux USA.<\/p>\n\n\n\n<p>Arriv\u00e9e du pickleball en France en 2014 et \u00e0 CHAUFFAILLES en Mai 2022&nbsp;!<\/p>\n\n\n\n<p>Le pickleball est un sport de raquette qui se joue avec une balle plastique perfor\u00e9e, sur un terrain aux dimensions proches du celui de badminton et d\u2019un filet l\u00e9g\u00e8rement moins haut que celui de tennis.<\/p>\n\n\n\n<p>Cette activit\u00e9 demande une certaine condition physique&nbsp;: entretien la souplesse, la coordination et la m\u00e9moire notamment pour le comptage des points.<\/p>\n\n\n\n<p>Tr\u00e8s ludique, chaque joueur peut tr\u00e8s vite prendre plaisir \u00e0 faire des \u00e9changes et jouer la \u00ab&nbsp;gagne&nbsp;\u00bb.<\/p>\n\n\n\n<p>Ce jeu se pratique soit en int\u00e9rieur soit \u00e0 l\u2019ext\u00e9rieur quand le temps le permet.<\/p>\n\n\n\n<p>Celui-ci peut \u00eatre modifi\u00e9 en cours d\u2019ann\u00e9e en fonction de l\u2019occupation du gymnase par les groupes scolaires.<\/p>\n\n\n\n<p>A l\u2019ext\u00e9rieur, 2 terrains ont \u00e9t\u00e9 trac\u00e9s par les employ\u00e9s de la Mairie sur un court de tennis, dans le parc du ch\u00e2teau.<\/p>\n\n\n\n<p><strong><mark style=\"background-color:rgba(0, 0, 0, 0)\" class=\"has-inline-color has-luminous-vivid-orange-color\">D\u00c9ROULEMENT D\u2019UNE S\u00c9ANCE :<\/mark><\/strong><\/p>\n\n\n\n<ul class=\"wp-block-list\">\n<li>Installation des terrains (poteaux et filets),<\/li>\n\n\n\n<li>\u00c9chauffements : tr\u00e8s importants, comme dans toutes disciplines,<\/li>\n\n\n\n<li>Apprentissage et perfectionnement de la technique sous forme de petites routines et jeux ludiques ou matchs \u00e0 th\u00e8me,<\/li>\n\n\n\n<li>Matchs en double uniquement,<\/li>\n\n\n\n<li>\u00c9tirements et rangement du mat\u00e9riel.<\/li>\n<\/ul>\n\n\n\n<p><strong><mark style=\"background-color:rgba(0, 0, 0, 0)\" class=\"has-inline-color has-luminous-vivid-orange-color\">ENCADREMENT :<\/mark><\/strong><\/p>\n\n\n\n<ul class=\"wp-block-list\">\n<li>Marcel BRETTON<\/li>\n\n\n\n<li>Colette JACQUET<\/li>\n<\/ul>\n\n\n\n<hr class=\"wp-block-separator has-alpha-channel-opacity\"\/>\n\n\n\n<p><mark style=\"background-color:rgba(0, 0, 0, 0)\" class=\"has-inline-color has-luminous-vivid-orange-color\"><strong>LES HORAIRES :<\/strong><\/mark><\/p>\n\n\n\n<ul class=\"wp-block-list\">\n<li><mark style=\"background-color:rgba(0, 0, 0, 0)\" class=\"has-inline-color has-luminous-vivid-orange-color\"><strong>le vendredi de 15 h 15 \u00e0  17 h<\/strong><\/mark>.<\/li>\n<\/ul>\n\n\n\n<div class=\"wp-block-columns is-not-stacked-on-mobile is-layout-flex wp-container-core-columns-is-layout-9d6595d7 wp-block-columns-is-layout-flex\">\n<div class=\"wp-block-column is-vertically-aligned-center is-layout-flow wp-block-column-is-layout-flow\">\n<p><strong><mark style=\"background-color:rgba(0, 0, 0, 0)\" class=\"has-inline-color has-luminous-vivid-orange-color\"><mark style=\"background-color:rgba(0, 0, 0, 0)\" class=\"has-inline-color has-luminous-vivid-orange-color\">LE LIEU : Espace Julien COQUARD \u00e0 CHAUFFAILLES.<\/mark><\/mark><br><em><mark style=\"background-color:rgba(0, 0, 0, 0)\" class=\"has-inline-color has-luminous-vivid-orange-color\">(Porte d&rsquo;entr\u00e9e salle du Tennis de Table)<\/mark><\/em><\/strong><\/p>\n<\/div>\n\n\n\n<div class=\"wp-block-column is-vertically-aligned-center is-layout-flow wp-block-column-is-layout-flow\">\n<figure data-wp-context=\"{&quot;imageId&quot;:&quot;69da5699987d4&quot;}\" data-wp-interactive=\"core\/image\" data-wp-key=\"69da5699987d4\" class=\"wp-block-image size-full wp-lightbox-container\"><img decoding=\"async\" data-wp-class--hide=\"state.isContentHidden\" data-wp-class--show=\"state.isContentVisible\" data-wp-init=\"callbacks.setButtonStyles\" data-wp-on--click=\"actions.showLightbox\" data-wp-on--load=\"callbacks.setButtonStyles\" data-wp-on-window--resize=\"callbacks.setButtonStyles\" src=\"https:\/\/grs-chauffailles.com\/wp-content\/uploads\/2024\/04\/salle-julien-Coquard.jpg\" alt=\"\" class=\"wp-image-2921\"\/><button\n\t\t\tclass=\"lightbox-trigger\"\n\t\t\ttype=\"button\"\n\t\t\taria-haspopup=\"dialog\"\n\t\t\taria-label=\"Agrandir\"\n\t\t\tdata-wp-init=\"callbacks.initTriggerButton\"\n\t\t\tdata-wp-on--click=\"actions.showLightbox\"\n\t\t\tdata-wp-style--right=\"state.imageButtonRight\"\n\t\t\tdata-wp-style--top=\"state.imageButtonTop\"\n\t\t>\n\t\t\t<svg xmlns=\"http:\/\/www.w3.org\/2000\/svg\" width=\"12\" height=\"12\" fill=\"none\" viewBox=\"0 0 12 12\">\n\t\t\t\t<path fill=\"#fff\" d=\"M2 0a2 2 0 0 0-2 2v2h1.5V2a.5.5 0 0 1 .5-.5h2V0H2Zm2 10.5H2a.5.5 0 0 1-.5-.5V8H0v2a2 2 0 0 0 2 2h2v-1.5ZM8 12v-1.5h2a.5.5 0 0 0 .5-.5V8H12v2a2 2 0 0 1-2 2H8Zm2-12a2 2 0 0 1 2 2v2h-1.5V2a.5.5 0 0 0-.5-.5H8V0h2Z\" \/>\n\t\t\t<\/svg>\n\t\t<\/button><\/figure>\n<\/div>\n\n\n\n<div class=\"wp-block-column is-vertically-aligned-center is-layout-flow wp-block-column-is-layout-flow\">\n<iframe src=\"https:\/\/www.google.com\/maps\/embed?pb=!1m18!1m12!1m3!1d4644.137774118992!2d4.331756016404041!3d46.20208259724799!2m3!1f0!2f0!3f0!3m2!1i1024!2i768!4f13.1!3m3!1m2!1s0x47f38bc143783e1b%3A0xb80d9a2415f9a786!2sEspace%20multisports%20Julien%20Coquard!5e0!3m2!1sfr!2sfr!4v1714110723118!5m2!1sfr!2sfr\" width=\"100%\" height=\"auto\" style=\"border:0;\" allowfullscreen=\"\" loading=\"lazy\" referrerpolicy=\"no-referrer-when-downgrade\"><\/iframe>\n<\/div>\n<\/div>\n\n\n\n<hr class=\"wp-block-separator has-alpha-channel-opacity\"\/>\n\n\n\n<figure class=\"wp-block-gallery has-nested-images columns-default is-cropped wp-block-gallery-1 is-layout-flex wp-block-gallery-is-layout-flex\">\n<figure data-wp-context=\"{&quot;imageId&quot;:&quot;69da569998e5b&quot;}\" data-wp-interactive=\"core\/image\" data-wp-key=\"69da569998e5b\" class=\"wp-block-image size-full wp-lightbox-container\"><img loading=\"lazy\" decoding=\"async\" width=\"1024\" height=\"766\" data-wp-class--hide=\"state.isContentHidden\" data-wp-class--show=\"state.isContentVisible\" data-wp-init=\"callbacks.setButtonStyles\" data-wp-on--click=\"actions.showLightbox\" data-wp-on--load=\"callbacks.setButtonStyles\" data-wp-on-window--resize=\"callbacks.setButtonStyles\" data-id=\"1053\" src=\"http:\/\/grs-chauffailles.com\/wp-content\/uploads\/2024\/03\/pickleball_01.jpg\" alt=\"\" class=\"wp-image-1053\" srcset=\"https:\/\/grs-chauffailles.com\/wp-content\/uploads\/2024\/03\/pickleball_01.jpg 1024w, https:\/\/grs-chauffailles.com\/wp-content\/uploads\/2024\/03\/pickleball_01-300x224.jpg 300w, https:\/\/grs-chauffailles.com\/wp-content\/uploads\/2024\/03\/pickleball_01-768x575.jpg 768w\" sizes=\"auto, (max-width: 1024px) 100vw, 1024px\" \/><button\n\t\t\tclass=\"lightbox-trigger\"\n\t\t\ttype=\"button\"\n\t\t\taria-haspopup=\"dialog\"\n\t\t\taria-label=\"Agrandir\"\n\t\t\tdata-wp-init=\"callbacks.initTriggerButton\"\n\t\t\tdata-wp-on--click=\"actions.showLightbox\"\n\t\t\tdata-wp-style--right=\"state.imageButtonRight\"\n\t\t\tdata-wp-style--top=\"state.imageButtonTop\"\n\t\t>\n\t\t\t<svg xmlns=\"http:\/\/www.w3.org\/2000\/svg\" width=\"12\" height=\"12\" fill=\"none\" viewBox=\"0 0 12 12\">\n\t\t\t\t<path fill=\"#fff\" d=\"M2 0a2 2 0 0 0-2 2v2h1.5V2a.5.5 0 0 1 .5-.5h2V0H2Zm2 10.5H2a.5.5 0 0 1-.5-.5V8H0v2a2 2 0 0 0 2 2h2v-1.5ZM8 12v-1.5h2a.5.5 0 0 0 .5-.5V8H12v2a2 2 0 0 1-2 2H8Zm2-12a2 2 0 0 1 2 2v2h-1.5V2a.5.5 0 0 0-.5-.5H8V0h2Z\" \/>\n\t\t\t<\/svg>\n\t\t<\/button><\/figure>\n\n\n\n<figure data-wp-context=\"{&quot;imageId&quot;:&quot;69da56999933e&quot;}\" data-wp-interactive=\"core\/image\" data-wp-key=\"69da56999933e\" class=\"wp-block-image size-full wp-lightbox-container\"><img loading=\"lazy\" decoding=\"async\" width=\"1024\" height=\"766\" data-wp-class--hide=\"state.isContentHidden\" data-wp-class--show=\"state.isContentVisible\" data-wp-init=\"callbacks.setButtonStyles\" data-wp-on--click=\"actions.showLightbox\" data-wp-on--load=\"callbacks.setButtonStyles\" data-wp-on-window--resize=\"callbacks.setButtonStyles\" data-id=\"1054\" src=\"http:\/\/grs-chauffailles.com\/wp-content\/uploads\/2024\/03\/pickleball_02.jpg\" alt=\"\" class=\"wp-image-1054\" srcset=\"https:\/\/grs-chauffailles.com\/wp-content\/uploads\/2024\/03\/pickleball_02.jpg 1024w, https:\/\/grs-chauffailles.com\/wp-content\/uploads\/2024\/03\/pickleball_02-300x224.jpg 300w, https:\/\/grs-chauffailles.com\/wp-content\/uploads\/2024\/03\/pickleball_02-768x575.jpg 768w\" sizes=\"auto, (max-width: 1024px) 100vw, 1024px\" \/><button\n\t\t\tclass=\"lightbox-trigger\"\n\t\t\ttype=\"button\"\n\t\t\taria-haspopup=\"dialog\"\n\t\t\taria-label=\"Agrandir\"\n\t\t\tdata-wp-init=\"callbacks.initTriggerButton\"\n\t\t\tdata-wp-on--click=\"actions.showLightbox\"\n\t\t\tdata-wp-style--right=\"state.imageButtonRight\"\n\t\t\tdata-wp-style--top=\"state.imageButtonTop\"\n\t\t>\n\t\t\t<svg xmlns=\"http:\/\/www.w3.org\/2000\/svg\" width=\"12\" height=\"12\" fill=\"none\" viewBox=\"0 0 12 12\">\n\t\t\t\t<path fill=\"#fff\" d=\"M2 0a2 2 0 0 0-2 2v2h1.5V2a.5.5 0 0 1 .5-.5h2V0H2Zm2 10.5H2a.5.5 0 0 1-.5-.5V8H0v2a2 2 0 0 0 2 2h2v-1.5ZM8 12v-1.5h2a.5.5 0 0 0 .5-.5V8H12v2a2 2 0 0 1-2 2H8Zm2-12a2 2 0 0 1 2 2v2h-1.5V2a.5.5 0 0 0-.5-.5H8V0h2Z\" \/>\n\t\t\t<\/svg>\n\t\t<\/button><\/figure>\n\n\n\n<figure data-wp-context=\"{&quot;imageId&quot;:&quot;69da569999824&quot;}\" data-wp-interactive=\"core\/image\" data-wp-key=\"69da569999824\" class=\"wp-block-image size-full is-style-default wp-lightbox-container\"><img loading=\"lazy\" decoding=\"async\" width=\"1024\" height=\"766\" data-wp-class--hide=\"state.isContentHidden\" data-wp-class--show=\"state.isContentVisible\" data-wp-init=\"callbacks.setButtonStyles\" data-wp-on--click=\"actions.showLightbox\" data-wp-on--load=\"callbacks.setButtonStyles\" data-wp-on-window--resize=\"callbacks.setButtonStyles\" data-id=\"1055\" src=\"http:\/\/grs-chauffailles.com\/wp-content\/uploads\/2024\/03\/pickleball_03.jpg\" alt=\"\" class=\"wp-image-1055\" srcset=\"https:\/\/grs-chauffailles.com\/wp-content\/uploads\/2024\/03\/pickleball_03.jpg 1024w, https:\/\/grs-chauffailles.com\/wp-content\/uploads\/2024\/03\/pickleball_03-300x224.jpg 300w, https:\/\/grs-chauffailles.com\/wp-content\/uploads\/2024\/03\/pickleball_03-768x575.jpg 768w\" sizes=\"auto, (max-width: 1024px) 100vw, 1024px\" \/><button\n\t\t\tclass=\"lightbox-trigger\"\n\t\t\ttype=\"button\"\n\t\t\taria-haspopup=\"dialog\"\n\t\t\taria-label=\"Agrandir\"\n\t\t\tdata-wp-init=\"callbacks.initTriggerButton\"\n\t\t\tdata-wp-on--click=\"actions.showLightbox\"\n\t\t\tdata-wp-style--right=\"state.imageButtonRight\"\n\t\t\tdata-wp-style--top=\"state.imageButtonTop\"\n\t\t>\n\t\t\t<svg xmlns=\"http:\/\/www.w3.org\/2000\/svg\" width=\"12\" height=\"12\" fill=\"none\" viewBox=\"0 0 12 12\">\n\t\t\t\t<path fill=\"#fff\" d=\"M2 0a2 2 0 0 0-2 2v2h1.5V2a.5.5 0 0 1 .5-.5h2V0H2Zm2 10.5H2a.5.5 0 0 1-.5-.5V8H0v2a2 2 0 0 0 2 2h2v-1.5ZM8 12v-1.5h2a.5.5 0 0 0 .5-.5V8H12v2a2 2 0 0 1-2 2H8Zm2-12a2 2 0 0 1 2 2v2h-1.5V2a.5.5 0 0 0-.5-.5H8V0h2Z\" \/>\n\t\t\t<\/svg>\n\t\t<\/button><\/figure>\n<\/figure>\n","protected":false},"excerpt":{"rendered":"<p>Colette JACQUETCoordinatrice Marche nordiqueCoordinatrice Pickleball Envoyer un message PR\u00c9SENTATION : Cr\u00e9ation de ce sport en 1965 aux USA. Arriv\u00e9e du pickleball en France en 2014 et \u00e0 CHAUFFAILLES en Mai 2022&nbsp;! Le pickleball est&#46;&#46;&#46;<\/p>\n","protected":false},"author":1,"featured_media":0,"parent":0,"menu_order":0,"comment_status":"closed","ping_status":"closed","template":"","meta":{"footnotes":""},"class_list":["post-358","page","type-page","status-publish","hentry"],"_links":{"self":[{"href":"https:\/\/grs-chauffailles.com\/index.php\/wp-json\/wp\/v2\/pages\/358","targetHints":{"allow":["GET"]}}],"collection":[{"href":"https:\/\/grs-chauffailles.com\/index.php\/wp-json\/wp\/v2\/pages"}],"about":[{"href":"https:\/\/grs-chauffailles.com\/index.php\/wp-json\/wp\/v2\/types\/page"}],"author":[{"embeddable":true,"href":"https:\/\/grs-chauffailles.com\/index.php\/wp-json\/wp\/v2\/users\/1"}],"replies":[{"embeddable":true,"href":"https:\/\/grs-chauffailles.com\/index.php\/wp-json\/wp\/v2\/comments?post=358"}],"version-history":[{"count":0,"href":"https:\/\/grs-chauffailles.com\/index.php\/wp-json\/wp\/v2\/pages\/358\/revisions"}],"wp:attachment":[{"href":"https:\/\/grs-chauffailles.com\/index.php\/wp-json\/wp\/v2\/media?parent=358"}],"curies":[{"name":"wp","href":"https:\/\/api.w.org\/{rel}","templated":true}]}}