{"id":397,"date":"2024-02-11T05:29:24","date_gmt":"2024-02-11T04:29:24","guid":{"rendered":"https:\/\/grs-chauffailles.com\/?page_id=397"},"modified":"2025-09-02T10:27:20","modified_gmt":"2025-09-02T08:27:20","slug":"cyclotourisme","status":"publish","type":"page","link":"https:\/\/grs-chauffailles.com\/index.php\/cyclotourisme\/","title":{"rendered":"Cyclotourisme"},"content":{"rendered":"\n<div class=\"wp-block-media-text\" style=\"grid-template-columns:25% auto\"><figure class=\"wp-block-media-text__media\"><img loading=\"lazy\" decoding=\"async\" width=\"300\" height=\"300\" src=\"https:\/\/grs-chauffailles.com\/wp-content\/uploads\/2024\/03\/coord_cyclotourisme.jpg\" alt=\"\" class=\"wp-image-1581 size-full\" srcset=\"https:\/\/grs-chauffailles.com\/wp-content\/uploads\/2024\/03\/coord_cyclotourisme.jpg 300w, https:\/\/grs-chauffailles.com\/wp-content\/uploads\/2024\/03\/coord_cyclotourisme-150x150.jpg 150w, https:\/\/grs-chauffailles.com\/wp-content\/uploads\/2024\/03\/coord_cyclotourisme-80x80.jpg 80w\" sizes=\"auto, (max-width: 300px) 100vw, 300px\" \/><\/figure><div class=\"wp-block-media-text__content\">\n<p>Henri DESMURS<br><strong><mark style=\"background-color:rgba(0, 0, 0, 0)\" class=\"has-inline-color has-luminous-vivid-orange-color\"><strong><mark style=\"background-color:rgba(0, 0, 0, 0)\" class=\"has-inline-color has-luminous-vivid-orange-color\">Coordinateur Cyclotourisme<\/mark><\/strong><\/mark><\/strong><br><mark style=\"background-color:rgba(0, 0, 0, 0)\" class=\"has-inline-color has-luminous-vivid-orange-color\"><em>Coordinateur Tennis<\/em><\/mark><\/p>\n\n\n\n<p><a href=\"https:\/\/grs-chauffailles.com\/index.php\/contacter-le-grs\/?contact=tennis@grs-chauffailles.com\" rel=\"nofollow\">Envoyer un message<\/a><\/p>\n<\/div><\/div>\n\n\n\n<hr class=\"wp-block-separator has-alpha-channel-opacity\"\/>\n\n\n\n<p>Le v\u00e9lo aide \u00e0 se maintenir en forme, \u00e0 am\u00e9liorer son souffle. <\/p>\n\n\n\n<p>Il favorise un meilleur \u00e9quilibre, stimule la circulation sanguine, prot\u00e8ge vos articulations, aide \u00e0 garder votre poids de forme. Il r\u00e9duit les risques de maladies chronique type diab\u00e8te et am\u00e9liore le syst\u00e8me cardio-vasculaire et immunitaire et puis c&rsquo;est bon pour le moral.<\/p>\n\n\n\n<p>Au GRS nous n&rsquo;avons plus rien \u00e0 prouver tout doit \u00eatre fait dans un esprit de plaisir et de convivialit\u00e9.<\/p>\n\n\n\n<p>Osez une premi\u00e8re sortie avec notre petit groupe de cyclo. Je pense que vous serez conquis et conquise.<\/p>\n\n\n\n<hr class=\"wp-block-separator has-alpha-channel-opacity\"\/>\n\n\n\n<p><mark style=\"background-color:rgba(0, 0, 0, 0)\" class=\"has-inline-color has-luminous-vivid-orange-color\"><strong>LES HORAIRES :<\/strong><\/mark><\/p>\n\n\n\n<ul class=\"wp-block-list has-luminous-vivid-orange-color has-text-color has-link-color wp-elements-a7a41632ac20743c579c351f9d1d0df8\">\n<li><strong>S<mark style=\"background-color:rgba(0, 0, 0, 0)\" class=\"has-inline-color has-luminous-vivid-orange-color\">eptembre 2025 : le lundi et le jeudi, d\u00e9part \u00e0 9<\/mark> h,<\/strong><\/li>\n\n\n\n<li><strong>\u00e0 partir d&rsquo;<mark style=\"background-color:rgba(0, 0, 0, 0)\" class=\"has-inline-color has-luminous-vivid-orange-color\">octobre 2025 : le lundi et le jeudi, d\u00e9part \u00e0 13 h 30.<\/mark><\/strong><\/li>\n<\/ul>\n\n\n\n<div class=\"wp-block-columns is-not-stacked-on-mobile is-layout-flex wp-container-core-columns-is-layout-9d6595d7 wp-block-columns-is-layout-flex\">\n<div class=\"wp-block-column is-vertically-aligned-center is-layout-flow wp-block-column-is-layout-flow\">\n<p><mark style=\"background-color:rgba(0, 0, 0, 0)\" class=\"has-inline-color has-luminous-vivid-orange-color\"><mark style=\"background-color:rgba(0, 0, 0, 0)\" class=\"has-inline-color has-luminous-vivid-orange-color\"><strong>LE LIEU : Parking du parc du Ch\u00e2teau \u00e0 CHAUFFAILLES.<\/strong><\/mark><\/mark><\/p>\n<\/div>\n\n\n\n<div class=\"wp-block-column is-vertically-aligned-center is-layout-flow wp-block-column-is-layout-flow\">\n<figure data-wp-context=\"{&quot;imageId&quot;:&quot;69d03726a5901&quot;}\" data-wp-interactive=\"core\/image\" data-wp-key=\"69d03726a5901\" class=\"wp-block-image size-full wp-lightbox-container\"><img loading=\"lazy\" decoding=\"async\" width=\"800\" height=\"600\" data-wp-class--hide=\"state.isContentHidden\" data-wp-class--show=\"state.isContentVisible\" data-wp-init=\"callbacks.setButtonStyles\" data-wp-on--click=\"actions.showLightbox\" data-wp-on--load=\"callbacks.setButtonStyles\" data-wp-on-window--resize=\"callbacks.setButtonStyles\" src=\"https:\/\/grs-chauffailles.com\/wp-content\/uploads\/2024\/04\/chateau-de-chauffailles-2-1.png\" alt=\"\" class=\"wp-image-2956\" srcset=\"https:\/\/grs-chauffailles.com\/wp-content\/uploads\/2024\/04\/chateau-de-chauffailles-2-1.png 800w, https:\/\/grs-chauffailles.com\/wp-content\/uploads\/2024\/04\/chateau-de-chauffailles-2-1-300x225.png 300w, https:\/\/grs-chauffailles.com\/wp-content\/uploads\/2024\/04\/chateau-de-chauffailles-2-1-768x576.png 768w\" sizes=\"auto, (max-width: 800px) 100vw, 800px\" \/><button\n\t\t\tclass=\"lightbox-trigger\"\n\t\t\ttype=\"button\"\n\t\t\taria-haspopup=\"dialog\"\n\t\t\taria-label=\"Agrandir\"\n\t\t\tdata-wp-init=\"callbacks.initTriggerButton\"\n\t\t\tdata-wp-on--click=\"actions.showLightbox\"\n\t\t\tdata-wp-style--right=\"state.imageButtonRight\"\n\t\t\tdata-wp-style--top=\"state.imageButtonTop\"\n\t\t>\n\t\t\t<svg xmlns=\"http:\/\/www.w3.org\/2000\/svg\" width=\"12\" height=\"12\" fill=\"none\" viewBox=\"0 0 12 12\">\n\t\t\t\t<path fill=\"#fff\" d=\"M2 0a2 2 0 0 0-2 2v2h1.5V2a.5.5 0 0 1 .5-.5h2V0H2Zm2 10.5H2a.5.5 0 0 1-.5-.5V8H0v2a2 2 0 0 0 2 2h2v-1.5ZM8 12v-1.5h2a.5.5 0 0 0 .5-.5V8H12v2a2 2 0 0 1-2 2H8Zm2-12a2 2 0 0 1 2 2v2h-1.5V2a.5.5 0 0 0-.5-.5H8V0h2Z\" \/>\n\t\t\t<\/svg>\n\t\t<\/button><\/figure>\n<\/div>\n\n\n\n<div class=\"wp-block-column is-vertically-aligned-center is-layout-flow wp-block-column-is-layout-flow\">\n<iframe src=\"https:\/\/www.google.com\/maps\/embed?pb=!1m14!1m8!1m3!1d1843.0388742199634!2d4.336474368027721!3d46.20173823663699!3m2!1i1024!2i768!4f13.1!3m3!1m2!1s0x47f38bb8ec25a7e9%3A0x507180fd016020d7!2sCh%C3%A2teau%20De%20Chauffailles!5e0!3m2!1sfr!2sfr!4v1714108029215!5m2!1sfr!2sfr\" width=\"100%\" height=\"100%\" style=\"border:0;\" allowfullscreen=\"\" loading=\"lazy\" referrerpolicy=\"no-referrer-when-downgrade\"><\/iframe>\n<\/div>\n<\/div>\n\n\n\n<hr class=\"wp-block-separator has-alpha-channel-opacity\"\/>\n\n\n\n<figure class=\"wp-block-gallery has-nested-images columns-default is-cropped wp-block-gallery-1 is-layout-flex wp-block-gallery-is-layout-flex\">\n<figure data-wp-context=\"{&quot;imageId&quot;:&quot;69d03726a5f0a&quot;}\" data-wp-interactive=\"core\/image\" data-wp-key=\"69d03726a5f0a\" class=\"wp-block-image size-full wp-lightbox-container\"><img loading=\"lazy\" decoding=\"async\" width=\"1024\" height=\"768\" data-wp-class--hide=\"state.isContentHidden\" data-wp-class--show=\"state.isContentVisible\" data-wp-init=\"callbacks.setButtonStyles\" data-wp-on--click=\"actions.showLightbox\" data-wp-on--load=\"callbacks.setButtonStyles\" data-wp-on-window--resize=\"callbacks.setButtonStyles\" data-id=\"1507\" src=\"http:\/\/grs-chauffailles.com\/wp-content\/uploads\/2024\/03\/cyclotourisme_01.jpg\" alt=\"\" class=\"wp-image-1507\" srcset=\"https:\/\/grs-chauffailles.com\/wp-content\/uploads\/2024\/03\/cyclotourisme_01.jpg 1024w, https:\/\/grs-chauffailles.com\/wp-content\/uploads\/2024\/03\/cyclotourisme_01-300x225.jpg 300w, https:\/\/grs-chauffailles.com\/wp-content\/uploads\/2024\/03\/cyclotourisme_01-768x576.jpg 768w\" sizes=\"auto, (max-width: 1024px) 100vw, 1024px\" \/><button\n\t\t\tclass=\"lightbox-trigger\"\n\t\t\ttype=\"button\"\n\t\t\taria-haspopup=\"dialog\"\n\t\t\taria-label=\"Agrandir\"\n\t\t\tdata-wp-init=\"callbacks.initTriggerButton\"\n\t\t\tdata-wp-on--click=\"actions.showLightbox\"\n\t\t\tdata-wp-style--right=\"state.imageButtonRight\"\n\t\t\tdata-wp-style--top=\"state.imageButtonTop\"\n\t\t>\n\t\t\t<svg xmlns=\"http:\/\/www.w3.org\/2000\/svg\" width=\"12\" height=\"12\" fill=\"none\" viewBox=\"0 0 12 12\">\n\t\t\t\t<path fill=\"#fff\" d=\"M2 0a2 2 0 0 0-2 2v2h1.5V2a.5.5 0 0 1 .5-.5h2V0H2Zm2 10.5H2a.5.5 0 0 1-.5-.5V8H0v2a2 2 0 0 0 2 2h2v-1.5ZM8 12v-1.5h2a.5.5 0 0 0 .5-.5V8H12v2a2 2 0 0 1-2 2H8Zm2-12a2 2 0 0 1 2 2v2h-1.5V2a.5.5 0 0 0-.5-.5H8V0h2Z\" \/>\n\t\t\t<\/svg>\n\t\t<\/button><\/figure>\n\n\n\n<figure data-wp-context=\"{&quot;imageId&quot;:&quot;69d03726a6429&quot;}\" data-wp-interactive=\"core\/image\" data-wp-key=\"69d03726a6429\" class=\"wp-block-image size-full wp-lightbox-container\"><img loading=\"lazy\" decoding=\"async\" width=\"1024\" height=\"768\" data-wp-class--hide=\"state.isContentHidden\" data-wp-class--show=\"state.isContentVisible\" data-wp-init=\"callbacks.setButtonStyles\" data-wp-on--click=\"actions.showLightbox\" data-wp-on--load=\"callbacks.setButtonStyles\" data-wp-on-window--resize=\"callbacks.setButtonStyles\" data-id=\"1508\" src=\"http:\/\/grs-chauffailles.com\/wp-content\/uploads\/2024\/03\/cyclotourisme_02.jpg\" alt=\"\" class=\"wp-image-1508\" srcset=\"https:\/\/grs-chauffailles.com\/wp-content\/uploads\/2024\/03\/cyclotourisme_02.jpg 1024w, https:\/\/grs-chauffailles.com\/wp-content\/uploads\/2024\/03\/cyclotourisme_02-300x225.jpg 300w, https:\/\/grs-chauffailles.com\/wp-content\/uploads\/2024\/03\/cyclotourisme_02-768x576.jpg 768w\" sizes=\"auto, (max-width: 1024px) 100vw, 1024px\" \/><button\n\t\t\tclass=\"lightbox-trigger\"\n\t\t\ttype=\"button\"\n\t\t\taria-haspopup=\"dialog\"\n\t\t\taria-label=\"Agrandir\"\n\t\t\tdata-wp-init=\"callbacks.initTriggerButton\"\n\t\t\tdata-wp-on--click=\"actions.showLightbox\"\n\t\t\tdata-wp-style--right=\"state.imageButtonRight\"\n\t\t\tdata-wp-style--top=\"state.imageButtonTop\"\n\t\t>\n\t\t\t<svg xmlns=\"http:\/\/www.w3.org\/2000\/svg\" width=\"12\" height=\"12\" fill=\"none\" viewBox=\"0 0 12 12\">\n\t\t\t\t<path fill=\"#fff\" d=\"M2 0a2 2 0 0 0-2 2v2h1.5V2a.5.5 0 0 1 .5-.5h2V0H2Zm2 10.5H2a.5.5 0 0 1-.5-.5V8H0v2a2 2 0 0 0 2 2h2v-1.5ZM8 12v-1.5h2a.5.5 0 0 0 .5-.5V8H12v2a2 2 0 0 1-2 2H8Zm2-12a2 2 0 0 1 2 2v2h-1.5V2a.5.5 0 0 0-.5-.5H8V0h2Z\" \/>\n\t\t\t<\/svg>\n\t\t<\/button><\/figure>\n\n\n\n<figure data-wp-context=\"{&quot;imageId&quot;:&quot;69d03726a68b0&quot;}\" data-wp-interactive=\"core\/image\" data-wp-key=\"69d03726a68b0\" class=\"wp-block-image size-full wp-lightbox-container\"><img loading=\"lazy\" decoding=\"async\" width=\"1024\" height=\"768\" data-wp-class--hide=\"state.isContentHidden\" data-wp-class--show=\"state.isContentVisible\" data-wp-init=\"callbacks.setButtonStyles\" data-wp-on--click=\"actions.showLightbox\" data-wp-on--load=\"callbacks.setButtonStyles\" data-wp-on-window--resize=\"callbacks.setButtonStyles\" data-id=\"1509\" src=\"http:\/\/grs-chauffailles.com\/wp-content\/uploads\/2024\/03\/cyclotourisme_03.jpg\" alt=\"\" class=\"wp-image-1509\" srcset=\"https:\/\/grs-chauffailles.com\/wp-content\/uploads\/2024\/03\/cyclotourisme_03.jpg 1024w, https:\/\/grs-chauffailles.com\/wp-content\/uploads\/2024\/03\/cyclotourisme_03-300x225.jpg 300w, https:\/\/grs-chauffailles.com\/wp-content\/uploads\/2024\/03\/cyclotourisme_03-768x576.jpg 768w\" sizes=\"auto, (max-width: 1024px) 100vw, 1024px\" \/><button\n\t\t\tclass=\"lightbox-trigger\"\n\t\t\ttype=\"button\"\n\t\t\taria-haspopup=\"dialog\"\n\t\t\taria-label=\"Agrandir\"\n\t\t\tdata-wp-init=\"callbacks.initTriggerButton\"\n\t\t\tdata-wp-on--click=\"actions.showLightbox\"\n\t\t\tdata-wp-style--right=\"state.imageButtonRight\"\n\t\t\tdata-wp-style--top=\"state.imageButtonTop\"\n\t\t>\n\t\t\t<svg xmlns=\"http:\/\/www.w3.org\/2000\/svg\" width=\"12\" height=\"12\" fill=\"none\" viewBox=\"0 0 12 12\">\n\t\t\t\t<path fill=\"#fff\" d=\"M2 0a2 2 0 0 0-2 2v2h1.5V2a.5.5 0 0 1 .5-.5h2V0H2Zm2 10.5H2a.5.5 0 0 1-.5-.5V8H0v2a2 2 0 0 0 2 2h2v-1.5ZM8 12v-1.5h2a.5.5 0 0 0 .5-.5V8H12v2a2 2 0 0 1-2 2H8Zm2-12a2 2 0 0 1 2 2v2h-1.5V2a.5.5 0 0 0-.5-.5H8V0h2Z\" \/>\n\t\t\t<\/svg>\n\t\t<\/button><\/figure>\n<\/figure>\n","protected":false},"excerpt":{"rendered":"<p>Henri DESMURSCoordinateur CyclotourismeCoordinateur Tennis Envoyer un message Le v\u00e9lo aide \u00e0 se maintenir en forme, \u00e0 am\u00e9liorer son souffle. Il favorise un meilleur \u00e9quilibre, stimule la circulation sanguine, prot\u00e8ge vos articulations, aide \u00e0 garder&#46;&#46;&#46;<\/p>\n","protected":false},"author":1,"featured_media":0,"parent":0,"menu_order":0,"comment_status":"closed","ping_status":"closed","template":"","meta":{"footnotes":""},"class_list":["post-397","page","type-page","status-publish","hentry"],"_links":{"self":[{"href":"https:\/\/grs-chauffailles.com\/index.php\/wp-json\/wp\/v2\/pages\/397","targetHints":{"allow":["GET"]}}],"collection":[{"href":"https:\/\/grs-chauffailles.com\/index.php\/wp-json\/wp\/v2\/pages"}],"about":[{"href":"https:\/\/grs-chauffailles.com\/index.php\/wp-json\/wp\/v2\/types\/page"}],"author":[{"embeddable":true,"href":"https:\/\/grs-chauffailles.com\/index.php\/wp-json\/wp\/v2\/users\/1"}],"replies":[{"embeddable":true,"href":"https:\/\/grs-chauffailles.com\/index.php\/wp-json\/wp\/v2\/comments?post=397"}],"version-history":[{"count":0,"href":"https:\/\/grs-chauffailles.com\/index.php\/wp-json\/wp\/v2\/pages\/397\/revisions"}],"wp:attachment":[{"href":"https:\/\/grs-chauffailles.com\/index.php\/wp-json\/wp\/v2\/media?parent=397"}],"curies":[{"name":"wp","href":"https:\/\/api.w.org\/{rel}","templated":true}]}}