{"id":472,"date":"2024-02-11T15:17:33","date_gmt":"2024-02-11T14:17:33","guid":{"rendered":"https:\/\/grs-chauffailles.com\/?page_id=472"},"modified":"2025-06-16T17:37:43","modified_gmt":"2025-06-16T15:37:43","slug":"jeux","status":"publish","type":"page","link":"https:\/\/grs-chauffailles.com\/index.php\/jeux\/","title":{"rendered":"Jeux"},"content":{"rendered":"\n<div class=\"wp-block-media-text\" style=\"grid-template-columns:25% auto\"><figure class=\"wp-block-media-text__media\"><img loading=\"lazy\" decoding=\"async\" width=\"300\" height=\"300\" src=\"http:\/\/grs-chauffailles.com\/wp-content\/uploads\/2024\/03\/coord_petanque.jpg\" alt=\"\" class=\"wp-image-1127 size-full\" srcset=\"https:\/\/grs-chauffailles.com\/wp-content\/uploads\/2024\/03\/coord_petanque.jpg 300w, https:\/\/grs-chauffailles.com\/wp-content\/uploads\/2024\/03\/coord_petanque-150x150.jpg 150w, https:\/\/grs-chauffailles.com\/wp-content\/uploads\/2024\/03\/coord_petanque-80x80.jpg 80w\" sizes=\"auto, (max-width: 300px) 100vw, 300px\" \/><\/figure><div class=\"wp-block-media-text__content\">\n<p>Bernard CADET<br><strong><mark style=\"background-color:rgba(0, 0, 0, 0)\" class=\"has-inline-color has-luminous-vivid-orange-color\"><strong><mark style=\"background-color:rgba(0, 0, 0, 0)\" class=\"has-inline-color has-luminous-vivid-orange-color\">Coordinateur Jeux<\/mark><\/strong><\/mark><\/strong><br><em><kbd><mark style=\"background-color:rgba(0, 0, 0, 0)\" class=\"has-inline-color has-luminous-vivid-orange-color\">Coordinateur P\u00e9tanque<\/mark><\/kbd><\/em><\/p>\n\n\n\n<p><a href=\"https:\/\/grs-chauffailles.com\/index.php\/contacter-le-grs\/?contact=petanque-jeux@grs-chauffailles.com\" rel=\"nofollow\">Envoyer un message<\/a><\/p>\n<\/div><\/div>\n\n\n\n<hr class=\"wp-block-separator has-alpha-channel-opacity\"\/>\n\n\n\n<p>Une fois par semaine : coinche, manille, rami, tarot et scrabble.<\/p>\n\n\n\n<p>Formation des \u00e9quipes (tarot, coinche) par tirage au sort.<\/p>\n\n\n\n<p>Collation vers 16 h.<\/p>\n\n\n\n<p>Ambiance tr\u00e8s conviviale.<\/p>\n\n\n\n<hr class=\"wp-block-separator has-alpha-channel-opacity\"\/>\n\n\n\n<p><mark style=\"background-color:rgba(0, 0, 0, 0)\" class=\"has-inline-color has-luminous-vivid-orange-color\"><strong>LES HORAIRES :<\/strong><\/mark><\/p>\n\n\n\n<ul class=\"wp-block-list\">\n<li><mark style=\"background-color:rgba(0, 0, 0, 0)\" class=\"has-inline-color has-luminous-vivid-orange-color\"><strong>le mercredi de 13 h 45 \u00e0 18 h.<\/strong><\/mark><\/li>\n<\/ul>\n\n\n\n<div class=\"wp-block-columns is-not-stacked-on-mobile is-layout-flex wp-container-core-columns-is-layout-9d6595d7 wp-block-columns-is-layout-flex\">\n<div class=\"wp-block-column is-vertically-aligned-center is-layout-flow wp-block-column-is-layout-flow\">\n<p><mark style=\"background-color:rgba(0, 0, 0, 0)\" class=\"has-inline-color has-luminous-vivid-orange-color\"><mark style=\"background-color:rgba(0, 0, 0, 0)\" class=\"has-inline-color has-luminous-vivid-orange-color\"><mark style=\"background-color:rgba(0, 0, 0, 0)\" class=\"has-inline-color has-luminous-vivid-orange-color\"><strong>LE LIEU : Salle du Champ de Foire \u00e0 CHAUFFAILLES.<\/strong><\/mark><\/mark><\/mark><\/p>\n<\/div>\n\n\n\n<div class=\"wp-block-column is-vertically-aligned-center is-layout-flow wp-block-column-is-layout-flow\">\n<figure data-wp-context=\"{&quot;imageId&quot;:&quot;69dcfe7494c86&quot;}\" data-wp-interactive=\"core\/image\" data-wp-key=\"69dcfe7494c86\" class=\"wp-block-image size-full wp-lightbox-container\"><img loading=\"lazy\" decoding=\"async\" width=\"800\" height=\"600\" data-wp-class--hide=\"state.isContentHidden\" data-wp-class--show=\"state.isContentVisible\" data-wp-init=\"callbacks.setButtonStyles\" data-wp-on--click=\"actions.showLightbox\" data-wp-on--load=\"callbacks.setButtonStyles\" data-wp-on-window--resize=\"callbacks.setButtonStyles\" src=\"https:\/\/grs-chauffailles.com\/wp-content\/uploads\/2024\/04\/salle-du-champ-de-foire-.jpg\" alt=\"\" class=\"wp-image-2960\" srcset=\"https:\/\/grs-chauffailles.com\/wp-content\/uploads\/2024\/04\/salle-du-champ-de-foire-.jpg 800w, https:\/\/grs-chauffailles.com\/wp-content\/uploads\/2024\/04\/salle-du-champ-de-foire--300x225.jpg 300w, https:\/\/grs-chauffailles.com\/wp-content\/uploads\/2024\/04\/salle-du-champ-de-foire--768x576.jpg 768w\" sizes=\"auto, (max-width: 800px) 100vw, 800px\" \/><button\n\t\t\tclass=\"lightbox-trigger\"\n\t\t\ttype=\"button\"\n\t\t\taria-haspopup=\"dialog\"\n\t\t\taria-label=\"Agrandir\"\n\t\t\tdata-wp-init=\"callbacks.initTriggerButton\"\n\t\t\tdata-wp-on--click=\"actions.showLightbox\"\n\t\t\tdata-wp-style--right=\"state.imageButtonRight\"\n\t\t\tdata-wp-style--top=\"state.imageButtonTop\"\n\t\t>\n\t\t\t<svg xmlns=\"http:\/\/www.w3.org\/2000\/svg\" width=\"12\" height=\"12\" fill=\"none\" viewBox=\"0 0 12 12\">\n\t\t\t\t<path fill=\"#fff\" d=\"M2 0a2 2 0 0 0-2 2v2h1.5V2a.5.5 0 0 1 .5-.5h2V0H2Zm2 10.5H2a.5.5 0 0 1-.5-.5V8H0v2a2 2 0 0 0 2 2h2v-1.5ZM8 12v-1.5h2a.5.5 0 0 0 .5-.5V8H12v2a2 2 0 0 1-2 2H8Zm2-12a2 2 0 0 1 2 2v2h-1.5V2a.5.5 0 0 0-.5-.5H8V0h2Z\" \/>\n\t\t\t<\/svg>\n\t\t<\/button><\/figure>\n<\/div>\n\n\n\n<div class=\"wp-block-column is-vertically-aligned-center is-layout-flow wp-block-column-is-layout-flow\">\n<iframe src=\"https:\/\/www.google.com\/maps\/embed?pb=!1m14!1m8!1m3!1d690.2785726984021!2d4.337685097143172!3d46.20818136815286!3m2!1i1024!2i768!4f13.1!3m3!1m2!1s0x47f38d02c9443829%3A0xc4f33c5f9ceebdd6!2sSalle%20du%20Champ%20de%20foire!5e0!3m2!1sfr!2sfr!4v1714110472437!5m2!1sfr!2sfr\" width=\"100%\" height=\"auto\" style=\"border:0;\" allowfullscreen=\"\" loading=\"lazy\" referrerpolicy=\"no-referrer-when-downgrade\"><\/iframe>\n<\/div>\n<\/div>\n\n\n\n<hr class=\"wp-block-separator has-alpha-channel-opacity\"\/>\n\n\n\n<figure class=\"wp-block-gallery has-nested-images columns-default is-cropped wp-block-gallery-1 is-layout-flex wp-block-gallery-is-layout-flex\">\n<figure data-wp-context=\"{&quot;imageId&quot;:&quot;69dcfe7495221&quot;}\" data-wp-interactive=\"core\/image\" data-wp-key=\"69dcfe7495221\" class=\"wp-block-image size-full wp-lightbox-container\"><img loading=\"lazy\" decoding=\"async\" width=\"1024\" height=\"450\" data-wp-class--hide=\"state.isContentHidden\" data-wp-class--show=\"state.isContentVisible\" data-wp-init=\"callbacks.setButtonStyles\" data-wp-on--click=\"actions.showLightbox\" data-wp-on--load=\"callbacks.setButtonStyles\" data-wp-on-window--resize=\"callbacks.setButtonStyles\" data-id=\"1130\" src=\"http:\/\/grs-chauffailles.com\/wp-content\/uploads\/2024\/03\/jeux_01.jpg\" alt=\"\" class=\"wp-image-1130\" srcset=\"https:\/\/grs-chauffailles.com\/wp-content\/uploads\/2024\/03\/jeux_01.jpg 1024w, https:\/\/grs-chauffailles.com\/wp-content\/uploads\/2024\/03\/jeux_01-300x132.jpg 300w, https:\/\/grs-chauffailles.com\/wp-content\/uploads\/2024\/03\/jeux_01-768x338.jpg 768w\" sizes=\"auto, (max-width: 1024px) 100vw, 1024px\" \/><button\n\t\t\tclass=\"lightbox-trigger\"\n\t\t\ttype=\"button\"\n\t\t\taria-haspopup=\"dialog\"\n\t\t\taria-label=\"Agrandir\"\n\t\t\tdata-wp-init=\"callbacks.initTriggerButton\"\n\t\t\tdata-wp-on--click=\"actions.showLightbox\"\n\t\t\tdata-wp-style--right=\"state.imageButtonRight\"\n\t\t\tdata-wp-style--top=\"state.imageButtonTop\"\n\t\t>\n\t\t\t<svg xmlns=\"http:\/\/www.w3.org\/2000\/svg\" width=\"12\" height=\"12\" fill=\"none\" viewBox=\"0 0 12 12\">\n\t\t\t\t<path fill=\"#fff\" d=\"M2 0a2 2 0 0 0-2 2v2h1.5V2a.5.5 0 0 1 .5-.5h2V0H2Zm2 10.5H2a.5.5 0 0 1-.5-.5V8H0v2a2 2 0 0 0 2 2h2v-1.5ZM8 12v-1.5h2a.5.5 0 0 0 .5-.5V8H12v2a2 2 0 0 1-2 2H8Zm2-12a2 2 0 0 1 2 2v2h-1.5V2a.5.5 0 0 0-.5-.5H8V0h2Z\" \/>\n\t\t\t<\/svg>\n\t\t<\/button><\/figure>\n\n\n\n<figure data-wp-context=\"{&quot;imageId&quot;:&quot;69dcfe7495556&quot;}\" data-wp-interactive=\"core\/image\" data-wp-key=\"69dcfe7495556\" class=\"wp-block-image size-full wp-lightbox-container\"><img loading=\"lazy\" decoding=\"async\" width=\"1024\" height=\"771\" data-wp-class--hide=\"state.isContentHidden\" data-wp-class--show=\"state.isContentVisible\" data-wp-init=\"callbacks.setButtonStyles\" data-wp-on--click=\"actions.showLightbox\" data-wp-on--load=\"callbacks.setButtonStyles\" data-wp-on-window--resize=\"callbacks.setButtonStyles\" data-id=\"1131\" src=\"http:\/\/grs-chauffailles.com\/wp-content\/uploads\/2024\/03\/jeux_02.jpg\" alt=\"\" class=\"wp-image-1131\" srcset=\"https:\/\/grs-chauffailles.com\/wp-content\/uploads\/2024\/03\/jeux_02.jpg 1024w, https:\/\/grs-chauffailles.com\/wp-content\/uploads\/2024\/03\/jeux_02-300x226.jpg 300w, https:\/\/grs-chauffailles.com\/wp-content\/uploads\/2024\/03\/jeux_02-768x578.jpg 768w\" sizes=\"auto, (max-width: 1024px) 100vw, 1024px\" \/><button\n\t\t\tclass=\"lightbox-trigger\"\n\t\t\ttype=\"button\"\n\t\t\taria-haspopup=\"dialog\"\n\t\t\taria-label=\"Agrandir\"\n\t\t\tdata-wp-init=\"callbacks.initTriggerButton\"\n\t\t\tdata-wp-on--click=\"actions.showLightbox\"\n\t\t\tdata-wp-style--right=\"state.imageButtonRight\"\n\t\t\tdata-wp-style--top=\"state.imageButtonTop\"\n\t\t>\n\t\t\t<svg xmlns=\"http:\/\/www.w3.org\/2000\/svg\" width=\"12\" height=\"12\" fill=\"none\" viewBox=\"0 0 12 12\">\n\t\t\t\t<path fill=\"#fff\" d=\"M2 0a2 2 0 0 0-2 2v2h1.5V2a.5.5 0 0 1 .5-.5h2V0H2Zm2 10.5H2a.5.5 0 0 1-.5-.5V8H0v2a2 2 0 0 0 2 2h2v-1.5ZM8 12v-1.5h2a.5.5 0 0 0 .5-.5V8H12v2a2 2 0 0 1-2 2H8Zm2-12a2 2 0 0 1 2 2v2h-1.5V2a.5.5 0 0 0-.5-.5H8V0h2Z\" \/>\n\t\t\t<\/svg>\n\t\t<\/button><\/figure>\n\n\n\n<figure data-wp-context=\"{&quot;imageId&quot;:&quot;69dcfe74958bd&quot;}\" data-wp-interactive=\"core\/image\" data-wp-key=\"69dcfe74958bd\" class=\"wp-block-image size-full wp-lightbox-container\"><img loading=\"lazy\" decoding=\"async\" width=\"1024\" height=\"450\" data-wp-class--hide=\"state.isContentHidden\" data-wp-class--show=\"state.isContentVisible\" data-wp-init=\"callbacks.setButtonStyles\" data-wp-on--click=\"actions.showLightbox\" data-wp-on--load=\"callbacks.setButtonStyles\" data-wp-on-window--resize=\"callbacks.setButtonStyles\" data-id=\"1132\" src=\"http:\/\/grs-chauffailles.com\/wp-content\/uploads\/2024\/03\/jeux_03.jpg\" alt=\"\" class=\"wp-image-1132\" srcset=\"https:\/\/grs-chauffailles.com\/wp-content\/uploads\/2024\/03\/jeux_03.jpg 1024w, https:\/\/grs-chauffailles.com\/wp-content\/uploads\/2024\/03\/jeux_03-300x132.jpg 300w, https:\/\/grs-chauffailles.com\/wp-content\/uploads\/2024\/03\/jeux_03-768x338.jpg 768w\" sizes=\"auto, (max-width: 1024px) 100vw, 1024px\" \/><button\n\t\t\tclass=\"lightbox-trigger\"\n\t\t\ttype=\"button\"\n\t\t\taria-haspopup=\"dialog\"\n\t\t\taria-label=\"Agrandir\"\n\t\t\tdata-wp-init=\"callbacks.initTriggerButton\"\n\t\t\tdata-wp-on--click=\"actions.showLightbox\"\n\t\t\tdata-wp-style--right=\"state.imageButtonRight\"\n\t\t\tdata-wp-style--top=\"state.imageButtonTop\"\n\t\t>\n\t\t\t<svg xmlns=\"http:\/\/www.w3.org\/2000\/svg\" width=\"12\" height=\"12\" fill=\"none\" viewBox=\"0 0 12 12\">\n\t\t\t\t<path fill=\"#fff\" d=\"M2 0a2 2 0 0 0-2 2v2h1.5V2a.5.5 0 0 1 .5-.5h2V0H2Zm2 10.5H2a.5.5 0 0 1-.5-.5V8H0v2a2 2 0 0 0 2 2h2v-1.5ZM8 12v-1.5h2a.5.5 0 0 0 .5-.5V8H12v2a2 2 0 0 1-2 2H8Zm2-12a2 2 0 0 1 2 2v2h-1.5V2a.5.5 0 0 0-.5-.5H8V0h2Z\" \/>\n\t\t\t<\/svg>\n\t\t<\/button><\/figure>\n<\/figure>\n","protected":false},"excerpt":{"rendered":"<p>Bernard CADETCoordinateur JeuxCoordinateur P\u00e9tanque Envoyer un message Une fois par semaine : coinche, manille, rami, tarot et scrabble. Formation des \u00e9quipes (tarot, coinche) par tirage au sort. Collation vers 16 h. Ambiance tr\u00e8s conviviale.&#46;&#46;&#46;<\/p>\n","protected":false},"author":1,"featured_media":0,"parent":0,"menu_order":0,"comment_status":"closed","ping_status":"closed","template":"","meta":{"footnotes":""},"class_list":["post-472","page","type-page","status-publish","hentry"],"_links":{"self":[{"href":"https:\/\/grs-chauffailles.com\/index.php\/wp-json\/wp\/v2\/pages\/472","targetHints":{"allow":["GET"]}}],"collection":[{"href":"https:\/\/grs-chauffailles.com\/index.php\/wp-json\/wp\/v2\/pages"}],"about":[{"href":"https:\/\/grs-chauffailles.com\/index.php\/wp-json\/wp\/v2\/types\/page"}],"author":[{"embeddable":true,"href":"https:\/\/grs-chauffailles.com\/index.php\/wp-json\/wp\/v2\/users\/1"}],"replies":[{"embeddable":true,"href":"https:\/\/grs-chauffailles.com\/index.php\/wp-json\/wp\/v2\/comments?post=472"}],"version-history":[{"count":0,"href":"https:\/\/grs-chauffailles.com\/index.php\/wp-json\/wp\/v2\/pages\/472\/revisions"}],"wp:attachment":[{"href":"https:\/\/grs-chauffailles.com\/index.php\/wp-json\/wp\/v2\/media?parent=472"}],"curies":[{"name":"wp","href":"https:\/\/api.w.org\/{rel}","templated":true}]}}