{"id":5697,"date":"2024-11-14T09:55:04","date_gmt":"2024-11-14T08:55:04","guid":{"rendered":"https:\/\/grs-chauffailles.com\/?page_id=5697"},"modified":"2025-01-21T10:15:12","modified_gmt":"2025-01-21T09:15:12","slug":"agenda","status":"publish","type":"page","link":"https:\/\/grs-chauffailles.com\/index.php\/agenda\/","title":{"rendered":"L&rsquo;Agenda du GRS"},"content":{"rendered":"<div id=\"vsel\" class=\"vsel-shortcode vsel-shortcode-upcoming-events\"><div id=\"event-13936\" class=\"vsel-content accueil agenda vsel-upcoming vsel-future\"><h4 class=\"vsel-meta-title\">Tir \u00e0 l&rsquo;arc<\/h4><div class=\"vsel-meta vsel-alignleft\" style=\"width:26%;\"><div class=\"vsel-meta-combine\"><div class=\"vsel-meta-date-icon vsel-meta-single-date-icon\"><div class=\"vsel-start-icon\"><span class=\"vsel-day vsel-day-top\">mar 28<\/span><span class=\"vsel-month\">Avr<\/span><span class=\"vsel-year\">2026<\/span><\/div><\/div><\/div><\/div><div class=\"vsel-info vsel-alignright\" style=\"width:70%;\"><figure class=\"vsel-image vsel-alignleft\" style=\"max-width:40%\"><img loading=\"lazy\" decoding=\"async\" width=\"769\" height=\"769\" src=\"https:\/\/grs-chauffailles.com\/wp-content\/uploads\/2026\/03\/2025_05_27_rencontre_chauffailles-edited.jpg\" class=\"vsel-image-img wp-post-image\" alt=\"2025_05_27_rencontre_chauffailles\" srcset=\"https:\/\/grs-chauffailles.com\/wp-content\/uploads\/2026\/03\/2025_05_27_rencontre_chauffailles-edited.jpg 769w, https:\/\/grs-chauffailles.com\/wp-content\/uploads\/2026\/03\/2025_05_27_rencontre_chauffailles-edited-300x300.jpg 300w, https:\/\/grs-chauffailles.com\/wp-content\/uploads\/2026\/03\/2025_05_27_rencontre_chauffailles-edited-150x150.jpg 150w, https:\/\/grs-chauffailles.com\/wp-content\/uploads\/2026\/03\/2025_05_27_rencontre_chauffailles-edited-80x80.jpg 80w, https:\/\/grs-chauffailles.com\/wp-content\/uploads\/2026\/03\/2025_05_27_rencontre_chauffailles-edited-320x320.jpg 320w\" sizes=\"auto, (max-width: 769px) 100vw, 769px\" \/><\/figure><div class=\"vsel-text\">\n<p class=\"has-text-align-left has-medium-font-size\"><mark style=\"background-color:rgba(0, 0, 0, 0)\" class=\"has-inline-color has-luminous-vivid-orange-color\"><strong>Rencontre interclubs de Tir \u00e0 l&rsquo;arc<\/strong><\/mark> \u00e0 l&rsquo;Espace Julien COQUART<br><strong><mark style=\"background-color:rgba(0, 0, 0, 0)\" class=\"has-inline-color has-vivid-cyan-blue-color\">ouverte au public (et gratuite) !<\/mark><\/strong><br>63 archers s&rsquo;affronteront !<\/p>\n\n\n\n<p>De 9 h \u00e0 12 h : comp\u00e9tition<br>De 14 h \u00e0 15 h 30 : jeux d&rsquo;arc<\/p>\n<\/div><\/div><\/div><div id=\"event-12332\" class=\"vsel-content agenda vsel-upcoming vsel-future\"><h4 class=\"vsel-meta-title\">Rando citadine Le puy en Velay<\/h4><div class=\"vsel-meta vsel-alignleft\" style=\"width:26%;\"><div class=\"vsel-meta-combine\"><div class=\"vsel-meta-date-icon vsel-meta-single-date-icon\"><div class=\"vsel-start-icon\"><span class=\"vsel-day vsel-day-top\">mar 19<\/span><span class=\"vsel-month\">Mai<\/span><span class=\"vsel-year\">2026<\/span><\/div><\/div><\/div><\/div><div class=\"vsel-info vsel-alignright\" style=\"width:70%;\"><figure class=\"vsel-image vsel-alignleft\" style=\"max-width:40%\"><img loading=\"lazy\" decoding=\"async\" width=\"807\" height=\"664\" src=\"https:\/\/grs-chauffailles.com\/wp-content\/uploads\/2025\/12\/2026_05_19_Le-Puy-en-Velay1-e1764748687745.jpg\" class=\"vsel-image-img wp-post-image\" alt=\"2026_05_19_Le Puy en Velay1\" srcset=\"https:\/\/grs-chauffailles.com\/wp-content\/uploads\/2025\/12\/2026_05_19_Le-Puy-en-Velay1-e1764748687745.jpg 807w, https:\/\/grs-chauffailles.com\/wp-content\/uploads\/2025\/12\/2026_05_19_Le-Puy-en-Velay1-e1764748687745-300x247.jpg 300w, https:\/\/grs-chauffailles.com\/wp-content\/uploads\/2025\/12\/2026_05_19_Le-Puy-en-Velay1-e1764748687745-768x632.jpg 768w\" sizes=\"auto, (max-width: 807px) 100vw, 807px\" \/><\/figure><div class=\"vsel-text\">\n<p class=\"has-medium-font-size\"><strong><mark style=\"background-color:rgba(0, 0, 0, 0)\" class=\"has-inline-color has-luminous-vivid-orange-color\">Sortie \u00e0 la journ\u00e9e<\/mark> organis\u00e9e par le GRS \u2013 transport assur\u00e9 par les Cars Michel&nbsp;<\/strong>&nbsp;&nbsp;<\/p>\n\n\n\n<p class=\"has-medium-font-size\"><mark style=\"background-color:rgba(0, 0, 0, 0)\" class=\"has-inline-color has-light-green-cyan-color\"><strong><a href=\"https:\/\/grs-chauffailles.com\/wp-content\/uploads\/2026\/02\/2026_05_19_inscription-rando-citadine.pdf\">informations et inscriptions<\/a><\/strong><\/mark><\/p>\n\n\n\n<p class=\"has-medium-font-size\"><strong>Date limite des inscriptions, Jeudi 30 Avril 2026<\/strong><\/p>\n\n\n\n<p><\/p>\n<\/div><\/div><\/div><div id=\"event-13078\" class=\"vsel-content agenda vsel-upcoming vsel-future\"><h4 class=\"vsel-meta-title\">Journ\u00e9e D\u00e9partementale de Rando \u00e0 Chauffailles<\/h4><div class=\"vsel-meta vsel-alignleft\" style=\"width:26%;\"><div class=\"vsel-meta-combine\"><div class=\"vsel-meta-date-icon vsel-meta-single-date-icon\"><div class=\"vsel-start-icon\"><span class=\"vsel-day vsel-day-top\">mar 26<\/span><span class=\"vsel-month\">Mai<\/span><span class=\"vsel-year\">2026<\/span><\/div><\/div><\/div><\/div><div class=\"vsel-info vsel-alignright\" style=\"width:70%;\"><figure class=\"vsel-image vsel-alignleft\" style=\"max-width:40%\"><img loading=\"lazy\" decoding=\"async\" width=\"1024\" height=\"1279\" src=\"https:\/\/grs-chauffailles.com\/wp-content\/uploads\/2026\/01\/image-rando.jpg\" class=\"vsel-image-img wp-post-image\" alt=\"image-rando\" srcset=\"https:\/\/grs-chauffailles.com\/wp-content\/uploads\/2026\/01\/image-rando.jpg 1024w, https:\/\/grs-chauffailles.com\/wp-content\/uploads\/2026\/01\/image-rando-240x300.jpg 240w, https:\/\/grs-chauffailles.com\/wp-content\/uploads\/2026\/01\/image-rando-820x1024.jpg 820w, https:\/\/grs-chauffailles.com\/wp-content\/uploads\/2026\/01\/image-rando-768x959.jpg 768w\" sizes=\"auto, (max-width: 1024px) 100vw, 1024px\" \/><\/figure><div class=\"vsel-text\">\n<p><\/p>\n\n\n\n<p class=\"has-medium-font-size\"><a href=\"https:\/\/grs-chauffailles.com\/wp-content\/uploads\/2026\/02\/2026_05_26_infos-et-bulletin-dinscription-pour-la-Rando-departementale-1-1.pdf\" data-type=\"link\" data-id=\"https:\/\/grs-chauffailles.com\/wp-content\/uploads\/2026\/02\/2026_05_26_infos-et-bulletin-dinscription-pour-la-Rando-departementale-.pdf\" target=\"_blank\" rel=\"noreferrer noopener nofollow\"><strong>informations et inscriptions<\/strong><\/a><\/p>\n\n\n\n<p class=\"has-medium-font-size\"><strong>Les inscriptions sont closes<\/strong><\/p>\n<\/div><\/div><\/div><div id=\"event-12036\" class=\"vsel-content agenda vsel-upcoming vsel-future\"><h4 class=\"vsel-meta-title\">S\u00e9jour \u00e0 Ol\u00e9ron<\/h4><div class=\"vsel-meta vsel-alignleft\" style=\"width:26%;\"><div class=\"vsel-meta-combine\"><div class=\"vsel-meta-date-icon vsel-meta-combined-date-icon\"><div class=\"vsel-start-icon\"><span class=\"vsel-day vsel-day-top\">6<\/span><span class=\"vsel-month\">Juin<\/span><span class=\"vsel-year\">2026<\/span><\/div><div class=\"vsel-end-icon\"><span class=\"vsel-day vsel-day-top\">13<\/span><span class=\"vsel-month\">Juin<\/span><span class=\"vsel-year\">2026<\/span><\/div><\/div><\/div><\/div><div class=\"vsel-info vsel-alignright\" style=\"width:70%;\"><figure class=\"vsel-image vsel-alignleft\" style=\"max-width:40%\"><img loading=\"lazy\" decoding=\"async\" width=\"1025\" height=\"683\" src=\"https:\/\/grs-chauffailles.com\/wp-content\/uploads\/2025\/11\/2026_06_-du_6-au-13_Oleron_-photo1-1.jpg\" class=\"vsel-image-img wp-post-image\" alt=\"2026_06_ du_6 au 13_Ol\u00e9ron_ photo1\" srcset=\"https:\/\/grs-chauffailles.com\/wp-content\/uploads\/2025\/11\/2026_06_-du_6-au-13_Oleron_-photo1-1.jpg 1025w, https:\/\/grs-chauffailles.com\/wp-content\/uploads\/2025\/11\/2026_06_-du_6-au-13_Oleron_-photo1-1-300x200.jpg 300w, https:\/\/grs-chauffailles.com\/wp-content\/uploads\/2025\/11\/2026_06_-du_6-au-13_Oleron_-photo1-1-768x512.jpg 768w\" sizes=\"auto, (max-width: 1025px) 100vw, 1025px\" \/><\/figure><div class=\"vsel-text\">\n<p class=\"has-medium-font-size\">S\u00e9jour \u00e0 <mark style=\"background-color:rgba(0, 0, 0, 0)\" class=\"has-inline-color has-luminous-vivid-orange-color\"><strong>Ol\u00e9ron du 6 au 13 juin 2026<\/strong><\/mark> au bord de l&rsquo;oc\u00e9an.<mark style=\"background-color:rgba(0, 0, 0, 0)\" class=\"has-inline-color has-vivid-green-cyan-color\">..<\/mark><\/p>\n\n\n\n<p><a href=\"https:\/\/grs-chauffailles.com\/index.php\/sejour-sur-lile-doleron-a-saint-trojan-les-bains-du-6-au-13-juin-2026\/\" rel=\"nofollow\">informations et inscriptions<\/a><\/p>\n\n\n\n<p class=\"has-medium-font-size\"><\/p>\n<\/div><\/div><\/div><div id=\"event-12905\" class=\"vsel-content agenda vsel-upcoming vsel-future\"><h4 class=\"vsel-meta-title\">Sortie \u00e0 Annecy<\/h4><div class=\"vsel-meta vsel-alignleft\" style=\"width:26%;\"><div class=\"vsel-meta-combine\"><div class=\"vsel-meta-date-icon vsel-meta-single-date-icon\"><div class=\"vsel-start-icon\"><span class=\"vsel-day vsel-day-top\">jeu 2<\/span><span class=\"vsel-month\">Juil<\/span><span class=\"vsel-year\">2026<\/span><\/div><\/div><\/div><\/div><div class=\"vsel-info vsel-alignright\" style=\"width:70%;\"><figure class=\"vsel-image vsel-alignleft\" style=\"max-width:40%\"><img loading=\"lazy\" decoding=\"async\" width=\"1024\" height=\"768\" src=\"https:\/\/grs-chauffailles.com\/wp-content\/uploads\/2026\/01\/2026_07_02-Annecy_1.jpg\" class=\"vsel-image-img wp-post-image\" alt=\"2026_07_02 Annecy_1\" srcset=\"https:\/\/grs-chauffailles.com\/wp-content\/uploads\/2026\/01\/2026_07_02-Annecy_1.jpg 1024w, https:\/\/grs-chauffailles.com\/wp-content\/uploads\/2026\/01\/2026_07_02-Annecy_1-300x225.jpg 300w, https:\/\/grs-chauffailles.com\/wp-content\/uploads\/2026\/01\/2026_07_02-Annecy_1-768x576.jpg 768w\" sizes=\"auto, (max-width: 1024px) 100vw, 1024px\" \/><\/figure><div class=\"vsel-text\">\n<p class=\"has-medium-font-size\">D\u00e9placement avec les &nbsp;Cars MICHEL puis <mark style=\"background-color:rgba(0, 0, 0, 0)\" class=\"has-inline-color has-luminous-vivid-orange-color\"><strong>restaurant<\/strong><\/mark>, <mark style=\"background-color:rgba(0, 0, 0, 0)\" class=\"has-inline-color has-luminous-vivid-orange-color\"><strong>promenade en bateau<\/strong><\/mark> sur le lac.<\/p>\n\n\n\n<p class=\"has-medium-font-size\"><strong><mark style=\"background-color:rgba(0, 0, 0, 0)\" class=\"has-inline-color has-vivid-green-cyan-color\"><a href=\"https:\/\/grs-chauffailles.com\/wp-content\/uploads\/2026\/03\/2026_07_02_-Annecy-Infos-et-bulletin-dinscription.pdf\">informations et inscriptions<\/a><\/mark><\/strong><\/p>\n\n\n\n<p class=\"has-medium-font-size\"><br><strong>date limite pour les inscriptions le 15 juin 2026<\/strong><\/p>\n\n\n\n<p><\/p>\n<\/div><\/div><\/div><div class=\"vsel-nav\"><\/div><\/div>","protected":false},"excerpt":{"rendered":"","protected":false},"author":1,"featured_media":0,"parent":0,"menu_order":0,"comment_status":"closed","ping_status":"closed","template":"","meta":{"footnotes":""},"class_list":["post-5697","page","type-page","status-publish","hentry"],"_links":{"self":[{"href":"https:\/\/grs-chauffailles.com\/index.php\/wp-json\/wp\/v2\/pages\/5697","targetHints":{"allow":["GET"]}}],"collection":[{"href":"https:\/\/grs-chauffailles.com\/index.php\/wp-json\/wp\/v2\/pages"}],"about":[{"href":"https:\/\/grs-chauffailles.com\/index.php\/wp-json\/wp\/v2\/types\/page"}],"author":[{"embeddable":true,"href":"https:\/\/grs-chauffailles.com\/index.php\/wp-json\/wp\/v2\/users\/1"}],"replies":[{"embeddable":true,"href":"https:\/\/grs-chauffailles.com\/index.php\/wp-json\/wp\/v2\/comments?post=5697"}],"version-history":[{"count":0,"href":"https:\/\/grs-chauffailles.com\/index.php\/wp-json\/wp\/v2\/pages\/5697\/revisions"}],"wp:attachment":[{"href":"https:\/\/grs-chauffailles.com\/index.php\/wp-json\/wp\/v2\/media?parent=5697"}],"curies":[{"name":"wp","href":"https:\/\/api.w.org\/{rel}","templated":true}]}}