{"id":7964,"date":"2025-02-07T14:06:23","date_gmt":"2025-02-07T13:06:23","guid":{"rendered":"https:\/\/grs-chauffailles.com\/?page_id=7964"},"modified":"2026-01-30T14:42:01","modified_gmt":"2026-01-30T13:42:01","slug":"vitalnews","status":"publish","type":"page","link":"https:\/\/grs-chauffailles.com\/index.php\/vitalnews\/","title":{"rendered":"Vital&rsquo;News"},"content":{"rendered":"<div class=\"wp-block-image\">\n<figure class=\"aligncenter size-full\"><img loading=\"lazy\" decoding=\"async\" width=\"600\" height=\"157\" src=\"https:\/\/grs-chauffailles.com\/wp-content\/uploads\/2024\/10\/vital_news.png\" alt=\"\" class=\"wp-image-5465\" srcset=\"https:\/\/grs-chauffailles.com\/wp-content\/uploads\/2024\/10\/vital_news.png 600w, https:\/\/grs-chauffailles.com\/wp-content\/uploads\/2024\/10\/vital_news-300x79.png 300w\" sizes=\"auto, (max-width: 600px) 100vw, 600px\" \/><\/figure>\n<\/div>\n\n\n<div style=\"height:50px\" aria-hidden=\"true\" class=\"wp-block-spacer\"><\/div>\n\n\n\n<div class=\"wp-block-media-text is-stacked-on-mobile\" style=\"grid-template-columns:15% auto\"><figure class=\"wp-block-media-text__media\"><a href=\"https:\/\/www.ffrs-retraite-sportive.org\/HOMMAGE-A-CLAUDINE-WAGNER_a1728.html?preview=1\" target=\"_blank\" rel=\" noreferrer noopener\"><img loading=\"lazy\" decoding=\"async\" width=\"150\" height=\"202\" src=\"https:\/\/grs-chauffailles.com\/wp-content\/uploads\/2026\/01\/claudine.jpg\" alt=\"\" class=\"wp-image-13136 size-full\"\/><\/a><\/figure><div class=\"wp-block-media-text__content\">\n<p>Janvier 2026<\/p>\n\n\n\n<p><a href=\"https:\/\/www.ffrs-retraite-sportive.org\/HOMMAGE-A-CLAUDINE-WAGNER_a1728.html?preview=1\">Hommage \u00e0 Claudine WAGNER<\/a><\/p>\n<\/div><\/div>\n\n\n\n<div style=\"height:30px\" aria-hidden=\"true\" class=\"wp-block-spacer\"><\/div>\n\n\n\n<div class=\"wp-block-media-text has-media-on-the-right is-stacked-on-mobile\"><div class=\"wp-block-media-text__content\">\n<p>Septembre 2024<\/p>\n\n\n\n<p><a href=\"https:\/\/www.ffrs-retraite-sportive.org\/UN-AN-DE-VAE-A-CHAUFFAILLES_a1506.html?preview=1\" target=\"_blank\" rel=\"noreferrer noopener nofollow\">Un an de VAE \u00e0 CHAUFFAILLES<\/a><\/p>\n<\/div><figure class=\"wp-block-media-text__media\"><a href=\"https:\/\/www.ffrs-retraite-sportive.org\/UN-AN-DE-VAE-A-CHAUFFAILLES_a1506.html?preview=1\" target=\"_blank\" rel=\" noreferrer noopener\"><img loading=\"lazy\" decoding=\"async\" width=\"849\" height=\"480\" src=\"https:\/\/grs-chauffailles.com\/wp-content\/uploads\/2024\/11\/vae_vital_news_vae_01.jpg\" alt=\"\" class=\"wp-image-6301 size-full\" srcset=\"https:\/\/grs-chauffailles.com\/wp-content\/uploads\/2024\/11\/vae_vital_news_vae_01.jpg 849w, https:\/\/grs-chauffailles.com\/wp-content\/uploads\/2024\/11\/vae_vital_news_vae_01-300x170.jpg 300w, https:\/\/grs-chauffailles.com\/wp-content\/uploads\/2024\/11\/vae_vital_news_vae_01-768x434.jpg 768w\" sizes=\"auto, (max-width: 849px) 100vw, 849px\" \/><\/a><\/figure><\/div>\n\n\n\n<div style=\"height:30px\" aria-hidden=\"true\" class=\"wp-block-spacer\"><\/div>\n\n\n\n<div class=\"wp-block-media-text is-stacked-on-mobile\"><figure class=\"wp-block-media-text__media\"><a href=\"https:\/\/www.ffrs-retraite-sportive.org\/RENCONTRE-DE-PICKLEBALL-A-CHAUFAILLES_a1487.html\" target=\"_blank\" rel=\" noreferrer noopener\"><img loading=\"lazy\" decoding=\"async\" width=\"1024\" height=\"461\" src=\"https:\/\/grs-chauffailles.com\/wp-content\/uploads\/2024\/11\/vital_news_pickle_ball_01.jpg\" alt=\"\" class=\"wp-image-6302 size-full\" srcset=\"https:\/\/grs-chauffailles.com\/wp-content\/uploads\/2024\/11\/vital_news_pickle_ball_01.jpg 1024w, https:\/\/grs-chauffailles.com\/wp-content\/uploads\/2024\/11\/vital_news_pickle_ball_01-300x135.jpg 300w, https:\/\/grs-chauffailles.com\/wp-content\/uploads\/2024\/11\/vital_news_pickle_ball_01-768x346.jpg 768w\" sizes=\"auto, (max-width: 1024px) 100vw, 1024px\" \/><\/a><\/figure><div class=\"wp-block-media-text__content\">\n<p>28 juin 2024<\/p>\n\n\n\n<p><a href=\"https:\/\/www.ffrs-retraite-sportive.org\/RENCONTRE-DE-PICKLEBALL-A-CHAUFAILLES_a1487.html\" target=\"_blank\" rel=\"noreferrer noopener nofollow\">Rencontre de Pickleball \u00e0 CHAUFAILLES<\/a><\/p>\n<\/div><\/div>\n","protected":false},"excerpt":{"rendered":"<p>Janvier 2026 Hommage \u00e0 Claudine WAGNER Septembre 2024 Un an de VAE \u00e0 CHAUFFAILLES 28 juin 2024 Rencontre de Pickleball \u00e0 CHAUFAILLES<\/p>\n","protected":false},"author":1,"featured_media":0,"parent":0,"menu_order":0,"comment_status":"closed","ping_status":"closed","template":"","meta":{"footnotes":""},"class_list":["post-7964","page","type-page","status-publish","hentry"],"_links":{"self":[{"href":"https:\/\/grs-chauffailles.com\/index.php\/wp-json\/wp\/v2\/pages\/7964","targetHints":{"allow":["GET"]}}],"collection":[{"href":"https:\/\/grs-chauffailles.com\/index.php\/wp-json\/wp\/v2\/pages"}],"about":[{"href":"https:\/\/grs-chauffailles.com\/index.php\/wp-json\/wp\/v2\/types\/page"}],"author":[{"embeddable":true,"href":"https:\/\/grs-chauffailles.com\/index.php\/wp-json\/wp\/v2\/users\/1"}],"replies":[{"embeddable":true,"href":"https:\/\/grs-chauffailles.com\/index.php\/wp-json\/wp\/v2\/comments?post=7964"}],"version-history":[{"count":5,"href":"https:\/\/grs-chauffailles.com\/index.php\/wp-json\/wp\/v2\/pages\/7964\/revisions"}],"predecessor-version":[{"id":13147,"href":"https:\/\/grs-chauffailles.com\/index.php\/wp-json\/wp\/v2\/pages\/7964\/revisions\/13147"}],"wp:attachment":[{"href":"https:\/\/grs-chauffailles.com\/index.php\/wp-json\/wp\/v2\/media?parent=7964"}],"curies":[{"name":"wp","href":"https:\/\/api.w.org\/{rel}","templated":true}]}}