{"id":7973,"date":"2025-02-07T14:26:34","date_gmt":"2025-02-07T13:26:34","guid":{"rendered":"https:\/\/grs-chauffailles.com\/?page_id=7973"},"modified":"2025-05-08T18:51:12","modified_gmt":"2025-05-08T16:51:12","slug":"brionnais_tv","status":"publish","type":"page","link":"https:\/\/grs-chauffailles.com\/index.php\/brionnais_tv\/","title":{"rendered":"Brionnais TV"},"content":{"rendered":"<div class=\"wp-block-image\">\n<figure class=\"aligncenter size-large is-resized\"><img loading=\"lazy\" decoding=\"async\" width=\"1024\" height=\"341\" src=\"https:\/\/grs-chauffailles.com\/wp-content\/uploads\/2025\/02\/brionnais_tv-1024x341.jpg\" alt=\"\" class=\"wp-image-7975\" style=\"width:600px\" srcset=\"https:\/\/grs-chauffailles.com\/wp-content\/uploads\/2025\/02\/brionnais_tv-1024x341.jpg 1024w, https:\/\/grs-chauffailles.com\/wp-content\/uploads\/2025\/02\/brionnais_tv-300x100.jpg 300w, https:\/\/grs-chauffailles.com\/wp-content\/uploads\/2025\/02\/brionnais_tv-768x256.jpg 768w, https:\/\/grs-chauffailles.com\/wp-content\/uploads\/2025\/02\/brionnais_tv.jpg 1200w\" sizes=\"auto, (max-width: 1024px) 100vw, 1024px\" \/><\/figure>\n<\/div>\n\n\n<div style=\"height:50px\" aria-hidden=\"true\" class=\"wp-block-spacer\"><\/div>\n\n\n\n<div class=\"wp-block-media-text is-stacked-on-mobile\"><figure class=\"wp-block-media-text__media\"><a href=\"https:\/\/brionnais.tv\/index.php\/video\/2482\/mag-7-mai-2025-herv%C3%A9-vallin-et-fran%C3%A7ois-soriano-grs-tir-%C3%A0-l-arc-chauffailles\/#\" target=\"_blank\" rel=\" noreferrer noopener\"><img loading=\"lazy\" decoding=\"async\" width=\"350\" height=\"197\" src=\"https:\/\/grs-chauffailles.com\/wp-content\/uploads\/2025\/05\/2025_05_07_brionnais_tv.jpg\" alt=\"\" class=\"wp-image-9779 size-full\" srcset=\"https:\/\/grs-chauffailles.com\/wp-content\/uploads\/2025\/05\/2025_05_07_brionnais_tv.jpg 350w, https:\/\/grs-chauffailles.com\/wp-content\/uploads\/2025\/05\/2025_05_07_brionnais_tv-300x169.jpg 300w\" sizes=\"auto, (max-width: 350px) 100vw, 350px\" \/><\/a><\/figure><div class=\"wp-block-media-text__content\">\n<p><a href=\"https:\/\/brionnais.tv\/index.php\/video\/2482\/mag-7-mai-2025-herv%C3%A9-vallin-et-fran%C3%A7ois-soriano-grs-tir-%C3%A0-l-arc-chauffailles\/#\" target=\"_blank\" rel=\"noreferrer noopener nofollow\">Magazine du 07 mai 2025<\/a>.<\/p>\n\n\n\n<p>Fran\u00e7ois Soriano et Herv\u00e9 Vallin (Un point sur le GRS &#8211; Site Internet &#8211; Tir \u00e0 l&rsquo;arc)<\/p>\n<\/div><\/div>\n\n\n\n<div style=\"height:30px\" aria-hidden=\"true\" class=\"wp-block-spacer\"><\/div>\n\n\n\n<div class=\"wp-block-media-text is-stacked-on-mobile\"><figure class=\"wp-block-media-text__media\"><a href=\"https:\/\/brionnais.tv\/index.php\/video\/2348\/mag-21-janvier-2025-fran%C3%A7ois-soriano-et-jean-marc-collet-grs-chauffailles-th%C3%A9-dansant\/#\" target=\"_blank\" rel=\" noreferrer noopener\"><img loading=\"lazy\" decoding=\"async\" width=\"350\" height=\"197\" src=\"https:\/\/grs-chauffailles.com\/wp-content\/uploads\/2025\/02\/2025_01_21_brionnais_tv.jpg\" alt=\"\" class=\"wp-image-7985 size-full\" srcset=\"https:\/\/grs-chauffailles.com\/wp-content\/uploads\/2025\/02\/2025_01_21_brionnais_tv.jpg 350w, https:\/\/grs-chauffailles.com\/wp-content\/uploads\/2025\/02\/2025_01_21_brionnais_tv-300x169.jpg 300w\" sizes=\"auto, (max-width: 350px) 100vw, 350px\" \/><\/a><\/figure><div class=\"wp-block-media-text__content\">\n<p><a href=\"https:\/\/brionnais.tv\/index.php\/video\/2348\/mag-21-janvier-2025-fran%C3%A7ois-soriano-et-jean-marc-collet-grs-chauffailles-th%C3%A9-dansant\/#\" target=\"_blank\" rel=\"noreferrer noopener nofollow\">Magazine du 21 janvier 2025<\/a>.<\/p>\n\n\n\n<p>Fran\u00e7ois Soriano et Jean-Marc Collet (GRS Chauffailles &#8211; Th\u00e9 dansant)<\/p>\n<\/div><\/div>\n\n\n\n<div style=\"height:30px\" aria-hidden=\"true\" class=\"wp-block-spacer\"><\/div>\n\n\n\n<div class=\"wp-block-media-text is-stacked-on-mobile\"><figure class=\"wp-block-media-text__media\"><a href=\"https:\/\/brionnais.tv\/index.php\/video\/1513\/23-mai-2023-8-heures-de-tir-%C3%A0-l-arc-grs-chauffailles\/#\" target=\"_blank\" rel=\" noreferrer noopener\"><img loading=\"lazy\" decoding=\"async\" width=\"350\" height=\"197\" src=\"https:\/\/grs-chauffailles.com\/wp-content\/uploads\/2025\/02\/2023_05_23_brionnais_tv.jpg\" alt=\"\" class=\"wp-image-7986 size-full\" srcset=\"https:\/\/grs-chauffailles.com\/wp-content\/uploads\/2025\/02\/2023_05_23_brionnais_tv.jpg 350w, https:\/\/grs-chauffailles.com\/wp-content\/uploads\/2025\/02\/2023_05_23_brionnais_tv-300x169.jpg 300w\" sizes=\"auto, (max-width: 350px) 100vw, 350px\" \/><\/a><\/figure><div class=\"wp-block-media-text__content\">\n<p><a href=\"https:\/\/brionnais.tv\/index.php\/video\/1513\/23-mai-2023-8-heures-de-tir-%C3%A0-l-arc-grs-chauffailles\/#\" target=\"_blank\" rel=\"noreferrer noopener nofollow\">Reportage du 23 mai 2023<\/a>.<\/p>\n\n\n\n<p>8 heures de tir \u00e0 l&rsquo;arc (GRS Chauffailles)<\/p>\n<\/div><\/div>\n\n\n\n<div style=\"height:30px\" aria-hidden=\"true\" class=\"wp-block-spacer\"><\/div>\n\n\n\n<div class=\"wp-block-media-text is-stacked-on-mobile\"><figure class=\"wp-block-media-text__media\"><a href=\"https:\/\/brionnais.tv\/index.php\/video\/1574\/mag-10-aout-2023-claude-pillet-grs-tir-%C3%A0-l-arc-chauffailles\/#\" target=\"_blank\" rel=\" noreferrer noopener\"><img decoding=\"async\" src=\"https:\/\/grs-chauffailles.com\/wp-content\/uploads\/2025\/02\/2023_05_04_brionnais_tv.jpg\" alt=\"\" class=\"wp-image-7983 size-full\"\/><\/a><\/figure><div class=\"wp-block-media-text__content\">\n<p><a href=\"https:\/\/brionnais.tv\/index.php\/video\/1574\/mag-10-aout-2023-claude-pillet-grs-tir-%C3%A0-l-arc-chauffailles\/#\" target=\"_blank\" rel=\"noreferrer noopener nofollow\">Magazine du 4 mai 2023<\/a>.<\/p>\n\n\n\n<p>Claude Pillet (GRS Tir \u00e0 l&rsquo;arc Chauffailles)<\/p>\n<\/div><\/div>\n\n\n\n<div style=\"height:30px\" aria-hidden=\"true\" class=\"wp-block-spacer\"><\/div>\n\n\n\n<div style=\"height:30px\" aria-hidden=\"true\" class=\"wp-block-spacer\"><\/div>\n","protected":false},"excerpt":{"rendered":"<p>Magazine du 07 mai 2025. Fran\u00e7ois Soriano et Herv\u00e9 Vallin (Un point sur le GRS &#8211; Site Internet &#8211; Tir \u00e0 l&rsquo;arc) Magazine du 21 janvier 2025. Fran\u00e7ois Soriano et Jean-Marc Collet (GRS Chauffailles&#46;&#46;&#46;<\/p>\n","protected":false},"author":1,"featured_media":0,"parent":0,"menu_order":0,"comment_status":"closed","ping_status":"closed","template":"","meta":{"footnotes":""},"class_list":["post-7973","page","type-page","status-publish","hentry"],"_links":{"self":[{"href":"https:\/\/grs-chauffailles.com\/index.php\/wp-json\/wp\/v2\/pages\/7973","targetHints":{"allow":["GET"]}}],"collection":[{"href":"https:\/\/grs-chauffailles.com\/index.php\/wp-json\/wp\/v2\/pages"}],"about":[{"href":"https:\/\/grs-chauffailles.com\/index.php\/wp-json\/wp\/v2\/types\/page"}],"author":[{"embeddable":true,"href":"https:\/\/grs-chauffailles.com\/index.php\/wp-json\/wp\/v2\/users\/1"}],"replies":[{"embeddable":true,"href":"https:\/\/grs-chauffailles.com\/index.php\/wp-json\/wp\/v2\/comments?post=7973"}],"version-history":[{"count":0,"href":"https:\/\/grs-chauffailles.com\/index.php\/wp-json\/wp\/v2\/pages\/7973\/revisions"}],"wp:attachment":[{"href":"https:\/\/grs-chauffailles.com\/index.php\/wp-json\/wp\/v2\/media?parent=7973"}],"curies":[{"name":"wp","href":"https:\/\/api.w.org\/{rel}","templated":true}]}}