{"id":8087,"date":"2025-02-10T09:31:15","date_gmt":"2025-02-10T08:31:15","guid":{"rendered":"https:\/\/grs-chauffailles.com\/?page_id=8087"},"modified":"2025-11-20T12:48:58","modified_gmt":"2025-11-20T11:48:58","slug":"country","status":"publish","type":"page","link":"https:\/\/grs-chauffailles.com\/index.php\/country\/","title":{"rendered":"Country"},"content":{"rendered":"\n<div class=\"wp-block-columns is-layout-flex wp-container-core-columns-is-layout-9d6595d7 wp-block-columns-is-layout-flex\">\n<div class=\"wp-block-column is-layout-flow wp-block-column-is-layout-flow\" style=\"flex-basis:20%\">\n<figure class=\"wp-block-gallery has-nested-images columns-default is-cropped wp-block-gallery-1 is-layout-flex wp-block-gallery-is-layout-flex\">\n<figure class=\"wp-block-image size-full\"><img loading=\"lazy\" decoding=\"async\" width=\"300\" height=\"300\" data-id=\"12254\" src=\"https:\/\/grs-chauffailles.com\/wp-content\/uploads\/2025\/11\/genevieve_coudun.jpg\" alt=\"\" class=\"wp-image-12254\" srcset=\"https:\/\/grs-chauffailles.com\/wp-content\/uploads\/2025\/11\/genevieve_coudun.jpg 300w, https:\/\/grs-chauffailles.com\/wp-content\/uploads\/2025\/11\/genevieve_coudun-150x150.jpg 150w, https:\/\/grs-chauffailles.com\/wp-content\/uploads\/2025\/11\/genevieve_coudun-80x80.jpg 80w\" sizes=\"auto, (max-width: 300px) 100vw, 300px\" \/><\/figure>\n<\/figure>\n<\/div>\n\n\n\n<div class=\"wp-block-column is-layout-flow wp-block-column-is-layout-flow\" style=\"flex-basis:30%\">\n<p>Genevi\u00e8ve COUDUN<br><strong><mark style=\"background-color:rgba(0, 0, 0, 0)\" class=\"has-inline-color has-luminous-vivid-orange-color\"><strong><mark style=\"background-color:rgba(0, 0, 0, 0)\" class=\"has-inline-color has-luminous-vivid-orange-color\">Coordinatrice Country<\/mark><\/strong><\/mark><\/strong><\/p>\n<\/div>\n\n\n\n<div class=\"wp-block-column is-layout-flow wp-block-column-is-layout-flow\" style=\"flex-basis:30%\">\n<p class=\"has-text-align-right\">Jean-Marc COLLET<br><strong><mark style=\"background-color:rgba(0, 0, 0, 0)\" class=\"has-inline-color has-luminous-vivid-orange-color\"><strong><mark style=\"background-color:rgba(0, 0, 0, 0)\" class=\"has-inline-color has-luminous-vivid-orange-color\">Coordinateur Country<\/mark><\/strong><\/mark><\/strong><\/p>\n\n\n\n<p class=\"has-text-align-right\"><a href=\"https:\/\/grs-chauffailles.com\/index.php\/contacter-le-grs\/?contact=country@grs-chauffailles.com\" rel=\"nofollow\">Envoyer un message<\/a><\/p>\n<\/div>\n\n\n\n<div class=\"wp-block-column is-layout-flow wp-block-column-is-layout-flow\" style=\"flex-basis:20%\">\n<figure class=\"wp-block-image size-full\"><img loading=\"lazy\" decoding=\"async\" width=\"500\" height=\"500\" src=\"https:\/\/grs-chauffailles.com\/wp-content\/uploads\/2024\/04\/jm_collet.jpg\" alt=\"\" class=\"wp-image-2337\" srcset=\"https:\/\/grs-chauffailles.com\/wp-content\/uploads\/2024\/04\/jm_collet.jpg 500w, https:\/\/grs-chauffailles.com\/wp-content\/uploads\/2024\/04\/jm_collet-300x300.jpg 300w, https:\/\/grs-chauffailles.com\/wp-content\/uploads\/2024\/04\/jm_collet-150x150.jpg 150w, https:\/\/grs-chauffailles.com\/wp-content\/uploads\/2024\/04\/jm_collet-80x80.jpg 80w, https:\/\/grs-chauffailles.com\/wp-content\/uploads\/2024\/04\/jm_collet-320x320.jpg 320w\" sizes=\"auto, (max-width: 500px) 100vw, 500px\" \/><\/figure>\n<\/div>\n<\/div>\n\n\n\n<hr class=\"wp-block-separator has-alpha-channel-opacity\"\/>\n\n\n\n<div class=\"wp-block-group is-vertical is-layout-flex wp-container-core-group-is-layout-8cf370e7 wp-block-group-is-layout-flex\">\n<p><br>Pr\u00e9parez votre m\u00e9moire, votre coordination et votre concentration : la synchronisation des diff\u00e9rentes figures de danse vous fera bouger tout en travaillant votre \u00e9quilibre, votre souplesse, votre souffle et votre sens du rythme !<\/p>\n\n\n\n<p><br>Cette activit\u00e9 demande un minimum d\u2019assiduit\u00e9 pour progresser et profiter pleinement du plaisir de danser ensemble.<\/p>\n\n\n\n<p><br>L\u2019apprentissage se fait en groupe : mieux vaut donc s\u2019inscrire d\u00e8s le d\u00e9but de la saison pour suivre le fil sans d\u00e9crocher.<\/p>\n\n\n\n<p><br>Le country est ouvert \u00e0 toutes et \u00e0 tous, dames comme messieurs, toujours dans une ambiance chaleureuse, motivante et r\u00e9solument conviviale !<\/p>\n<\/div>\n\n\n\n<hr class=\"wp-block-separator has-alpha-channel-opacity\"\/>\n\n\n\n<p class=\"has-luminous-vivid-orange-color has-text-color has-link-color wp-elements-e5c2a066e6bb008ff8a5019d114d6194\"><mark style=\"background-color:rgba(0, 0, 0, 0)\" class=\"has-inline-color has-luminous-vivid-orange-color\"><strong>LES HORAIRES :<\/strong><\/mark><\/p>\n\n\n\n<ul class=\"wp-block-list has-luminous-vivid-orange-color has-text-color has-link-color wp-elements-56f5d209203ac1eac2b0e3c3bb308dc6\">\n<li><mark style=\"background-color:rgba(0, 0, 0, 0)\" class=\"has-inline-color has-luminous-vivid-orange-color\"><strong>le mardi de 16 h 30 \u00e0 18 h 30<\/strong><\/mark>,<\/li>\n\n\n\n<li><strong>le jeudi de 16 h 30 \u00e0 18 h 30<\/strong>.<\/li>\n<\/ul>\n\n\n\n<div class=\"wp-block-columns is-not-stacked-on-mobile is-layout-flex wp-container-core-columns-is-layout-9d6595d7 wp-block-columns-is-layout-flex\">\n<div class=\"wp-block-column is-vertically-aligned-center is-layout-flow wp-block-column-is-layout-flow\">\n<p><mark style=\"background-color:rgba(0, 0, 0, 0)\" class=\"has-inline-color has-luminous-vivid-orange-color\"><mark style=\"background-color:rgba(0, 0, 0, 0)\" class=\"has-inline-color has-luminous-vivid-orange-color\"><strong>LE LIEU : salle de la Caille \u00e0 CHAUFFAILLES.<\/strong><\/mark><\/mark><\/p>\n<\/div>\n\n\n\n<div class=\"wp-block-column is-vertically-aligned-center is-layout-flow wp-block-column-is-layout-flow\">\n<figure data-wp-context=\"{&quot;imageId&quot;:&quot;69da426e221e8&quot;}\" data-wp-interactive=\"core\/image\" data-wp-key=\"69da426e221e8\" class=\"wp-block-image size-full wp-lightbox-container\"><img loading=\"lazy\" decoding=\"async\" width=\"800\" height=\"600\" data-wp-class--hide=\"state.isContentHidden\" data-wp-class--show=\"state.isContentVisible\" data-wp-init=\"callbacks.setButtonStyles\" data-wp-on--click=\"actions.showLightbox\" data-wp-on--load=\"callbacks.setButtonStyles\" data-wp-on-window--resize=\"callbacks.setButtonStyles\" src=\"https:\/\/grs-chauffailles.com\/wp-content\/uploads\/2024\/04\/salle-de-la-caille.jpg\" alt=\"\" class=\"wp-image-3039\" srcset=\"https:\/\/grs-chauffailles.com\/wp-content\/uploads\/2024\/04\/salle-de-la-caille.jpg 800w, https:\/\/grs-chauffailles.com\/wp-content\/uploads\/2024\/04\/salle-de-la-caille-300x225.jpg 300w, https:\/\/grs-chauffailles.com\/wp-content\/uploads\/2024\/04\/salle-de-la-caille-768x576.jpg 768w\" sizes=\"auto, (max-width: 800px) 100vw, 800px\" \/><button\n\t\t\tclass=\"lightbox-trigger\"\n\t\t\ttype=\"button\"\n\t\t\taria-haspopup=\"dialog\"\n\t\t\taria-label=\"Agrandir\"\n\t\t\tdata-wp-init=\"callbacks.initTriggerButton\"\n\t\t\tdata-wp-on--click=\"actions.showLightbox\"\n\t\t\tdata-wp-style--right=\"state.imageButtonRight\"\n\t\t\tdata-wp-style--top=\"state.imageButtonTop\"\n\t\t>\n\t\t\t<svg xmlns=\"http:\/\/www.w3.org\/2000\/svg\" width=\"12\" height=\"12\" fill=\"none\" viewBox=\"0 0 12 12\">\n\t\t\t\t<path fill=\"#fff\" d=\"M2 0a2 2 0 0 0-2 2v2h1.5V2a.5.5 0 0 1 .5-.5h2V0H2Zm2 10.5H2a.5.5 0 0 1-.5-.5V8H0v2a2 2 0 0 0 2 2h2v-1.5ZM8 12v-1.5h2a.5.5 0 0 0 .5-.5V8H12v2a2 2 0 0 1-2 2H8Zm2-12a2 2 0 0 1 2 2v2h-1.5V2a.5.5 0 0 0-.5-.5H8V0h2Z\" \/>\n\t\t\t<\/svg>\n\t\t<\/button><\/figure>\n<\/div>\n\n\n\n<div class=\"wp-block-column is-vertically-aligned-center is-layout-flow wp-block-column-is-layout-flow\">\n<iframe src=\"https:\/\/www.google.com\/maps\/embed?pb=!1m14!1m8!1m3!1d1790.3377885281946!2d4.336958869255137!3d46.20890039031655!3m2!1i1024!2i768!4f13.1!3m3!1m2!1s0x47f38c03e5406eeb%3A0x5c0f02918898cfb5!2s2%20Rue%20de%20la%20Caille%2C%2071170%20Chauffailles!5e0!3m2!1sfr!2sfr!4v1714108631055!5m2!1sfr!2sfr\" width=\"100%\" height=\"auto\" style=\"border:0;\" allowfullscreen=\"\" loading=\"lazy\" referrerpolicy=\"no-referrer-when-downgrade\"><\/iframe>\n<\/div>\n<\/div>\n\n\n\n<hr class=\"wp-block-separator has-alpha-channel-opacity\"\/>\n\n\n\n<figure class=\"wp-block-gallery has-nested-images columns-default is-cropped wp-block-gallery-2 is-layout-flex wp-block-gallery-is-layout-flex\">\n<figure data-wp-context=\"{&quot;imageId&quot;:&quot;69da426e226d7&quot;}\" data-wp-interactive=\"core\/image\" data-wp-key=\"69da426e226d7\" class=\"wp-block-image size-large wp-lightbox-container\"><img loading=\"lazy\" decoding=\"async\" width=\"1002\" height=\"1024\" data-wp-class--hide=\"state.isContentHidden\" data-wp-class--show=\"state.isContentVisible\" data-wp-init=\"callbacks.setButtonStyles\" data-wp-on--click=\"actions.showLightbox\" data-wp-on--load=\"callbacks.setButtonStyles\" data-wp-on-window--resize=\"callbacks.setButtonStyles\" data-id=\"7841\" src=\"https:\/\/grs-chauffailles.com\/wp-content\/uploads\/2025\/01\/2025_01_25_country_06-1002x1024.jpg\" alt=\"\" class=\"wp-image-7841\" srcset=\"https:\/\/grs-chauffailles.com\/wp-content\/uploads\/2025\/01\/2025_01_25_country_06-1002x1024.jpg 1002w, https:\/\/grs-chauffailles.com\/wp-content\/uploads\/2025\/01\/2025_01_25_country_06-293x300.jpg 293w, https:\/\/grs-chauffailles.com\/wp-content\/uploads\/2025\/01\/2025_01_25_country_06-768x785.jpg 768w, https:\/\/grs-chauffailles.com\/wp-content\/uploads\/2025\/01\/2025_01_25_country_06.jpg 1024w\" sizes=\"auto, (max-width: 1002px) 100vw, 1002px\" \/><button\n\t\t\tclass=\"lightbox-trigger\"\n\t\t\ttype=\"button\"\n\t\t\taria-haspopup=\"dialog\"\n\t\t\taria-label=\"Agrandir\"\n\t\t\tdata-wp-init=\"callbacks.initTriggerButton\"\n\t\t\tdata-wp-on--click=\"actions.showLightbox\"\n\t\t\tdata-wp-style--right=\"state.imageButtonRight\"\n\t\t\tdata-wp-style--top=\"state.imageButtonTop\"\n\t\t>\n\t\t\t<svg xmlns=\"http:\/\/www.w3.org\/2000\/svg\" width=\"12\" height=\"12\" fill=\"none\" viewBox=\"0 0 12 12\">\n\t\t\t\t<path fill=\"#fff\" d=\"M2 0a2 2 0 0 0-2 2v2h1.5V2a.5.5 0 0 1 .5-.5h2V0H2Zm2 10.5H2a.5.5 0 0 1-.5-.5V8H0v2a2 2 0 0 0 2 2h2v-1.5ZM8 12v-1.5h2a.5.5 0 0 0 .5-.5V8H12v2a2 2 0 0 1-2 2H8Zm2-12a2 2 0 0 1 2 2v2h-1.5V2a.5.5 0 0 0-.5-.5H8V0h2Z\" \/>\n\t\t\t<\/svg>\n\t\t<\/button><\/figure>\n\n\n\n<figure data-wp-context=\"{&quot;imageId&quot;:&quot;69da426e22a4f&quot;}\" data-wp-interactive=\"core\/image\" data-wp-key=\"69da426e22a4f\" class=\"wp-block-image size-full wp-lightbox-container\"><img loading=\"lazy\" decoding=\"async\" width=\"1024\" height=\"768\" data-wp-class--hide=\"state.isContentHidden\" data-wp-class--show=\"state.isContentVisible\" data-wp-init=\"callbacks.setButtonStyles\" data-wp-on--click=\"actions.showLightbox\" data-wp-on--load=\"callbacks.setButtonStyles\" data-wp-on-window--resize=\"callbacks.setButtonStyles\" data-id=\"7599\" src=\"https:\/\/grs-chauffailles.com\/wp-content\/uploads\/2025\/01\/2024_01_16_la-galette_04.jpg\" alt=\"\" class=\"wp-image-7599\" srcset=\"https:\/\/grs-chauffailles.com\/wp-content\/uploads\/2025\/01\/2024_01_16_la-galette_04.jpg 1024w, https:\/\/grs-chauffailles.com\/wp-content\/uploads\/2025\/01\/2024_01_16_la-galette_04-300x225.jpg 300w, https:\/\/grs-chauffailles.com\/wp-content\/uploads\/2025\/01\/2024_01_16_la-galette_04-768x576.jpg 768w\" sizes=\"auto, (max-width: 1024px) 100vw, 1024px\" \/><button\n\t\t\tclass=\"lightbox-trigger\"\n\t\t\ttype=\"button\"\n\t\t\taria-haspopup=\"dialog\"\n\t\t\taria-label=\"Agrandir\"\n\t\t\tdata-wp-init=\"callbacks.initTriggerButton\"\n\t\t\tdata-wp-on--click=\"actions.showLightbox\"\n\t\t\tdata-wp-style--right=\"state.imageButtonRight\"\n\t\t\tdata-wp-style--top=\"state.imageButtonTop\"\n\t\t>\n\t\t\t<svg xmlns=\"http:\/\/www.w3.org\/2000\/svg\" width=\"12\" height=\"12\" fill=\"none\" viewBox=\"0 0 12 12\">\n\t\t\t\t<path fill=\"#fff\" d=\"M2 0a2 2 0 0 0-2 2v2h1.5V2a.5.5 0 0 1 .5-.5h2V0H2Zm2 10.5H2a.5.5 0 0 1-.5-.5V8H0v2a2 2 0 0 0 2 2h2v-1.5ZM8 12v-1.5h2a.5.5 0 0 0 .5-.5V8H12v2a2 2 0 0 1-2 2H8Zm2-12a2 2 0 0 1 2 2v2h-1.5V2a.5.5 0 0 0-.5-.5H8V0h2Z\" \/>\n\t\t\t<\/svg>\n\t\t<\/button><\/figure>\n\n\n\n<figure data-wp-context=\"{&quot;imageId&quot;:&quot;69da426e22da3&quot;}\" data-wp-interactive=\"core\/image\" data-wp-key=\"69da426e22da3\" class=\"wp-block-image size-full wp-lightbox-container\"><img loading=\"lazy\" decoding=\"async\" width=\"1024\" height=\"546\" data-wp-class--hide=\"state.isContentHidden\" data-wp-class--show=\"state.isContentVisible\" data-wp-init=\"callbacks.setButtonStyles\" data-wp-on--click=\"actions.showLightbox\" data-wp-on--load=\"callbacks.setButtonStyles\" data-wp-on-window--resize=\"callbacks.setButtonStyles\" data-id=\"7839\" src=\"https:\/\/grs-chauffailles.com\/wp-content\/uploads\/2025\/01\/2025_01_25_country_04.jpg\" alt=\"\" class=\"wp-image-7839\" srcset=\"https:\/\/grs-chauffailles.com\/wp-content\/uploads\/2025\/01\/2025_01_25_country_04.jpg 1024w, https:\/\/grs-chauffailles.com\/wp-content\/uploads\/2025\/01\/2025_01_25_country_04-300x160.jpg 300w, https:\/\/grs-chauffailles.com\/wp-content\/uploads\/2025\/01\/2025_01_25_country_04-768x410.jpg 768w\" sizes=\"auto, (max-width: 1024px) 100vw, 1024px\" \/><button\n\t\t\tclass=\"lightbox-trigger\"\n\t\t\ttype=\"button\"\n\t\t\taria-haspopup=\"dialog\"\n\t\t\taria-label=\"Agrandir\"\n\t\t\tdata-wp-init=\"callbacks.initTriggerButton\"\n\t\t\tdata-wp-on--click=\"actions.showLightbox\"\n\t\t\tdata-wp-style--right=\"state.imageButtonRight\"\n\t\t\tdata-wp-style--top=\"state.imageButtonTop\"\n\t\t>\n\t\t\t<svg xmlns=\"http:\/\/www.w3.org\/2000\/svg\" width=\"12\" height=\"12\" fill=\"none\" viewBox=\"0 0 12 12\">\n\t\t\t\t<path fill=\"#fff\" d=\"M2 0a2 2 0 0 0-2 2v2h1.5V2a.5.5 0 0 1 .5-.5h2V0H2Zm2 10.5H2a.5.5 0 0 1-.5-.5V8H0v2a2 2 0 0 0 2 2h2v-1.5ZM8 12v-1.5h2a.5.5 0 0 0 .5-.5V8H12v2a2 2 0 0 1-2 2H8Zm2-12a2 2 0 0 1 2 2v2h-1.5V2a.5.5 0 0 0-.5-.5H8V0h2Z\" \/>\n\t\t\t<\/svg>\n\t\t<\/button><\/figure>\n<\/figure>\n","protected":false},"excerpt":{"rendered":"<p>Genevi\u00e8ve COUDUNCoordinatrice Country Jean-Marc COLLETCoordinateur Country Envoyer un message Pr\u00e9parez votre m\u00e9moire, votre coordination et votre concentration : la synchronisation des diff\u00e9rentes figures de danse vous fera bouger tout en travaillant votre \u00e9quilibre, votre&#46;&#46;&#46;<\/p>\n","protected":false},"author":1,"featured_media":0,"parent":0,"menu_order":0,"comment_status":"closed","ping_status":"closed","template":"","meta":{"footnotes":""},"class_list":["post-8087","page","type-page","status-publish","hentry"],"_links":{"self":[{"href":"https:\/\/grs-chauffailles.com\/index.php\/wp-json\/wp\/v2\/pages\/8087","targetHints":{"allow":["GET"]}}],"collection":[{"href":"https:\/\/grs-chauffailles.com\/index.php\/wp-json\/wp\/v2\/pages"}],"about":[{"href":"https:\/\/grs-chauffailles.com\/index.php\/wp-json\/wp\/v2\/types\/page"}],"author":[{"embeddable":true,"href":"https:\/\/grs-chauffailles.com\/index.php\/wp-json\/wp\/v2\/users\/1"}],"replies":[{"embeddable":true,"href":"https:\/\/grs-chauffailles.com\/index.php\/wp-json\/wp\/v2\/comments?post=8087"}],"version-history":[{"count":0,"href":"https:\/\/grs-chauffailles.com\/index.php\/wp-json\/wp\/v2\/pages\/8087\/revisions"}],"wp:attachment":[{"href":"https:\/\/grs-chauffailles.com\/index.php\/wp-json\/wp\/v2\/media?parent=8087"}],"curies":[{"name":"wp","href":"https:\/\/api.w.org\/{rel}","templated":true}]}}